{"id":12553,"date":"2013-05-24T19:42:07","date_gmt":"2013-05-24T19:42:07","guid":{"rendered":"http:\/\/pegatera.com\/inici\/"},"modified":"2017-06-08T12:13:50","modified_gmt":"2017-06-08T11:13:50","slug":"inici","status":"publish","type":"page","link":"https:\/\/pegatera.com\/de\/","title":{"rendered":"Inici"},"content":{"rendered":"<p><div class=\"fusion-fullwidth fullwidth-box fusion-builder-row-1 nonhundred-percent-fullwidth non-hundred-percent-height-scrolling\" style=\"background-color: #ffffff;background-position: center center;background-repeat: no-repeat;padding-top:20px;padding-right:0px;padding-bottom:20px;padding-left:0px;margin-bottom: 0px;margin-top: 0px;border-width: 0px 0px 0px 0px;border-color:#eae9e9;border-style:solid;\" ><div class=\"fusion-builder-row fusion-row\"><div class=\"fusion-layout-column fusion_builder_column fusion-builder-column-0 fusion_builder_column_1_1 1_1 fusion-one-full fusion-column-first fusion-column-last\" style=\"margin-top:0px;margin-bottom:20px;\"><div class=\"fusion-column-wrapper fusion-flex-column-wrapper-legacy\" style=\"background-position:left top;background-repeat:no-repeat;-webkit-background-size:cover;-moz-background-size:cover;-o-background-size:cover;background-size:cover;padding: 0px 0px 0px 0px;\">\n<div class=\"fusion-slider-revolution rev_slider_wrapper\">\t\t\t<!-- START pegaterahome AL REVOLUTION SLIDER 6.5.7 --><p class=\"rs-p-wp-fix\"><\/p>\n\t\t\t<rs-module-wrap id=\"rev_slider_17_1_wrapper\" data-source=\"gallery\" style=\"visibility:hidden;background:#ffffff;padding:0;margin:0px auto;margin-top:0;margin-bottom:0;max-width:;\">\n\t\t\t\t<rs-module id=\"rev_slider_17_1\" style=\"\" data-version=\"6.5.7\">\n\t\t\t\t\t<rs-slides>\n\t\t\t\t\t\t<rs-slide style=\"position: absolute;\" data-key=\"rs-71\" data-title=\"Slide\" data-duration=\"12520\" data-in=\"o:0;\" data-out=\"a:false;\">\n\t\t\t\t\t\t\t<img decoding=\"async\" src=\"\/\/pegatera.com\/wp-content\/plugins\/revslider\/public\/assets\/assets\/dummy.png\" title=\"ESTIU General 4 fasana 1200x500_300\" width=\"1200\" height=\"500\" class=\"rev-slidebg tp-rs-img rs-lazyload\" data-lazyload=\"\/\/pegatera.com\/wp-content\/uploads\/2025\/04\/ESTIU-General-4-fasana-1200x500_300.jpg\" data-no-retina>\n<!--\n\t\t\t\t\t\t\t--><rs-layer\n\t\t\t\t\t\t\t\tid=\"slider-17-slide-71-layer-1\" \n\t\t\t\t\t\t\t\tdata-type=\"text\"\n\t\t\t\t\t\t\t\tdata-color=\"rgba(85,98,35,1)\"\n\t\t\t\t\t\t\t\tdata-rsp_ch=\"on\"\n\t\t\t\t\t\t\t\tdata-xy=\"x:c;xo:3px;y:354px;\"\n\t\t\t\t\t\t\t\tdata-text=\"s:28;l:22;a:center;\"\n\t\t\t\t\t\t\t\tdata-dim=\"w:962px;\"\n\t\t\t\t\t\t\t\tdata-padding=\"t:15;r:50;b:15;l:50;\"\n\t\t\t\t\t\t\t\tdata-frame_1=\"st:9.8959350585938;sp:290;sR:9.8959350585938;\"\n\t\t\t\t\t\t\t\tdata-frame_999=\"o:0;st:12519.965515137;sp:310;sR:12220.069580078;\"\n\t\t\t\t\t\t\t\tstyle=\"z-index:5;font-family:indie flower;background-color:rgba(233, 238, 217, 0.8);\"\n\t\t\t\t\t\t\t>Landhaus im \u00d6ko-Stil in ruhiger, <br>abgelegener Lage  mit Kapazi\u00e4t f\u00fcr 6 G\u00e4ste, Schwimmbad  \n\t\t\t\t\t\t\t<\/rs-layer><!--\n-->\t\t\t\t\t\t<\/rs-slide>\n\t\t\t\t\t<\/rs-slides>\n\t\t\t\t<\/rs-module>\n\t\t\t\t<script type=\"text\/javascript\">\n\t\t\t\t\tsetREVStartSize({c: 'rev_slider_17_1',rl:[1240,1024,778,480],el:[450],gw:[1100],gh:[450],type:'standard',justify:'',layout:'fullwidth',mh:\"0\"});if (window.RS_MODULES!==undefined && window.RS_MODULES.modules!==undefined && window.RS_MODULES.modules[\"revslider171\"]!==undefined) {window.RS_MODULES.modules[\"revslider171\"].once = false;window.revapi17 = undefined;if (window.RS_MODULES.checkMinimal!==undefined) window.RS_MODULES.checkMinimal()}\n\t\t\t\t<\/script>\n\t\t\t<\/rs-module-wrap>\n\t\t\t<!-- END REVOLUTION SLIDER -->\n<\/div><div class=\"fusion-clearfix\"><\/div><\/div><\/div><\/div><\/div><div class=\"fusion-fullwidth fullwidth-box fusion-builder-row-2 nonhundred-percent-fullwidth non-hundred-percent-height-scrolling\" style=\"background-color: #ffffff;background-position: left top;background-repeat: no-repeat;padding-top:0px;padding-right:0px;padding-bottom:0px;padding-left:0px;margin-bottom: 0px;margin-top: 0px;border-width: 0px 0px 0px 0px;border-color:#eae9e9;border-style:solid;\" ><div class=\"fusion-builder-row fusion-row\"><div class=\"fusion-layout-column fusion_builder_column fusion-builder-column-1 fusion_builder_column_1_1 1_1 fusion-one-full fusion-column-first fusion-column-last fusion-column-no-min-height\" style=\"margin-top:0px;margin-bottom:0px;\"><div class=\"fusion-column-wrapper fusion-flex-column-wrapper-legacy\" style=\"background-position:left top;background-repeat:no-repeat;-webkit-background-size:cover;-moz-background-size:cover;-o-background-size:cover;background-size:cover;padding: 0px 0px 0px 0px;\"><div class=\"fusion-text fusion-text-1\"><p style=\"text-align: center; margin-top: -10px; color: #556223; font-size: 22px;\">Landstrasse L-511, Umleitung Gavarra, 1. ungepflasterter Weg rechts &#8211; Coll de Narg\u00f3 25793 &#8211;\u00a0Spanien<\/p>\n<\/div><div class=\"fusion-clearfix\"><\/div><\/div><\/div><\/div><\/div><\/p>\n","protected":false},"excerpt":{"rendered":"","protected":false},"author":1,"featured_media":0,"parent":0,"menu_order":0,"comment_status":"open","ping_status":"closed","template":"","meta":{"footnotes":""},"yoast_head":"<!-- This site is optimized with the Yoast SEO plugin v21.6 - https:\/\/yoast.com\/wordpress\/plugins\/seo\/ -->\n<title>Casa a\u00efllada, turisme rural Alt Urgell, Coll de Narg\u00f3, Pirineu, Lleida. Boumort<\/title>\n<meta name=\"description\" content=\"Casa de turisme rural per a 7 persones. Al mig del bosc totalment ecol\u00f2gica i autosuficient. Bosc fins a on arriba la vista. Acceptem mascotes.\" \/>\n<meta name=\"robots\" content=\"index, follow, max-snippet:-1, max-image-preview:large, max-video-preview:-1\" \/>\n<link rel=\"canonical\" href=\"https:\/\/pegatera.com\/\" \/>\n<meta property=\"og:locale\" content=\"de_DE\" \/>\n<meta property=\"og:type\" content=\"article\" \/>\n<meta property=\"og:title\" content=\"Casa a\u00efllada, turisme rural Alt Urgell, Coll de Narg\u00f3, Pirineu, Lleida. Boumort\" \/>\n<meta property=\"og:description\" content=\"Casa de turisme rural per a 7 persones. Al mig del bosc totalment ecol\u00f2gica i autosuficient. Bosc fins a on arriba la vista. Acceptem mascotes.\" \/>\n<meta property=\"og:url\" content=\"https:\/\/pegatera.com\/\" \/>\n<meta property=\"og:site_name\" content=\"La Pegatera - L\u00e4ndliches Tourismushaus\" \/>\n<meta property=\"article:publisher\" content=\"https:\/\/www.facebook.com\/La-Pegatera-324631606201\/\" \/>\n<meta property=\"article:modified_time\" content=\"2017-06-08T11:13:50+00:00\" \/>\n<meta name=\"twitter:card\" content=\"summary_large_image\" \/>\n<meta name=\"twitter:label1\" content=\"Gesch\u00e4tzte Lesezeit\" \/>\n\t<meta name=\"twitter:data1\" content=\"1\u00a0Minute\" \/>\n<script type=\"application\/ld+json\" class=\"yoast-schema-graph\">{\"@context\":\"https:\/\/schema.org\",\"@graph\":[{\"@type\":\"WebPage\",\"@id\":\"https:\/\/pegatera.com\/\",\"url\":\"https:\/\/pegatera.com\/\",\"name\":\"Casa a\u00efllada, turisme rural Alt Urgell, Coll de Narg\u00f3, Pirineu, Lleida. Boumort\",\"isPartOf\":{\"@id\":\"https:\/\/pegatera.com\/#website\"},\"datePublished\":\"2013-05-24T19:42:07+00:00\",\"dateModified\":\"2017-06-08T11:13:50+00:00\",\"description\":\"Casa de turisme rural per a 7 persones. Al mig del bosc totalment ecol\u00f2gica i autosuficient. Bosc fins a on arriba la vista. Acceptem mascotes.\",\"breadcrumb\":{\"@id\":\"https:\/\/pegatera.com\/#breadcrumb\"},\"inLanguage\":\"de\",\"potentialAction\":[{\"@type\":\"ReadAction\",\"target\":[\"https:\/\/pegatera.com\/\"]}]},{\"@type\":\"BreadcrumbList\",\"@id\":\"https:\/\/pegatera.com\/#breadcrumb\",\"itemListElement\":[{\"@type\":\"ListItem\",\"position\":1,\"name\":\"Home\",\"item\":\"https:\/\/pegatera.com\/\"},{\"@type\":\"ListItem\",\"position\":2,\"name\":\"Inici\"}]},{\"@type\":\"WebSite\",\"@id\":\"https:\/\/pegatera.com\/#website\",\"url\":\"https:\/\/pegatera.com\/\",\"name\":\"La Pegatera - L\u00e4ndliches Tourismushaus\",\"description\":\"Einfamilienhaus, l\u00e4ndlicher Tourismus Alt Urgell, Coll de Narg\u00f3, Pyren\u00e4en, Lleida. Boumort.\",\"potentialAction\":[{\"@type\":\"SearchAction\",\"target\":{\"@type\":\"EntryPoint\",\"urlTemplate\":\"https:\/\/pegatera.com\/?s={search_term_string}\"},\"query-input\":\"required name=search_term_string\"}],\"inLanguage\":\"de\"}]}<\/script>\n<!-- \/ Yoast SEO plugin. -->","yoast_head_json":{"title":"Casa a\u00efllada, turisme rural Alt Urgell, Coll de Narg\u00f3, Pirineu, Lleida. Boumort","description":"Casa de turisme rural per a 7 persones. Al mig del bosc totalment ecol\u00f2gica i autosuficient. Bosc fins a on arriba la vista. Acceptem mascotes.","robots":{"index":"index","follow":"follow","max-snippet":"max-snippet:-1","max-image-preview":"max-image-preview:large","max-video-preview":"max-video-preview:-1"},"canonical":"https:\/\/pegatera.com\/","og_locale":"de_DE","og_type":"article","og_title":"Casa a\u00efllada, turisme rural Alt Urgell, Coll de Narg\u00f3, Pirineu, Lleida. Boumort","og_description":"Casa de turisme rural per a 7 persones. Al mig del bosc totalment ecol\u00f2gica i autosuficient. Bosc fins a on arriba la vista. Acceptem mascotes.","og_url":"https:\/\/pegatera.com\/","og_site_name":"La Pegatera - L\u00e4ndliches Tourismushaus","article_publisher":"https:\/\/www.facebook.com\/La-Pegatera-324631606201\/","article_modified_time":"2017-06-08T11:13:50+00:00","twitter_card":"summary_large_image","twitter_misc":{"Gesch\u00e4tzte Lesezeit":"1\u00a0Minute"},"schema":{"@context":"https:\/\/schema.org","@graph":[{"@type":"WebPage","@id":"https:\/\/pegatera.com\/","url":"https:\/\/pegatera.com\/","name":"Casa a\u00efllada, turisme rural Alt Urgell, Coll de Narg\u00f3, Pirineu, Lleida. Boumort","isPartOf":{"@id":"https:\/\/pegatera.com\/#website"},"datePublished":"2013-05-24T19:42:07+00:00","dateModified":"2017-06-08T11:13:50+00:00","description":"Casa de turisme rural per a 7 persones. Al mig del bosc totalment ecol\u00f2gica i autosuficient. Bosc fins a on arriba la vista. Acceptem mascotes.","breadcrumb":{"@id":"https:\/\/pegatera.com\/#breadcrumb"},"inLanguage":"de","potentialAction":[{"@type":"ReadAction","target":["https:\/\/pegatera.com\/"]}]},{"@type":"BreadcrumbList","@id":"https:\/\/pegatera.com\/#breadcrumb","itemListElement":[{"@type":"ListItem","position":1,"name":"Home","item":"https:\/\/pegatera.com\/"},{"@type":"ListItem","position":2,"name":"Inici"}]},{"@type":"WebSite","@id":"https:\/\/pegatera.com\/#website","url":"https:\/\/pegatera.com\/","name":"La Pegatera - L\u00e4ndliches Tourismushaus","description":"Einfamilienhaus, l\u00e4ndlicher Tourismus Alt Urgell, Coll de Narg\u00f3, Pyren\u00e4en, Lleida. Boumort.","potentialAction":[{"@type":"SearchAction","target":{"@type":"EntryPoint","urlTemplate":"https:\/\/pegatera.com\/?s={search_term_string}"},"query-input":"required name=search_term_string"}],"inLanguage":"de"}]}},"_links":{"self":[{"href":"https:\/\/pegatera.com\/de\/wp-json\/wp\/v2\/pages\/12553"}],"collection":[{"href":"https:\/\/pegatera.com\/de\/wp-json\/wp\/v2\/pages"}],"about":[{"href":"https:\/\/pegatera.com\/de\/wp-json\/wp\/v2\/types\/page"}],"author":[{"embeddable":true,"href":"https:\/\/pegatera.com\/de\/wp-json\/wp\/v2\/users\/1"}],"replies":[{"embeddable":true,"href":"https:\/\/pegatera.com\/de\/wp-json\/wp\/v2\/comments?post=12553"}],"version-history":[{"count":6,"href":"https:\/\/pegatera.com\/de\/wp-json\/wp\/v2\/pages\/12553\/revisions"}],"predecessor-version":[{"id":13975,"href":"https:\/\/pegatera.com\/de\/wp-json\/wp\/v2\/pages\/12553\/revisions\/13975"}],"wp:attachment":[{"href":"https:\/\/pegatera.com\/de\/wp-json\/wp\/v2\/media?parent=12553"}],"curies":[{"name":"wp","href":"https:\/\/api.w.org\/{rel}","templated":true}]}}