{"id":13528,"date":"2017-04-03T08:21:41","date_gmt":"2017-04-03T07:21:41","guid":{"rendered":"http:\/\/pegatera.com\/lentorn\/"},"modified":"2020-05-30T17:18:26","modified_gmt":"2020-05-30T16:18:26","slug":"die-umgebung","status":"publish","type":"page","link":"https:\/\/pegatera.com\/de\/die-umgebung\/","title":{"rendered":"Die Umgebung"},"content":{"rendered":"<p><div class=\"fusion-fullwidth fullwidth-box fusion-builder-row-1 nonhundred-percent-fullwidth non-hundred-percent-height-scrolling\" style=\"background-color: #ffffff;background-position: center center;background-repeat: no-repeat;padding-top:0px;padding-right:0px;padding-bottom:0px;padding-left:0px;margin-bottom: 0px;margin-top: 0px;border-width: 0px 0px 0px 0px;border-color:#eae9e9;border-style:solid;\" ><div class=\"fusion-builder-row fusion-row\"><div class=\"fusion-layout-column fusion_builder_column fusion-builder-column-0 fusion_builder_column_1_1 1_1 fusion-one-full fusion-column-first fusion-column-last\" style=\"margin-top:0px;margin-bottom:20px;\"><div class=\"fusion-column-wrapper fusion-flex-column-wrapper-legacy\" style=\"background-position:left top;background-repeat:no-repeat;-webkit-background-size:cover;-moz-background-size:cover;-o-background-size:cover;background-size:cover;padding: 0px 0px 0px 0px;\">\n<div class=\"fusion-slider-revolution rev_slider_wrapper\">\t\t\t<!-- START pegateraentorn AL REVOLUTION SLIDER 6.5.7 --><p class=\"rs-p-wp-fix\"><\/p>\n\t\t\t<rs-module-wrap id=\"rev_slider_19_1_wrapper\" data-source=\"gallery\" style=\"visibility:hidden;background:#ffffff;padding:0;margin:0px auto;margin-top:0;margin-bottom:0;max-width:;\">\n\t\t\t\t<rs-module id=\"rev_slider_19_1\" style=\"\" data-version=\"6.5.7\">\n\t\t\t\t\t<rs-slides>\n\t\t\t\t\t\t<rs-slide style=\"position: absolute;\" data-key=\"rs-83\" data-title=\"Slide\" data-thumb=\"\/\/pegatera.com\/wp-content\/uploads\/2017\/05\/ENTORN-6-SENGLAR-75x75.png\" data-duration=\"3500\" data-anim=\"ms:600;\" data-in=\"o:0;\" data-out=\"a:false;\">\n\t\t\t\t\t\t\t<img decoding=\"async\" src=\"\/\/pegatera.com\/wp-content\/plugins\/revslider\/public\/assets\/assets\/dummy.png\" title=\"1-PEGATERA-Entorn-C104-1200X600px-300dpi-SLIDERS\" width=\"1200\" height=\"600\" class=\"rev-slidebg tp-rs-img rs-lazyload\" data-lazyload=\"\/\/pegatera.com\/wp-content\/uploads\/2017\/05\/1-PEGATERA-Entorn-C104-1200X600px-300dpi-SLIDERS.jpg\" data-no-retina>\n<!--\n\t\t\t\t\t\t\t--><rs-layer\n\t\t\t\t\t\t\t\tid=\"slider-19-slide-83-layer-1\" \n\t\t\t\t\t\t\t\tdata-type=\"text\"\n\t\t\t\t\t\t\t\tdata-color=\"rgba(84,97,34,1)\"\n\t\t\t\t\t\t\t\tdata-rsp_ch=\"on\"\n\t\t\t\t\t\t\t\tdata-xy=\"x:c;y:347px;\"\n\t\t\t\t\t\t\t\tdata-text=\"w:normal;s:28;l:30;a:center;\"\n\t\t\t\t\t\t\t\tdata-dim=\"w:892px;\"\n\t\t\t\t\t\t\t\tdata-padding=\"t:15;r:50;b:15;l:50;\"\n\t\t\t\t\t\t\t\tdata-frame_0=\"tp:600;\"\n\t\t\t\t\t\t\t\tdata-frame_1=\"tp:600;sp:290;sR:10;\"\n\t\t\t\t\t\t\t\tdata-frame_999=\"o:0;tp:600;st:w;sp:280;sR:3200.0003051758;\"\n\t\t\t\t\t\t\t\tstyle=\"z-index:5;font-family:'Indie Flower';background-color:rgba(233, 238, 217, 0.8);\"\n\t\t\t\t\t\t\t>Das Landhaus befindet sich mitten im Wald, es gibt keine weiteren Nachbarn - Natur pur! \n\t\t\t\t\t\t\t<\/rs-layer><!--\n-->\t\t\t\t\t\t<\/rs-slide>\n\t\t\t\t\t\t<rs-slide style=\"position: absolute;\" data-key=\"rs-82\" data-title=\"Slide\" data-thumb=\"\/\/pegatera.com\/wp-content\/uploads\/2017\/05\/ENTORN-2-ESQUIROL-75x75.png\" data-duration=\"3500\" data-anim=\"ms:600;\" data-in=\"o:0;\" data-out=\"a:false;\">\n\t\t\t\t\t\t\t<img decoding=\"async\" src=\"\/\/pegatera.com\/wp-content\/plugins\/revslider\/public\/assets\/assets\/dummy.png\" title=\"2-PEGATERA-Entorn-C14-1200X600px-300dpi-SLIDERS\" width=\"1200\" height=\"600\" class=\"rev-slidebg tp-rs-img rs-lazyload\" data-lazyload=\"\/\/pegatera.com\/wp-content\/uploads\/2017\/05\/2-PEGATERA-Entorn-C14-1200X600px-300dpi-SLIDERS.jpg\" data-no-retina>\n<!--\n\t\t\t\t\t\t\t--><rs-layer\n\t\t\t\t\t\t\t\tid=\"slider-19-slide-82-layer-1\" \n\t\t\t\t\t\t\t\tdata-type=\"text\"\n\t\t\t\t\t\t\t\tdata-color=\"rgba(84,97,34,1)\"\n\t\t\t\t\t\t\t\tdata-rsp_ch=\"on\"\n\t\t\t\t\t\t\t\tdata-xy=\"x:c;y:347px;\"\n\t\t\t\t\t\t\t\tdata-text=\"w:normal;s:28;l:30;a:center;\"\n\t\t\t\t\t\t\t\tdata-dim=\"w:892px;\"\n\t\t\t\t\t\t\t\tdata-padding=\"t:15;r:50;b:15;l:50;\"\n\t\t\t\t\t\t\t\tdata-frame_0=\"tp:600;\"\n\t\t\t\t\t\t\t\tdata-frame_1=\"tp:600;sp:290;sR:10;\"\n\t\t\t\t\t\t\t\tdata-frame_999=\"o:0;tp:600;st:w;sp:280;sR:3200.0003051758;\"\n\t\t\t\t\t\t\t\tstyle=\"z-index:5;font-family:'Indie Flower';background-color:rgba(233, 238, 217, 0.8);\"\n\t\t\t\t\t\t\t>Das Landhaus befindet sich mitten im Wald, es gibt keine weiteren Nachbarn - Natur pur! \n\t\t\t\t\t\t\t<\/rs-layer><!--\n-->\t\t\t\t\t\t<\/rs-slide>\n\t\t\t\t\t\t<rs-slide style=\"position: absolute;\" data-key=\"rs-79\" data-title=\"Slide\" data-thumb=\"\/\/pegatera.com\/wp-content\/uploads\/2017\/05\/ENTORN-5-BE-75x75.png\" data-duration=\"3500\" data-anim=\"ms:600;\" data-in=\"o:0;\" data-out=\"a:false;\">\n\t\t\t\t\t\t\t<img decoding=\"async\" src=\"\/\/pegatera.com\/wp-content\/plugins\/revslider\/public\/assets\/assets\/dummy.png\" title=\"3-PEGATERA-Entorn-C102-1200X600px-300dpi-SLIDERS\" width=\"1200\" height=\"600\" class=\"rev-slidebg tp-rs-img rs-lazyload\" data-lazyload=\"\/\/pegatera.com\/wp-content\/uploads\/2017\/05\/3-PEGATERA-Entorn-C102-1200X600px-300dpi-SLIDERS.jpg\" data-no-retina>\n<!--\n\t\t\t\t\t\t\t--><rs-layer\n\t\t\t\t\t\t\t\tid=\"slider-19-slide-79-layer-1\" \n\t\t\t\t\t\t\t\tdata-type=\"text\"\n\t\t\t\t\t\t\t\tdata-color=\"rgba(84,97,34,1)\"\n\t\t\t\t\t\t\t\tdata-rsp_ch=\"on\"\n\t\t\t\t\t\t\t\tdata-xy=\"x:c;y:347px;\"\n\t\t\t\t\t\t\t\tdata-text=\"w:normal;s:28;l:30;a:center;\"\n\t\t\t\t\t\t\t\tdata-dim=\"w:892px;\"\n\t\t\t\t\t\t\t\tdata-padding=\"t:15;r:50;b:15;l:50;\"\n\t\t\t\t\t\t\t\tdata-frame_0=\"tp:600;\"\n\t\t\t\t\t\t\t\tdata-frame_1=\"tp:600;sp:290;sR:10;\"\n\t\t\t\t\t\t\t\tdata-frame_999=\"o:0;tp:600;st:w;sp:280;sR:3200.0003051758;\"\n\t\t\t\t\t\t\t\tstyle=\"z-index:5;font-family:'Indie Flower';background-color:rgba(233, 238, 217, 0.8);\"\n\t\t\t\t\t\t\t>Das Landhaus befindet sich mitten im Wald, es gibt keine weiteren Nachbarn - Natur pur! \n\t\t\t\t\t\t\t<\/rs-layer><!--\n-->\t\t\t\t\t\t<\/rs-slide>\n\t\t\t\t\t\t<rs-slide style=\"position: absolute;\" data-key=\"rs-80\" data-title=\"Slide\" data-thumb=\"\/\/pegatera.com\/wp-content\/uploads\/2017\/05\/ENTORN-1-CONILL-75x75.png\" data-duration=\"3500\" data-anim=\"ms:600;\" data-in=\"o:0;\" data-out=\"a:false;\">\n\t\t\t\t\t\t\t<img decoding=\"async\" src=\"\/\/pegatera.com\/wp-content\/plugins\/revslider\/public\/assets\/assets\/dummy.png\" title=\"4-PEGATERA-Entorn-C60-1200X600px-300dpi-SLIDERS\" width=\"1200\" height=\"600\" class=\"rev-slidebg tp-rs-img rs-lazyload\" data-lazyload=\"\/\/pegatera.com\/wp-content\/uploads\/2017\/05\/4-PEGATERA-Entorn-C60-1200X600px-300dpi-SLIDERS.jpg\" data-no-retina>\n<!--\n\t\t\t\t\t\t\t--><rs-layer\n\t\t\t\t\t\t\t\tid=\"slider-19-slide-80-layer-1\" \n\t\t\t\t\t\t\t\tdata-type=\"text\"\n\t\t\t\t\t\t\t\tdata-color=\"rgba(84,97,34,1)\"\n\t\t\t\t\t\t\t\tdata-rsp_ch=\"on\"\n\t\t\t\t\t\t\t\tdata-xy=\"x:c;xo:-1px;y:348px;\"\n\t\t\t\t\t\t\t\tdata-text=\"w:normal;s:28;l:30;a:center;\"\n\t\t\t\t\t\t\t\tdata-dim=\"w:892px;\"\n\t\t\t\t\t\t\t\tdata-padding=\"t:15;r:50;b:15;l:50;\"\n\t\t\t\t\t\t\t\tdata-frame_0=\"tp:600;\"\n\t\t\t\t\t\t\t\tdata-frame_1=\"tp:600;sp:290;sR:10;\"\n\t\t\t\t\t\t\t\tdata-frame_999=\"o:0;tp:600;st:w;sp:280;sR:3200.0003051758;\"\n\t\t\t\t\t\t\t\tstyle=\"z-index:5;font-family:'Indie Flower';background-color:rgba(233, 238, 217, 0.8);\"\n\t\t\t\t\t\t\t>Das Landhaus befindet sich mitten im Wald, es gibt keine weiteren Nachbarn - Natur pur! \n\t\t\t\t\t\t\t<\/rs-layer><!--\n-->\t\t\t\t\t\t<\/rs-slide>\n\t\t\t\t\t\t<rs-slide style=\"position: absolute;\" data-key=\"rs-81\" data-title=\"Slide\" data-thumb=\"\/\/pegatera.com\/wp-content\/uploads\/2017\/05\/ENTORN-4-OCELL-75x75.png\" data-duration=\"3500\" data-anim=\"ms:600;\" data-in=\"o:0;\" data-out=\"a:false;\">\n\t\t\t\t\t\t\t<img decoding=\"async\" src=\"\/\/pegatera.com\/wp-content\/plugins\/revslider\/public\/assets\/assets\/dummy.png\" title=\"5-PEGATERA-Entorn-C103-1200X600px-300dpi-SLIDERS\" width=\"1200\" height=\"600\" class=\"rev-slidebg tp-rs-img rs-lazyload\" data-lazyload=\"\/\/pegatera.com\/wp-content\/uploads\/2017\/05\/5-PEGATERA-Entorn-C103-1200X600px-300dpi-SLIDERS.jpg\" data-no-retina>\n<!--\n\t\t\t\t\t\t\t--><rs-layer\n\t\t\t\t\t\t\t\tid=\"slider-19-slide-81-layer-1\" \n\t\t\t\t\t\t\t\tdata-type=\"text\"\n\t\t\t\t\t\t\t\tdata-color=\"rgba(84,97,34,1)\"\n\t\t\t\t\t\t\t\tdata-rsp_ch=\"on\"\n\t\t\t\t\t\t\t\tdata-xy=\"x:c;y:347px;\"\n\t\t\t\t\t\t\t\tdata-text=\"w:normal;s:28;l:30;a:center;\"\n\t\t\t\t\t\t\t\tdata-dim=\"w:892px;\"\n\t\t\t\t\t\t\t\tdata-padding=\"t:15;r:50;b:15;l:50;\"\n\t\t\t\t\t\t\t\tdata-frame_0=\"tp:600;\"\n\t\t\t\t\t\t\t\tdata-frame_1=\"tp:600;sp:290;sR:10;\"\n\t\t\t\t\t\t\t\tdata-frame_999=\"o:0;tp:600;st:w;sp:280;sR:3200.0003051758;\"\n\t\t\t\t\t\t\t\tstyle=\"z-index:5;font-family:'Indie Flower';background-color:rgba(233, 238, 217, 0.8);\"\n\t\t\t\t\t\t\t>Das Landhaus befindet sich mitten im Wald, es gibt keine weiteren Nachbarn - Natur pur! \n\t\t\t\t\t\t\t<\/rs-layer><!--\n-->\t\t\t\t\t\t<\/rs-slide>\n\t\t\t\t\t\t<rs-slide style=\"position: absolute;\" data-key=\"rs-78\" data-title=\"Slide\" data-thumb=\"\/\/pegatera.com\/wp-content\/uploads\/2017\/05\/ENTORN-3-GRANOTA-75x75.png\" data-duration=\"3500\" data-anim=\"ms:600;\" data-in=\"o:0;\" data-out=\"a:false;\">\n\t\t\t\t\t\t\t<img decoding=\"async\" src=\"\/\/pegatera.com\/wp-content\/plugins\/revslider\/public\/assets\/assets\/dummy.png\" title=\"6-PEGATERA-Entorn-C07-1200X600px-300dpi-SLIDERS\" width=\"1200\" height=\"600\" class=\"rev-slidebg tp-rs-img rs-lazyload\" data-lazyload=\"\/\/pegatera.com\/wp-content\/uploads\/2017\/05\/6-PEGATERA-Entorn-C07-1200X600px-300dpi-SLIDERS.jpg\" data-no-retina>\n<!--\n\t\t\t\t\t\t\t--><rs-layer\n\t\t\t\t\t\t\t\tid=\"slider-19-slide-78-layer-1\" \n\t\t\t\t\t\t\t\tdata-type=\"text\"\n\t\t\t\t\t\t\t\tdata-color=\"rgba(84,97,34,1)\"\n\t\t\t\t\t\t\t\tdata-rsp_ch=\"on\"\n\t\t\t\t\t\t\t\tdata-xy=\"x:c;y:347px;\"\n\t\t\t\t\t\t\t\tdata-text=\"w:normal;s:28;l:30;a:center;\"\n\t\t\t\t\t\t\t\tdata-dim=\"w:892px;\"\n\t\t\t\t\t\t\t\tdata-padding=\"t:15;r:50;b:15;l:50;\"\n\t\t\t\t\t\t\t\tdata-frame_0=\"tp:600;\"\n\t\t\t\t\t\t\t\tdata-frame_1=\"tp:600;sp:290;sR:10;\"\n\t\t\t\t\t\t\t\tdata-frame_999=\"o:0;tp:600;st:w;sp:290;sR:3200.0003051758;\"\n\t\t\t\t\t\t\t\tstyle=\"z-index:5;font-family:'Indie Flower';background-color:rgba(233, 238, 217, 0.8);\"\n\t\t\t\t\t\t\t>Das Landhaus befindet sich mitten im Wald, es gibt keine weiteren Nachbarn - Natur pur! \n\t\t\t\t\t\t\t<\/rs-layer><!--\n-->\t\t\t\t\t\t<\/rs-slide>\n\t\t\t\t\t<\/rs-slides>\n\t\t\t\t<\/rs-module>\n\t\t\t\t<script type=\"text\/javascript\">\n\t\t\t\t\tsetREVStartSize({c: 'rev_slider_19_1',rl:[1240,1024,778,480],el:[],gw:[1100],gh:[450],type:'standard',justify:'',layout:'fullwidth',mh:\"0\"});if (window.RS_MODULES!==undefined && window.RS_MODULES.modules!==undefined && window.RS_MODULES.modules[\"revslider191\"]!==undefined) {window.RS_MODULES.modules[\"revslider191\"].once = false;window.revapi19 = undefined;if (window.RS_MODULES.checkMinimal!==undefined) window.RS_MODULES.checkMinimal()}\n\t\t\t\t<\/script>\n\t\t\t<\/rs-module-wrap>\n\t\t\t<!-- END REVOLUTION SLIDER -->\n<\/div><div class=\"fusion-clearfix\"><\/div><\/div><\/div><\/div><\/div><div class=\"fusion-fullwidth fullwidth-box fusion-builder-row-2 nonhundred-percent-fullwidth non-hundred-percent-height-scrolling\" style=\"background-color: #ffffff;background-position: center center;background-repeat: no-repeat;padding-top:20px;padding-right:0px;padding-bottom:20px;padding-left:0px;margin-bottom: 0px;margin-top: 50px;border-width: 0px 0px 0px 0px;border-color:#eae9e9;border-style:solid;\" ><div class=\"fusion-builder-row fusion-row\"><div class=\"fusion-layout-column fusion_builder_column fusion-builder-column-1 fusion_builder_column_1_1 1_1 fusion-one-full fusion-column-first fusion-column-last\" style=\"margin-top:0px;margin-bottom:20px;\"><div class=\"fusion-column-wrapper fusion-flex-column-wrapper-legacy\" style=\"background-position:left top;background-repeat:no-repeat;-webkit-background-size:cover;-moz-background-size:cover;-o-background-size:cover;background-size:cover;padding: 0px 0px 0px 0px;\"><style type=\"text\/css\"><\/style><div class=\"fusion-title title fusion-title-1 fusion-sep-none fusion-title-text fusion-title-size-one\" style=\"margin-top:0px;margin-right:0px;margin-bottom:30px;margin-left:0px;\"><h1 class=\"title-heading-left fusion-responsive-typography-calculated\" style=\"margin:0;--fontSize:33;line-height:1.45;\"><h1 style=\"text-align: center; color: #546122; font-size: 32px; margin-top: 40px; font-family: indie flower;\"><strong>Um ein paar ruhevolle Tage mitten in der Natur zu verbringen<\/strong><\/h1>\n<h1 style=\"text-align: center; color: #546122; font-size: 32px; margin-top: 40px; font-family: indie flower;\"><strong>Komm nimm ein Waldbad! Wir werden auf dich warten.<\/strong><\/h1><\/h1><\/div><div class=\"fusion-text fusion-text-1\"><p style=\"text-align: center; font-size: 21px; color: #8f5927;\">Mit jedem Schritt, dem man sich auf dem Waldweg, der zum Landhaus f\u00fchrt dem Anwesen La Pegatera n\u00e4hrt, kann man sich von der Magie der Umgebung bezaubern lassen. Umgeben von Eichenholzw\u00e4ldern und Pinienb\u00e4umen h\u00f6rt man ausschliesslich die Natur, ohne den Eingriff der Menschen. In zwanzig Kilometern Entfernung kann man in einem Fluss mit Wassergruben baden. Das Haus befindet sich eine Stunde von Andorra und Tremp entfernt. Man kann \u201cLa Seu d&#8217;Urgell\u201d besuchen, Die Rute &#8222;Los dinosaurios\u201d kennenlernen, die Rute &#8222;Los Castillos de Frontera&#8220;, die Rute \u201cEl Rom\u00e1nico&#8220;, den Stausee von San Antonio und zus\u00e4tzlich kann man Abenteuersport wie Klettern, Gleitschirmfliegen, Schluchtenabfahrten, wandern, Kayak fahren, fischen\u2026<\/p>\n<\/div><style type=\"text\/css\"><\/style><div class=\"fusion-title title fusion-title-2 fusion-sep-none fusion-title-text fusion-title-size-one\" style=\"margin-top:0px;margin-right:0px;margin-bottom:30px;margin-left:0px;\"><h1 class=\"title-heading-left fusion-responsive-typography-calculated\" style=\"margin:0;--fontSize:33;line-height:1.45;\"><p style=\"text-align: center; color: #546122;\"><strong>Ausfl\u00fcge<\/strong><\/p><\/h1><\/div><div class=\"fusion-text fusion-text-2\"><p style=\"text-align: center;\">Port del Compte, Castillo de Mur, Castillo de Llord\u00e0, Andorra, La Seu d\u2019Urgell, Naturpark Aig\u00fcestortes und Stausee Sant Maurici, Ruta de los dinosaurios, Schluchtenabfahrten, Rafting, Gleitschirmfliegen, Klettern, \u201dMenjar amb voltors\u201d&#8230; (mehr Info im Haus)<\/p>\n<\/div><div class=\"fusion-builder-row fusion-builder-row-inner fusion-row\"><div class=\"fusion-layout-column fusion_builder_column_inner fusion-builder-nested-column-0 fusion_builder_column_inner_1_2 1_2 fusion-one-half fusion-column-first\" style=\"width:50%;width:calc(50% - ( ( 4% ) * 0.5 ) );margin-right: 4%;margin-top:0px;margin-bottom:20px;\"><div class=\"fusion-column-wrapper fusion-flex-column-wrapper-legacy\" style=\"background-position:left top;background-repeat:no-repeat;-webkit-background-size:cover;-moz-background-size:cover;-o-background-size:cover;background-size:cover;padding: 0px 0px 0px 0px;\"><div class=\"fusion-aligncenter\"><style>.fusion-button.button-1 .fusion-button-text,.fusion-button.button-1 i{color:rgba(255,255,255,.8);}.fusion-button.button-1{border-color:rgba(255,255,255,.8);border-radius:2px 2px 2px 2px;background:#ffffff;}.fusion-button.button-1:hover .fusion-button-text,.fusion-button.button-1:hover i,.fusion-button.button-1:focus .fusion-button-text,.fusion-button.button-1:focus i,.fusion-button.button-1:active .fusion-button-text,.fusion-button.button-1:active i{color:rgba(255,255,255,.9);}.fusion-button.button-1:hover,.fusion-button.button-1:active,.fusion-button.button-1:focus{border-color:rgba(255,255,255,.9);background:#ffffff;}<\/style><a class=\"fusion-button button-flat fusion-button-default-size button-custom button-1 fusion-button-default-span fusion-button-default-type\" target=\"_self\" href=\"https:\/\/pegatera.com\/wp-content\/uploads\/2017\/06\/THINGS-TO-DO-walks_eng.pdf\"><i class=\" fa fa-external-link-square button-icon-left\" aria-hidden=\"true\"><\/i><span class=\"fusion-button-text\">Besichtigungen und Aktivit\u00e4ten<\/span><\/a><\/div><div class=\"fusion-clearfix\"><\/div><\/div><\/div><div class=\"fusion-layout-column fusion_builder_column_inner fusion-builder-nested-column-1 fusion_builder_column_inner_1_2 1_2 fusion-one-half fusion-column-last\" style=\"width:50%;width:calc(50% - ( ( 4% ) * 0.5 ) );margin-top:0px;margin-bottom:20px;\"><div class=\"fusion-column-wrapper fusion-flex-column-wrapper-legacy\" style=\"background-position:left top;background-repeat:no-repeat;-webkit-background-size:cover;-moz-background-size:cover;-o-background-size:cover;background-size:cover;padding: 0px 0px 0px 0px;\"><div class=\"fusion-aligncenter\"><style>.fusion-button.button-2 .fusion-button-text,.fusion-button.button-2 i{color:rgba(255,255,255,.8);}.fusion-button.button-2{border-color:rgba(255,255,255,.8);border-radius:2px 2px 2px 2px;background:#ffffff;}.fusion-button.button-2:hover .fusion-button-text,.fusion-button.button-2:hover i,.fusion-button.button-2:focus .fusion-button-text,.fusion-button.button-2:focus i,.fusion-button.button-2:active .fusion-button-text,.fusion-button.button-2:active i{color:rgba(255,255,255,.9);}.fusion-button.button-2:hover,.fusion-button.button-2:active,.fusion-button.button-2:focus{border-color:rgba(255,255,255,.9);background:#ffffff;}<\/style><a class=\"fusion-button button-flat fusion-button-default-size button-custom button-2 fusion-button-default-span fusion-button-default-type\" target=\"_blank\" rel=\"noopener noreferrer\" href=\"https:\/\/pegatera.com\/wp-content\/uploads\/2017\/06\/THINGS-TO-DO-walks_eng.pdf\"><i class=\" fa fa-binoculars button-icon-left\" aria-hidden=\"true\"><\/i><span class=\"fusion-button-text\">Aktivit\u00e4ten<\/span><\/a><\/div><div class=\"fusion-clearfix\"><\/div><\/div><\/div><\/div><div class=\"fusion-clearfix\"><\/div><\/div><\/div><\/div><\/div><\/p>\n","protected":false},"excerpt":{"rendered":"","protected":false},"author":1,"featured_media":0,"parent":0,"menu_order":0,"comment_status":"closed","ping_status":"closed","template":"","meta":{"footnotes":""},"yoast_head":"<!-- This site is optimized with the Yoast SEO plugin v21.6 - https:\/\/yoast.com\/wordpress\/plugins\/seo\/ -->\n<title>Im Wald, es gibt keine weiteren Nachbarn - Natur pur! - Charme<\/title>\n<meta name=\"description\" content=\"Haus f\u00fcr 7 G\u00e4ste. Ganzes Haus wird vermietet. Min. 2 N\u00e4chte. Charme, Ruhe, Entspannung... Mit Kamin und Grill, Solaranlage, Holzbeheizung\" \/>\n<meta name=\"robots\" content=\"index, follow, max-snippet:-1, max-image-preview:large, max-video-preview:-1\" \/>\n<link rel=\"canonical\" href=\"https:\/\/pegatera.com\/lentorn\/\" \/>\n<meta property=\"og:locale\" content=\"de_DE\" \/>\n<meta property=\"og:type\" content=\"article\" \/>\n<meta property=\"og:title\" content=\"Im Wald, es gibt keine weiteren Nachbarn - Natur pur! - Charme\" \/>\n<meta property=\"og:description\" content=\"Haus f\u00fcr 7 G\u00e4ste. Ganzes Haus wird vermietet. Min. 2 N\u00e4chte. Charme, Ruhe, Entspannung... Mit Kamin und Grill, Solaranlage, Holzbeheizung\" \/>\n<meta property=\"og:url\" content=\"https:\/\/pegatera.com\/lentorn\/\" \/>\n<meta property=\"og:site_name\" content=\"La Pegatera - L\u00e4ndliches Tourismushaus\" \/>\n<meta property=\"article:publisher\" content=\"https:\/\/www.facebook.com\/La-Pegatera-324631606201\/\" \/>\n<meta property=\"article:modified_time\" content=\"2020-05-30T16:18:26+00:00\" \/>\n<meta name=\"twitter:card\" content=\"summary_large_image\" \/>\n<meta name=\"twitter:label1\" content=\"Gesch\u00e4tzte Lesezeit\" \/>\n\t<meta name=\"twitter:data1\" content=\"4\u00a0Minuten\" \/>\n<script type=\"application\/ld+json\" class=\"yoast-schema-graph\">{\"@context\":\"https:\/\/schema.org\",\"@graph\":[{\"@type\":\"WebPage\",\"@id\":\"https:\/\/pegatera.com\/lentorn\/\",\"url\":\"https:\/\/pegatera.com\/lentorn\/\",\"name\":\"Im Wald, es gibt keine weiteren Nachbarn - Natur pur! - Charme\",\"isPartOf\":{\"@id\":\"https:\/\/pegatera.com\/#website\"},\"datePublished\":\"2017-04-03T07:21:41+00:00\",\"dateModified\":\"2020-05-30T16:18:26+00:00\",\"description\":\"Haus f\u00fcr 7 G\u00e4ste. Ganzes Haus wird vermietet. Min. 2 N\u00e4chte. Charme, Ruhe, Entspannung... Mit Kamin und Grill, Solaranlage, Holzbeheizung\",\"breadcrumb\":{\"@id\":\"https:\/\/pegatera.com\/lentorn\/#breadcrumb\"},\"inLanguage\":\"de\",\"potentialAction\":[{\"@type\":\"ReadAction\",\"target\":[\"https:\/\/pegatera.com\/lentorn\/\"]}]},{\"@type\":\"BreadcrumbList\",\"@id\":\"https:\/\/pegatera.com\/lentorn\/#breadcrumb\",\"itemListElement\":[{\"@type\":\"ListItem\",\"position\":1,\"name\":\"Home\",\"item\":\"https:\/\/pegatera.com\/\"},{\"@type\":\"ListItem\",\"position\":2,\"name\":\"Die Umgebung\"}]},{\"@type\":\"WebSite\",\"@id\":\"https:\/\/pegatera.com\/#website\",\"url\":\"https:\/\/pegatera.com\/\",\"name\":\"La Pegatera - L\u00e4ndliches Tourismushaus\",\"description\":\"Einfamilienhaus, l\u00e4ndlicher Tourismus Alt Urgell, Coll de Narg\u00f3, Pyren\u00e4en, Lleida. Boumort.\",\"potentialAction\":[{\"@type\":\"SearchAction\",\"target\":{\"@type\":\"EntryPoint\",\"urlTemplate\":\"https:\/\/pegatera.com\/?s={search_term_string}\"},\"query-input\":\"required name=search_term_string\"}],\"inLanguage\":\"de\"}]}<\/script>\n<!-- \/ Yoast SEO plugin. -->","yoast_head_json":{"title":"Im Wald, es gibt keine weiteren Nachbarn - Natur pur! - Charme","description":"Haus f\u00fcr 7 G\u00e4ste. Ganzes Haus wird vermietet. Min. 2 N\u00e4chte. Charme, Ruhe, Entspannung... Mit Kamin und Grill, Solaranlage, Holzbeheizung","robots":{"index":"index","follow":"follow","max-snippet":"max-snippet:-1","max-image-preview":"max-image-preview:large","max-video-preview":"max-video-preview:-1"},"canonical":"https:\/\/pegatera.com\/lentorn\/","og_locale":"de_DE","og_type":"article","og_title":"Im Wald, es gibt keine weiteren Nachbarn - Natur pur! - Charme","og_description":"Haus f\u00fcr 7 G\u00e4ste. Ganzes Haus wird vermietet. Min. 2 N\u00e4chte. Charme, Ruhe, Entspannung... Mit Kamin und Grill, Solaranlage, Holzbeheizung","og_url":"https:\/\/pegatera.com\/lentorn\/","og_site_name":"La Pegatera - L\u00e4ndliches Tourismushaus","article_publisher":"https:\/\/www.facebook.com\/La-Pegatera-324631606201\/","article_modified_time":"2020-05-30T16:18:26+00:00","twitter_card":"summary_large_image","twitter_misc":{"Gesch\u00e4tzte Lesezeit":"4\u00a0Minuten"},"schema":{"@context":"https:\/\/schema.org","@graph":[{"@type":"WebPage","@id":"https:\/\/pegatera.com\/lentorn\/","url":"https:\/\/pegatera.com\/lentorn\/","name":"Im Wald, es gibt keine weiteren Nachbarn - Natur pur! - Charme","isPartOf":{"@id":"https:\/\/pegatera.com\/#website"},"datePublished":"2017-04-03T07:21:41+00:00","dateModified":"2020-05-30T16:18:26+00:00","description":"Haus f\u00fcr 7 G\u00e4ste. Ganzes Haus wird vermietet. Min. 2 N\u00e4chte. Charme, Ruhe, Entspannung... Mit Kamin und Grill, Solaranlage, Holzbeheizung","breadcrumb":{"@id":"https:\/\/pegatera.com\/lentorn\/#breadcrumb"},"inLanguage":"de","potentialAction":[{"@type":"ReadAction","target":["https:\/\/pegatera.com\/lentorn\/"]}]},{"@type":"BreadcrumbList","@id":"https:\/\/pegatera.com\/lentorn\/#breadcrumb","itemListElement":[{"@type":"ListItem","position":1,"name":"Home","item":"https:\/\/pegatera.com\/"},{"@type":"ListItem","position":2,"name":"Die Umgebung"}]},{"@type":"WebSite","@id":"https:\/\/pegatera.com\/#website","url":"https:\/\/pegatera.com\/","name":"La Pegatera - L\u00e4ndliches Tourismushaus","description":"Einfamilienhaus, l\u00e4ndlicher Tourismus Alt Urgell, Coll de Narg\u00f3, Pyren\u00e4en, Lleida. Boumort.","potentialAction":[{"@type":"SearchAction","target":{"@type":"EntryPoint","urlTemplate":"https:\/\/pegatera.com\/?s={search_term_string}"},"query-input":"required name=search_term_string"}],"inLanguage":"de"}]}},"_links":{"self":[{"href":"https:\/\/pegatera.com\/de\/wp-json\/wp\/v2\/pages\/13528"}],"collection":[{"href":"https:\/\/pegatera.com\/de\/wp-json\/wp\/v2\/pages"}],"about":[{"href":"https:\/\/pegatera.com\/de\/wp-json\/wp\/v2\/types\/page"}],"author":[{"embeddable":true,"href":"https:\/\/pegatera.com\/de\/wp-json\/wp\/v2\/users\/1"}],"replies":[{"embeddable":true,"href":"https:\/\/pegatera.com\/de\/wp-json\/wp\/v2\/comments?post=13528"}],"version-history":[{"count":15,"href":"https:\/\/pegatera.com\/de\/wp-json\/wp\/v2\/pages\/13528\/revisions"}],"predecessor-version":[{"id":14916,"href":"https:\/\/pegatera.com\/de\/wp-json\/wp\/v2\/pages\/13528\/revisions\/14916"}],"wp:attachment":[{"href":"https:\/\/pegatera.com\/de\/wp-json\/wp\/v2\/media?parent=13528"}],"curies":[{"name":"wp","href":"https:\/\/api.w.org\/{rel}","templated":true}]}}