{"id":13567,"date":"2017-03-29T08:22:47","date_gmt":"2017-03-29T07:22:47","guid":{"rendered":"http:\/\/pegatera.com\/la-casa\/"},"modified":"2025-11-13T12:47:38","modified_gmt":"2025-11-13T11:47:38","slug":"das-haus","status":"publish","type":"page","link":"https:\/\/pegatera.com\/de\/das-haus\/","title":{"rendered":"Das Haus"},"content":{"rendered":"<p><div class=\"fusion-fullwidth fullwidth-box fusion-builder-row-1 nonhundred-percent-fullwidth non-hundred-percent-height-scrolling\" style=\"background-color: #ffffff;background-position: center center;background-repeat: no-repeat;padding-top:0px;padding-right:0px;padding-bottom:0px;padding-left:0px;margin-bottom: 0px;margin-top: 0px;border-width: 0px 0px 0px 0px;border-color:#eae9e9;border-style:solid;\" ><div class=\"fusion-builder-row fusion-row\"><div class=\"fusion-layout-column fusion_builder_column fusion-builder-column-0 fusion_builder_column_1_1 1_1 fusion-one-full fusion-column-first fusion-column-last\" style=\"margin-top:0px;margin-bottom:20px;\"><div class=\"fusion-column-wrapper fusion-flex-column-wrapper-legacy\" style=\"background-position:left top;background-repeat:no-repeat;-webkit-background-size:cover;-moz-background-size:cover;-o-background-size:cover;background-size:cover;padding: 0px 0px 0px 0px;\">\n<div class=\"fusion-slider-revolution rev_slider_wrapper\">\t\t\t<!-- START pegateraLa casa AL REVOLUTION SLIDER 6.5.7 --><p class=\"rs-p-wp-fix\"><\/p>\n\t\t\t<rs-module-wrap id=\"rev_slider_18_1_wrapper\" data-source=\"gallery\" style=\"visibility:hidden;background:#ffffff;padding:0;margin:0px auto;margin-top:0;margin-bottom:0;max-width:;\">\n\t\t\t\t<rs-module id=\"rev_slider_18_1\" style=\"\" data-version=\"6.5.7\">\n\t\t\t\t\t<rs-slides>\n\t\t\t\t\t\t<rs-slide style=\"position: absolute;\" data-key=\"rs-77\" data-title=\"Slide\" data-thumb=\"\/\/pegatera.com\/wp-content\/uploads\/2017\/05\/LA-CASA-2-FLORS-75x75.png\" data-duration=\"3510\" data-in=\"o:0;\" data-out=\"a:false;\">\n\t\t\t\t\t\t\t<img decoding=\"async\" src=\"\/\/pegatera.com\/wp-content\/plugins\/revslider\/public\/assets\/assets\/dummy.png\" title=\"1-PEGATERA-Casa-C100-1200X600px-300dpi-SLIDERS\" width=\"1200\" height=\"600\" class=\"rev-slidebg tp-rs-img rs-lazyload\" data-lazyload=\"\/\/pegatera.com\/wp-content\/uploads\/2017\/05\/1-PEGATERA-Casa-C100-1200X600px-300dpi-SLIDERS.jpg\" data-no-retina>\n<!--\n\t\t\t\t\t\t\t--><rs-layer\n\t\t\t\t\t\t\t\tid=\"slider-18-slide-77-layer-1\" \n\t\t\t\t\t\t\t\tdata-type=\"text\"\n\t\t\t\t\t\t\t\tdata-color=\"rgba(84,97,34,1)\"\n\t\t\t\t\t\t\t\tdata-rsp_ch=\"on\"\n\t\t\t\t\t\t\t\tdata-xy=\"x:c;xo:2px;y:347px;\"\n\t\t\t\t\t\t\t\tdata-text=\"w:normal;s:28;l:30;a:center;\"\n\t\t\t\t\t\t\t\tdata-dim=\"w:892px;\"\n\t\t\t\t\t\t\t\tdata-padding=\"t:15;r:50;b:15;l:50;\"\n\t\t\t\t\t\t\t\tdata-frame_1=\"st:9.8959350585938;sR:9.8959350585938;\"\n\t\t\t\t\t\t\t\tdata-frame_999=\"o:0;st:3509.8959350586;sR:3200;\"\n\t\t\t\t\t\t\t\tstyle=\"z-index:5;font-family:'Indie Flower';background-color:rgba(233, 238, 217, 0.8);\"\n\t\t\t\t\t\t\t>Charme, Ruhe, Slow Life, Entspannung...\nMit Kamin und Grill, Solaranlage, Heizung\n \n\t\t\t\t\t\t\t<\/rs-layer><!--\n-->\t\t\t\t\t\t<\/rs-slide>\n\t\t\t\t\t\t<rs-slide style=\"position: absolute;\" data-key=\"rs-75\" data-title=\"Slide\" data-thumb=\"\/\/pegatera.com\/wp-content\/uploads\/2017\/05\/LA-CASA-3-XIMENEIA-75x75.png\" data-duration=\"3510\" data-anim=\"ms:600;\" data-in=\"o:0;\" data-out=\"a:false;\">\n\t\t\t\t\t\t\t<img decoding=\"async\" src=\"\/\/pegatera.com\/wp-content\/plugins\/revslider\/public\/assets\/assets\/dummy.png\" title=\"2-PEGATERA-Casa-C29-1200X600px-300dpi-SLIDERS\" width=\"1200\" height=\"600\" class=\"rev-slidebg tp-rs-img rs-lazyload\" data-lazyload=\"\/\/pegatera.com\/wp-content\/uploads\/2017\/05\/2-PEGATERA-Casa-C29-1200X600px-300dpi-SLIDERS.jpg\" data-no-retina>\n<!--\n\t\t\t\t\t\t\t--><rs-layer\n\t\t\t\t\t\t\t\tid=\"slider-18-slide-75-layer-1\" \n\t\t\t\t\t\t\t\tdata-type=\"text\"\n\t\t\t\t\t\t\t\tdata-color=\"rgba(84,97,34,1)\"\n\t\t\t\t\t\t\t\tdata-rsp_ch=\"on\"\n\t\t\t\t\t\t\t\tdata-xy=\"x:c;y:347px;\"\n\t\t\t\t\t\t\t\tdata-text=\"w:normal;s:28;l:30;a:center;\"\n\t\t\t\t\t\t\t\tdata-dim=\"w:892px;\"\n\t\t\t\t\t\t\t\tdata-padding=\"t:15;r:50;b:15;l:50;\"\n\t\t\t\t\t\t\t\tdata-frame_0=\"tp:600;\"\n\t\t\t\t\t\t\t\tdata-frame_1=\"tp:600;st:9.8959350585938;sp:290;sR:9.8959350585938;\"\n\t\t\t\t\t\t\t\tdata-frame_999=\"o:0;tp:600;st:w;sp:310;sR:3210;\"\n\t\t\t\t\t\t\t\tstyle=\"z-index:5;font-family:'Indie Flower';background-color:rgba(233, 238, 217, 0.8);\"\n\t\t\t\t\t\t\t>Charme, Ruhe, Slow Life, Entspannung...\nMit Kamin und Grill, Solaranlage, Heizung\n \n\t\t\t\t\t\t\t<\/rs-layer><!--\n-->\t\t\t\t\t\t<\/rs-slide>\n\t\t\t\t\t\t<rs-slide style=\"position: absolute;\" data-key=\"rs-74\" data-title=\"Slide\" data-thumb=\"\/\/pegatera.com\/wp-content\/uploads\/2017\/05\/CARACTERISTIQUES-2-CULLAROT-75x75.png\" data-duration=\"3510\" data-anim=\"ms:600;\" data-in=\"o:0;\" data-out=\"a:false;\">\n\t\t\t\t\t\t\t<img decoding=\"async\" src=\"\/\/pegatera.com\/wp-content\/plugins\/revslider\/public\/assets\/assets\/dummy.png\" title=\"3-PEGATERA-Casa-C43-1200X600px-300dpi-SLIDERS\" width=\"1200\" height=\"600\" class=\"rev-slidebg tp-rs-img rs-lazyload\" data-lazyload=\"\/\/pegatera.com\/wp-content\/uploads\/2017\/05\/3-PEGATERA-Casa-C43-1200X600px-300dpi-SLIDERS.jpg\" data-no-retina>\n<!--\n\t\t\t\t\t\t\t--><rs-layer\n\t\t\t\t\t\t\t\tid=\"slider-18-slide-74-layer-1\" \n\t\t\t\t\t\t\t\tdata-type=\"text\"\n\t\t\t\t\t\t\t\tdata-color=\"rgba(84,97,34,1)\"\n\t\t\t\t\t\t\t\tdata-rsp_ch=\"on\"\n\t\t\t\t\t\t\t\tdata-xy=\"x:c;xo:2px;y:347px;\"\n\t\t\t\t\t\t\t\tdata-text=\"w:normal;s:28;l:30;a:center;\"\n\t\t\t\t\t\t\t\tdata-dim=\"w:892px;\"\n\t\t\t\t\t\t\t\tdata-padding=\"t:15;r:50;b:15;l:50;\"\n\t\t\t\t\t\t\t\tdata-frame_0=\"tp:600;\"\n\t\t\t\t\t\t\t\tdata-frame_1=\"tp:600;st:9.8959350585938;sp:290;sR:9.8959350585938;\"\n\t\t\t\t\t\t\t\tdata-frame_999=\"o:0;tp:600;st:w;sp:310;sR:3210;\"\n\t\t\t\t\t\t\t\tstyle=\"z-index:5;font-family:'Indie Flower';background-color:rgba(233, 238, 217, 0.8);\"\n\t\t\t\t\t\t\t>Charme, Ruhe, Slow Life, Entspannung...\nMit Kamin und Grill, Solaranlage, Heizung\n \n\t\t\t\t\t\t\t<\/rs-layer><!--\n-->\t\t\t\t\t\t<\/rs-slide>\n\t\t\t\t\t\t<rs-slide style=\"position: absolute;\" data-key=\"rs-73\" data-title=\"Slide\" data-thumb=\"\/\/pegatera.com\/wp-content\/uploads\/2017\/05\/LA-CASA-5-LLIBRE-75x75.png\" data-duration=\"3510\" data-anim=\"ms:600;\" data-in=\"o:0;\" data-out=\"a:false;\">\n\t\t\t\t\t\t\t<img decoding=\"async\" src=\"\/\/pegatera.com\/wp-content\/plugins\/revslider\/public\/assets\/assets\/dummy.png\" title=\"SALA4-1200&#215;600-300q7\" width=\"1200\" height=\"600\" class=\"rev-slidebg tp-rs-img rs-lazyload\" data-lazyload=\"\/\/pegatera.com\/wp-content\/uploads\/2018\/04\/SALA4-1200x600-300q7.jpg\" data-no-retina>\n<!--\n\t\t\t\t\t\t\t--><rs-layer\n\t\t\t\t\t\t\t\tid=\"slider-18-slide-73-layer-1\" \n\t\t\t\t\t\t\t\tdata-type=\"text\"\n\t\t\t\t\t\t\t\tdata-color=\"rgba(84,97,34,1)\"\n\t\t\t\t\t\t\t\tdata-rsp_ch=\"on\"\n\t\t\t\t\t\t\t\tdata-xy=\"x:c;xo:-1px;y:347px;\"\n\t\t\t\t\t\t\t\tdata-text=\"w:normal;s:28;l:30;a:center;\"\n\t\t\t\t\t\t\t\tdata-dim=\"w:892px;\"\n\t\t\t\t\t\t\t\tdata-padding=\"t:15;r:50;b:15;l:50;\"\n\t\t\t\t\t\t\t\tdata-frame_0=\"tp:600;\"\n\t\t\t\t\t\t\t\tdata-frame_1=\"tp:600;st:9.8959350585938;sp:290;sR:9.8959350585938;\"\n\t\t\t\t\t\t\t\tdata-frame_999=\"o:0;tp:600;st:w;sp:320;sR:3210;\"\n\t\t\t\t\t\t\t\tstyle=\"z-index:5;font-family:'Indie Flower';background-color:rgba(233, 238, 217, 0.8);\"\n\t\t\t\t\t\t\t>Charme, Ruhe, Slow Life, Entspannung...\nMit Kamin und Grill, Solaranlage, Heizung\n \n\t\t\t\t\t\t\t<\/rs-layer><!--\n-->\t\t\t\t\t\t<\/rs-slide>\n\t\t\t\t\t\t<rs-slide style=\"position: absolute;\" data-key=\"rs-72\" data-title=\"Slide\" data-thumb=\"\/\/pegatera.com\/wp-content\/uploads\/2017\/05\/CARACTERISTIQUES-4-LLIT-75x75.png\" data-duration=\"3510\" data-in=\"o:0;\" data-out=\"a:false;\">\n\t\t\t\t\t\t\t<img decoding=\"async\" src=\"\/\/pegatera.com\/wp-content\/plugins\/revslider\/public\/assets\/assets\/dummy.png\" title=\"DORMITORI DARRERE 4 Pegatera_1024x512_372dpi_A4\" width=\"1024\" height=\"512\" class=\"rev-slidebg tp-rs-img rs-lazyload\" data-lazyload=\"\/\/pegatera.com\/wp-content\/uploads\/2023\/01\/DORMITORI-DARRERE-4-Pegatera_1024x512_372dpi_A4.jpg\" data-no-retina>\n<!--\n\t\t\t\t\t\t\t--><rs-layer\n\t\t\t\t\t\t\t\tid=\"slider-18-slide-72-layer-1\" \n\t\t\t\t\t\t\t\tdata-type=\"text\"\n\t\t\t\t\t\t\t\tdata-color=\"rgba(84,97,34,1)\"\n\t\t\t\t\t\t\t\tdata-rsp_ch=\"on\"\n\t\t\t\t\t\t\t\tdata-xy=\"x:c;y:347px;\"\n\t\t\t\t\t\t\t\tdata-text=\"w:normal;s:28;l:30;a:center;\"\n\t\t\t\t\t\t\t\tdata-dim=\"w:892px;\"\n\t\t\t\t\t\t\t\tdata-padding=\"t:15;r:50;b:15;l:50;\"\n\t\t\t\t\t\t\t\tdata-frame_1=\"st:9.8959350585938;sp:290;sR:9.8959350585938;\"\n\t\t\t\t\t\t\t\tdata-frame_999=\"o:0;st:3509.8959350586;sp:310;sR:3210;\"\n\t\t\t\t\t\t\t\tstyle=\"z-index:5;font-family:'Indie Flower';background-color:rgba(233, 238, 217, 0.8);\"\n\t\t\t\t\t\t\t>Charme, Ruhe, Slow Life, Entspannung...\nMit Kamin und Grill, Solaranlage, Heizung\n \n\t\t\t\t\t\t\t<\/rs-layer><!--\n-->\t\t\t\t\t\t<\/rs-slide>\n\t\t\t\t\t\t<rs-slide style=\"position: absolute;\" data-key=\"rs-76\" data-title=\"Slide\" data-thumb=\"\/\/pegatera.com\/wp-content\/uploads\/2017\/05\/LA-CASA-1-TUMBONA-75x75.png\" data-duration=\"3510\" data-anim=\"ms:600;\" data-in=\"o:0;\" data-out=\"a:false;\">\n\t\t\t\t\t\t\t<img decoding=\"async\" src=\"\/\/pegatera.com\/wp-content\/plugins\/revslider\/public\/assets\/assets\/dummy.png\" title=\"6-PEGATERA-Casa-C06-1200X600px-300dpi-SLIDERS\" width=\"1200\" height=\"600\" class=\"rev-slidebg tp-rs-img rs-lazyload\" data-lazyload=\"\/\/pegatera.com\/wp-content\/uploads\/2017\/05\/6-PEGATERA-Casa-C06-1200X600px-300dpi-SLIDERS.jpg\" data-no-retina>\n<!--\n\t\t\t\t\t\t\t--><rs-layer\n\t\t\t\t\t\t\t\tid=\"slider-18-slide-76-layer-1\" \n\t\t\t\t\t\t\t\tdata-type=\"text\"\n\t\t\t\t\t\t\t\tdata-color=\"rgba(84,97,34,1)\"\n\t\t\t\t\t\t\t\tdata-rsp_ch=\"on\"\n\t\t\t\t\t\t\t\tdata-xy=\"x:c;y:347px;\"\n\t\t\t\t\t\t\t\tdata-text=\"w:normal;s:28;l:30;a:center;\"\n\t\t\t\t\t\t\t\tdata-dim=\"w:892px;\"\n\t\t\t\t\t\t\t\tdata-padding=\"t:15;r:50;b:15;l:50;\"\n\t\t\t\t\t\t\t\tdata-frame_0=\"tp:600;\"\n\t\t\t\t\t\t\t\tdata-frame_1=\"tp:600;st:9.8959350585938;sp:290;sR:9.8959350585938;\"\n\t\t\t\t\t\t\t\tdata-frame_999=\"o:0;tp:600;st:w;sp:310;sR:3210;\"\n\t\t\t\t\t\t\t\tstyle=\"z-index:5;font-family:'Indie Flower';background-color:rgba(233, 238, 217, 0.8);\"\n\t\t\t\t\t\t\t>Charme, Ruhe, Slow Life, Entspannung...\nMit Kamin und Grill, Solaranlage, Heizung\n \n\t\t\t\t\t\t\t<\/rs-layer><!--\n-->\t\t\t\t\t\t<\/rs-slide>\n\t\t\t\t\t<\/rs-slides>\n\t\t\t\t<\/rs-module>\n\t\t\t\t<script type=\"text\/javascript\">\n\t\t\t\t\tsetREVStartSize({c: 'rev_slider_18_1',rl:[1240,1024,778,480],el:[450],gw:[1100],gh:[450],type:'standard',justify:'',layout:'fullwidth',thumbh:\"87\",mh:\"0\"});if (window.RS_MODULES!==undefined && window.RS_MODULES.modules!==undefined && window.RS_MODULES.modules[\"revslider181\"]!==undefined) {window.RS_MODULES.modules[\"revslider181\"].once = false;window.revapi18 = undefined;if (window.RS_MODULES.checkMinimal!==undefined) window.RS_MODULES.checkMinimal()}\n\t\t\t\t<\/script>\n\t\t\t<\/rs-module-wrap>\n\t\t\t<!-- END REVOLUTION SLIDER -->\n<\/div><div class=\"fusion-clearfix\"><\/div><\/div><\/div><\/div><\/div><div class=\"fusion-fullwidth fullwidth-box fusion-builder-row-2 nonhundred-percent-fullwidth non-hundred-percent-height-scrolling\" style=\"background-color: #ffffff;background-position: center center;background-repeat: no-repeat;padding-top:20px;padding-right:0px;padding-bottom:20px;padding-left:0px;margin-bottom: 0px;margin-top: 50px;border-width: 0px 0px 0px 0px;border-color:#eae9e9;border-style:solid;\" ><div class=\"fusion-builder-row fusion-row\"><div class=\"fusion-layout-column fusion_builder_column fusion-builder-column-1 fusion_builder_column_1_1 1_1 fusion-one-full fusion-column-first fusion-column-last\" style=\"margin-top:0px;margin-bottom:20px;\"><div class=\"fusion-column-wrapper fusion-flex-column-wrapper-legacy\" style=\"background-position:left top;background-repeat:no-repeat;-webkit-background-size:cover;-moz-background-size:cover;-o-background-size:cover;background-size:cover;padding: 0px 0px 0px 0px;\"><style type=\"text\/css\"><\/style><div class=\"fusion-title title fusion-title-1 fusion-sep-none fusion-title-text fusion-title-size-one\" style=\"margin-top:0px;margin-right:0px;margin-bottom:30px;margin-left:0px;\"><h1 class=\"title-heading-left fusion-responsive-typography-calculated\" style=\"margin:0;--fontSize:33;line-height:1.45;\"><h1 style=\"text-align: center; color: #546122; font-size: 32px; margin-top: 40px; font-family: indie flower;\">Nachhaltiges Landhaus in ruhiger und abgeschiedener Lage f\u00fcr 7 Personen, mit Schwimmbad<\/h1><\/h1><\/div><div class=\"fusion-text fusion-text-1\"><p style=\"text-align: center;\">Altes Stein \u2013 und Holzhaus in abgelegener Waldlage, nachhaltige Energieversorgung, Beheizung durch Holz\u00f6fen, Elekrizit\u00e4t durch Sonnenenergie, Wasser direkt aus unserem Brunnen. Eine Huldigung an die Nachhaltigkeit in einer unvergesslichen Gegend, umringt von Wald, wohin das Auge auch nur reicht.<\/p>\n<p style=\"text-align: center;\">Liebevoll restauriert, mit viel Auge f\u00fcr das Detail und daher ein Ort der W\u00e4rme und Geborgenheit, voller Ecken in denen man sich mit Freunden entspannen kann oder einfach nur von allem abschalten\u2026<\/p>\n<\/div><style type=\"text\/css\"><\/style><div class=\"fusion-title title fusion-title-2 fusion-sep-none fusion-title-text fusion-title-size-one\" style=\"margin-top:0px;margin-right:0px;margin-bottom:30px;margin-left:0px;\"><h1 class=\"title-heading-left fusion-responsive-typography-calculated\" style=\"margin:0;--fontSize:33;line-height:1.45;\"><p style=\"text-align: center; color: #546122;\"><strong>Eigenschaften<\/strong><\/p><\/h1><\/div><div class=\"fusion-builder-row fusion-builder-row-inner fusion-row\"><div class=\"fusion-layout-column fusion_builder_column_inner fusion-builder-nested-column-0 fusion_builder_column_inner_1_2 1_2 fusion-one-half fusion-column-first\" style=\"width:50%;width:calc(50% - ( ( 4% ) * 0.5 ) );margin-right: 4%;margin-top:0px;margin-bottom:20px;\"><div class=\"fusion-column-wrapper fusion-flex-column-wrapper-legacy\" style=\"background-position:left top;background-repeat:no-repeat;-webkit-background-size:cover;-moz-background-size:cover;-o-background-size:cover;background-size:cover;padding: 0px 0px 0px 0px;\"><div class=\"fusion-text fusion-text-2\"><ul style=\"list-style: none; color: #8f5927; font-size: 21px; padding-left: 0px; margin: 0;\">\n<li class=\"estil_guio\">Kapazit\u00e4t f\u00fcr 7 G\u00e4ste<\/li>\n<li class=\"estil_guio\">Nutzfl\u00e4che: 200 m2<\/li>\n<li class=\"estil_guio\">alleinstehendes Haus<\/li>\n<li class=\"estil_guio\">Das Wasser flie\u00dft direkt aus einer Bergquelle (nicht f\u00fcr die Abwasserentsorgung aufbereitet)<\/li>\n<li class=\"estil_guio\">Solargewonnenes Licht<\/li>\n<li class=\"estil_guio\">Warmwasser, Herd und Backofen werden mit Butangas betrieben<\/li>\n<li class=\"estil_guio\">Elektrischer K\u00fchlschrank.<\/li>\n<li class=\"estil_guio\">Das Haus hat Zentralheizung mit Heizk\u00f6rpern<\/li>\n<li class=\"estil_guio\">Schwimmbad zur privaten Nutzung* (Mai, Juni, Juli, August, September, Oktober)<\/li>\n<li class=\"estil_guio\">Haustiere erlaubt<\/li>\n<li class=\"estil_guio\">Nicht-Raucher-Haus<\/li>\n<li class=\"estil_guio\">Mobilfunkabdeckung, (kein WIFI)<\/li>\n<\/ul>\n<\/div><div class=\"fusion-clearfix\"><\/div><\/div><\/div><div class=\"fusion-layout-column fusion_builder_column_inner fusion-builder-nested-column-1 fusion_builder_column_inner_1_2 1_2 fusion-one-half fusion-column-last\" style=\"width:50%;width:calc(50% - ( ( 4% ) * 0.5 ) );margin-top:0px;margin-bottom:20px;\"><div class=\"fusion-column-wrapper fusion-flex-column-wrapper-legacy\" style=\"background-position:left top;background-repeat:no-repeat;-webkit-background-size:cover;-moz-background-size:cover;-o-background-size:cover;background-size:cover;padding: 0px 0px 0px 0px;\"><div class=\"fusion-text fusion-text-3\"><ul style=\"list-style: none; color: #8f5927; font-size: 21px; padding-left: 0px; margin: 0;\">\n<li class=\"estil_guio\">Esszimmer mit Kamin<\/li>\n<li class=\"estil_guio\">Wohnzimmer mit Kamin und W\u00e4rmer\u00fcckgewinner<\/li>\n<li class=\"estil_guio\">K\u00fcche mit s\u00e4mtlichem Geschirr und Kochutensilien<\/li>\n<li class=\"estil_guio\">OROLEY Kaffeemaschinen in verschiedenen Gr\u00f6\u00dfen und Nespresso Maschinen Waschmaschine<\/li>\n<li class=\"estil_guio\">Ein Schlafzimmer mit zwei Einzelbetten<\/li>\n<li class=\"estil_guio\">Ein Schlafzimmer mit Doppelbett und Kinderbett<\/li>\n<li class=\"estil_guio\">Ein Schlafzimmer mit drei Einzelbetten<\/li>\n<li class=\"estil_guio\">Zwei B\u00e4der mit Dusche<\/li>\n<li class=\"estil_guio\">Umz\u00e4unter Garten mit Gartenm\u00f6beln und Grill.<\/li>\n<\/ul>\n<\/div><div class=\"fusion-clearfix\"><\/div><\/div><\/div><\/div><style type=\"text\/css\"><\/style><div class=\"fusion-title title fusion-title-3 fusion-sep-none fusion-title-text fusion-title-size-one\" style=\"margin-top:0px;margin-right:0px;margin-bottom:30px;margin-left:0px;\"><h1 class=\"title-heading-left fusion-responsive-typography-calculated\" style=\"margin:0;--fontSize:33;line-height:1.45;\"><p style=\"text-align: center; color: #546122;\"><strong>Tiny House \u201eEl Forn de La Pegatera\u201d f\u00fcr 2 Personen<\/strong><\/p><\/h1><\/div><div class=\"fusion-text fusion-text-4\"><p style=\"text-align: center;\">Entdecken Sie unser Tiny House f\u00fcr zwei Personen, das im ehemaligen Brotbackofen von La Pegatera gebaut wurde. Es wurde mit viel Respekt und Liebe restauriert, wobei sein urspr\u00fcnglicher Charakter erhalten blieb. Ein authentischer, warmer und gem\u00fctlicher Ort, ideal, um zu zweit abzuschalten. Ein einziger Raum mit K\u00fcche, K\u00fchlschrank, Essbereich und Galerie mit Doppelbett und Sitzecke. Komplett ausgestattetes Badezimmer. Mit Zugang zum gemeinsamen Swimmingpool*, umgeben von Natur. Nur f\u00fcr Erwachsene. Es ist klein und komfortabel, bietet jedoch keinen Platz f\u00fcr Hunde.<\/p>\n<\/div><div class=\"fusion-text fusion-text-5\"><p style=\"color: #8f5927; font-size: 16px; font-family: indie flower; text-align: center;\">*Das Schwimmbad ist ausschliesslich zum Privatgebrauch geeignet und nur unter eigener Verantwortung zu benutzen.Die Eigent\u00fcmer sind nicht verantwortlich f\u00fcr Verletzungen oder Unf\u00e4lle der G\u00e4ste.Die Haustiere d\u00fcrfen nicht im Schwimmbad schwimmen.<\/p>\n<\/div><div class=\"fusion-text fusion-text-6\"><p style=\"color: #8f5927; font-size: 16px; font-family: indie flower; text-align: center;\">Die Besitzer wohnen im anderen Haus auf dem Grundst\u00fcck.<\/p>\n<\/div><div class=\"fusion-clearfix\"><\/div><\/div><\/div><\/div><\/div><\/p>\n","protected":false},"excerpt":{"rendered":"","protected":false},"author":1,"featured_media":0,"parent":0,"menu_order":0,"comment_status":"closed","ping_status":"closed","template":"","meta":{"footnotes":""},"yoast_head":"<!-- This site is optimized with the Yoast SEO plugin v21.6 - https:\/\/yoast.com\/wordpress\/plugins\/seo\/ -->\n<title>Im Wald, es gibt keine weiteren Nachbarn - Natur pur! - Charme<\/title>\n<meta name=\"description\" content=\"Haus f\u00fcr 7 G\u00e4ste. Ganzes Haus wird vermietet. Min. 2 N\u00e4chte. Charme, Ruhe, Entspannung... Mit Kamin und Grill, Solaranlage, Holzbeheizung\" \/>\n<meta name=\"robots\" content=\"index, follow, max-snippet:-1, max-image-preview:large, max-video-preview:-1\" \/>\n<link rel=\"canonical\" href=\"https:\/\/pegatera.com\/de\/das-haus\/\" \/>\n<meta property=\"og:locale\" content=\"de_DE\" \/>\n<meta property=\"og:type\" content=\"article\" \/>\n<meta property=\"og:title\" content=\"Im Wald, es gibt keine weiteren Nachbarn - Natur pur! - Charme\" \/>\n<meta property=\"og:description\" content=\"Haus f\u00fcr 7 G\u00e4ste. Ganzes Haus wird vermietet. Min. 2 N\u00e4chte. Charme, Ruhe, Entspannung... Mit Kamin und Grill, Solaranlage, Holzbeheizung\" \/>\n<meta property=\"og:url\" content=\"https:\/\/pegatera.com\/de\/das-haus\/\" \/>\n<meta property=\"og:site_name\" content=\"La Pegatera - L\u00e4ndliches Tourismushaus\" \/>\n<meta property=\"article:publisher\" content=\"https:\/\/www.facebook.com\/La-Pegatera-324631606201\/\" \/>\n<meta property=\"article:modified_time\" content=\"2025-11-13T11:47:38+00:00\" \/>\n<meta name=\"twitter:card\" content=\"summary_large_image\" \/>\n<meta name=\"twitter:label1\" content=\"Gesch\u00e4tzte Lesezeit\" \/>\n\t<meta name=\"twitter:data1\" content=\"4\u00a0Minuten\" \/>\n<script type=\"application\/ld+json\" class=\"yoast-schema-graph\">{\"@context\":\"https:\/\/schema.org\",\"@graph\":[{\"@type\":\"WebPage\",\"@id\":\"https:\/\/pegatera.com\/de\/das-haus\/\",\"url\":\"https:\/\/pegatera.com\/de\/das-haus\/\",\"name\":\"Im Wald, es gibt keine weiteren Nachbarn - Natur pur! - Charme\",\"isPartOf\":{\"@id\":\"https:\/\/pegatera.com\/#website\"},\"datePublished\":\"2017-03-29T07:22:47+00:00\",\"dateModified\":\"2025-11-13T11:47:38+00:00\",\"description\":\"Haus f\u00fcr 7 G\u00e4ste. Ganzes Haus wird vermietet. Min. 2 N\u00e4chte. Charme, Ruhe, Entspannung... Mit Kamin und Grill, Solaranlage, Holzbeheizung\",\"breadcrumb\":{\"@id\":\"https:\/\/pegatera.com\/de\/das-haus\/#breadcrumb\"},\"inLanguage\":\"de\",\"potentialAction\":[{\"@type\":\"ReadAction\",\"target\":[\"https:\/\/pegatera.com\/de\/das-haus\/\"]}]},{\"@type\":\"BreadcrumbList\",\"@id\":\"https:\/\/pegatera.com\/de\/das-haus\/#breadcrumb\",\"itemListElement\":[{\"@type\":\"ListItem\",\"position\":1,\"name\":\"Home\",\"item\":\"https:\/\/pegatera.com\/\"},{\"@type\":\"ListItem\",\"position\":2,\"name\":\"Das Haus\"}]},{\"@type\":\"WebSite\",\"@id\":\"https:\/\/pegatera.com\/#website\",\"url\":\"https:\/\/pegatera.com\/\",\"name\":\"La Pegatera - L\u00e4ndliches Tourismushaus\",\"description\":\"Einfamilienhaus, l\u00e4ndlicher Tourismus Alt Urgell, Coll de Narg\u00f3, Pyren\u00e4en, Lleida. Boumort.\",\"potentialAction\":[{\"@type\":\"SearchAction\",\"target\":{\"@type\":\"EntryPoint\",\"urlTemplate\":\"https:\/\/pegatera.com\/?s={search_term_string}\"},\"query-input\":\"required name=search_term_string\"}],\"inLanguage\":\"de\"}]}<\/script>\n<!-- \/ Yoast SEO plugin. -->","yoast_head_json":{"title":"Im Wald, es gibt keine weiteren Nachbarn - Natur pur! - Charme","description":"Haus f\u00fcr 7 G\u00e4ste. Ganzes Haus wird vermietet. Min. 2 N\u00e4chte. Charme, Ruhe, Entspannung... Mit Kamin und Grill, Solaranlage, Holzbeheizung","robots":{"index":"index","follow":"follow","max-snippet":"max-snippet:-1","max-image-preview":"max-image-preview:large","max-video-preview":"max-video-preview:-1"},"canonical":"https:\/\/pegatera.com\/de\/das-haus\/","og_locale":"de_DE","og_type":"article","og_title":"Im Wald, es gibt keine weiteren Nachbarn - Natur pur! - Charme","og_description":"Haus f\u00fcr 7 G\u00e4ste. Ganzes Haus wird vermietet. Min. 2 N\u00e4chte. Charme, Ruhe, Entspannung... Mit Kamin und Grill, Solaranlage, Holzbeheizung","og_url":"https:\/\/pegatera.com\/de\/das-haus\/","og_site_name":"La Pegatera - L\u00e4ndliches Tourismushaus","article_publisher":"https:\/\/www.facebook.com\/La-Pegatera-324631606201\/","article_modified_time":"2025-11-13T11:47:38+00:00","twitter_card":"summary_large_image","twitter_misc":{"Gesch\u00e4tzte Lesezeit":"4\u00a0Minuten"},"schema":{"@context":"https:\/\/schema.org","@graph":[{"@type":"WebPage","@id":"https:\/\/pegatera.com\/de\/das-haus\/","url":"https:\/\/pegatera.com\/de\/das-haus\/","name":"Im Wald, es gibt keine weiteren Nachbarn - Natur pur! - Charme","isPartOf":{"@id":"https:\/\/pegatera.com\/#website"},"datePublished":"2017-03-29T07:22:47+00:00","dateModified":"2025-11-13T11:47:38+00:00","description":"Haus f\u00fcr 7 G\u00e4ste. Ganzes Haus wird vermietet. Min. 2 N\u00e4chte. Charme, Ruhe, Entspannung... Mit Kamin und Grill, Solaranlage, Holzbeheizung","breadcrumb":{"@id":"https:\/\/pegatera.com\/de\/das-haus\/#breadcrumb"},"inLanguage":"de","potentialAction":[{"@type":"ReadAction","target":["https:\/\/pegatera.com\/de\/das-haus\/"]}]},{"@type":"BreadcrumbList","@id":"https:\/\/pegatera.com\/de\/das-haus\/#breadcrumb","itemListElement":[{"@type":"ListItem","position":1,"name":"Home","item":"https:\/\/pegatera.com\/"},{"@type":"ListItem","position":2,"name":"Das Haus"}]},{"@type":"WebSite","@id":"https:\/\/pegatera.com\/#website","url":"https:\/\/pegatera.com\/","name":"La Pegatera - L\u00e4ndliches Tourismushaus","description":"Einfamilienhaus, l\u00e4ndlicher Tourismus Alt Urgell, Coll de Narg\u00f3, Pyren\u00e4en, Lleida. Boumort.","potentialAction":[{"@type":"SearchAction","target":{"@type":"EntryPoint","urlTemplate":"https:\/\/pegatera.com\/?s={search_term_string}"},"query-input":"required name=search_term_string"}],"inLanguage":"de"}]}},"_links":{"self":[{"href":"https:\/\/pegatera.com\/de\/wp-json\/wp\/v2\/pages\/13567"}],"collection":[{"href":"https:\/\/pegatera.com\/de\/wp-json\/wp\/v2\/pages"}],"about":[{"href":"https:\/\/pegatera.com\/de\/wp-json\/wp\/v2\/types\/page"}],"author":[{"embeddable":true,"href":"https:\/\/pegatera.com\/de\/wp-json\/wp\/v2\/users\/1"}],"replies":[{"embeddable":true,"href":"https:\/\/pegatera.com\/de\/wp-json\/wp\/v2\/comments?post=13567"}],"version-history":[{"count":31,"href":"https:\/\/pegatera.com\/de\/wp-json\/wp\/v2\/pages\/13567\/revisions"}],"predecessor-version":[{"id":16068,"href":"https:\/\/pegatera.com\/de\/wp-json\/wp\/v2\/pages\/13567\/revisions\/16068"}],"wp:attachment":[{"href":"https:\/\/pegatera.com\/de\/wp-json\/wp\/v2\/media?parent=13567"}],"curies":[{"name":"wp","href":"https:\/\/api.w.org\/{rel}","templated":true}]}}