{"id":13592,"date":"2017-04-04T08:40:49","date_gmt":"2017-04-04T07:40:49","guid":{"rendered":"http:\/\/pegatera.com\/preus\/"},"modified":"2026-03-31T18:56:42","modified_gmt":"2026-03-31T17:56:42","slug":"preise","status":"publish","type":"page","link":"https:\/\/pegatera.com\/de\/preise\/","title":{"rendered":"Preise"},"content":{"rendered":"<div class=\"fusion-fullwidth fullwidth-box fusion-builder-row-1 nonhundred-percent-fullwidth non-hundred-percent-height-scrolling\" style=\"background-color: #ffffff;background-position: center center;background-repeat: no-repeat;padding-top:0px;padding-right:0px;padding-bottom:0px;padding-left:0px;margin-bottom: 0px;margin-top: 0px;border-width: 0px 0px 0px 0px;border-color:#eae9e9;border-style:solid;\" ><div class=\"fusion-builder-row fusion-row\"><div class=\"fusion-layout-column fusion_builder_column fusion-builder-column-0 fusion_builder_column_1_1 1_1 fusion-one-full fusion-column-first fusion-column-last\" style=\"margin-top:0px;margin-bottom:20px;\"><div class=\"fusion-column-wrapper fusion-flex-column-wrapper-legacy\" style=\"background-position:left top;background-repeat:no-repeat;-webkit-background-size:cover;-moz-background-size:cover;-o-background-size:cover;background-size:cover;padding: 0px 0px 0px 0px;\"><div class=\"imageframe-align-center\"><span class=\" fusion-imageframe imageframe-none imageframe-1 hover-type-none\"><img decoding=\"async\" width=\"1200\" height=\"600\" title=\"IMG_1458_PREUS-1200x600px\" src=\"https:\/\/pegatera.com\/wp-content\/uploads\/2017\/06\/IMG_1458_PREUS-1200x600px.jpg\" alt class=\"img-responsive wp-image-14016\" srcset=\"https:\/\/pegatera.com\/wp-content\/uploads\/2017\/06\/IMG_1458_PREUS-1200x600px-200x100.jpg 200w, https:\/\/pegatera.com\/wp-content\/uploads\/2017\/06\/IMG_1458_PREUS-1200x600px-400x200.jpg 400w, https:\/\/pegatera.com\/wp-content\/uploads\/2017\/06\/IMG_1458_PREUS-1200x600px-600x300.jpg 600w, https:\/\/pegatera.com\/wp-content\/uploads\/2017\/06\/IMG_1458_PREUS-1200x600px-800x400.jpg 800w, https:\/\/pegatera.com\/wp-content\/uploads\/2017\/06\/IMG_1458_PREUS-1200x600px.jpg 1200w\" sizes=\"(max-width: 800px) 100vw, 1200px\" \/><\/span><\/div><style type=\"text\/css\"><\/style><div class=\"fusion-title title fusion-title-1 fusion-sep-none fusion-title-text fusion-title-size-one\" style=\"margin-top:35px;margin-right:0px;margin-bottom:30px;margin-left:0px;\"><h1 class=\"title-heading-left fusion-responsive-typography-calculated\" style=\"margin:0;--fontSize:33;line-height:1.45;\"><p style=\"text-align: center; color: #546122; font-size: 32px;\">Haus f\u00fcr 6 G\u00e4ste. Ganzes Haus wird vermietet. Min. 2 N\u00e4chte<\/p><\/h1><\/div><div class=\"fusion-builder-row fusion-builder-row-inner fusion-row\"><div class=\"fusion-layout-column fusion_builder_column_inner fusion-builder-nested-column-0 fusion_builder_column_inner_1_2 1_2 fusion-one-half fusion-column-first\" style=\"width:50%;width:calc(50% - ( ( 4% ) * 0.5 ) );margin-right: 4%;margin-top:0px;margin-bottom:20px;\"><div class=\"fusion-column-wrapper fusion-flex-column-wrapper-legacy\" style=\"background-position:left top;background-repeat:no-repeat;-webkit-background-size:cover;-moz-background-size:cover;-o-background-size:cover;background-size:cover;padding: 0px 0px 0px 0px;\"><style type=\"text\/css\"><\/style><div class=\"fusion-title title fusion-title-2 fusion-sep-none fusion-title-text fusion-title-size-one\" style=\"margin-top:0px;margin-right:0px;margin-bottom:0px;margin-left:0px;\"><h1 class=\"title-heading-left fusion-responsive-typography-calculated\" style=\"margin:0;--fontSize:33;line-height:1.45;\"><p style=\"font-size: 28px; color: #512b1c; text-align: left;\">Tarif 2026<\/p><\/h1><\/div><div class=\"fusion-text fusion-text-1\"><ul style=\"list-style: none; color: #8f5927; font-size: 21px; padding-left: 0px; margin: 0;\">\n<li class=\"estil_guio\">2 N\u00e4chte (Mindestmiete)&#8230; 552 \u20ac<\/li>\n<li class=\"estil_guio\">Tag extra&#8230; 276 \u20ac<\/li>\n<li class=\"estil_guio\">Woche&#8230; 1.656 \u20ac<\/li>\n<li class=\"estil_guio\">Person extra pro Nacht&#8230; 46 \u20ac<\/li>\n<li class=\"estil_guio\">Lange Wochenende werden komplett vermietet<\/li>\n<li class=\"estil_guio\">Babbys schlafen gratis im Kinderbett<\/li>\n<li class=\"estil_guio\">Juli und August werden wochenweise vermietet:<br \/>\nCheck-In freitags um 17.00 und Check-Out freitags um 10.00<\/li>\n<\/ul>\n<\/div><div class=\"fusion-clearfix\"><\/div><\/div><\/div><div class=\"fusion-layout-column fusion_builder_column_inner fusion-builder-nested-column-1 fusion_builder_column_inner_1_2 1_2 fusion-one-half fusion-column-last\" style=\"width:50%;width:calc(50% - ( ( 4% ) * 0.5 ) );margin-top:0px;margin-bottom:20px;\"><div class=\"fusion-column-wrapper fusion-flex-column-wrapper-legacy\" style=\"background-position:left top;background-repeat:no-repeat;-webkit-background-size:cover;-moz-background-size:cover;-o-background-size:cover;background-size:cover;padding: 0px 0px 0px 0px;\"><style type=\"text\/css\"><\/style><div class=\"fusion-title title fusion-title-3 fusion-sep-none fusion-title-text fusion-title-size-one\" style=\"margin-top:0px;margin-right:0px;margin-bottom:0px;margin-left:0px;\"><h1 class=\"title-heading-left fusion-responsive-typography-calculated\" style=\"margin:0;--fontSize:33;line-height:1.45;\"><p style=\"font-size: 28px; color: #512b1c; text-align: left;\">Im Preis inklusive:<\/p><\/h1><\/div><div class=\"fusion-text fusion-text-2\"><ul style=\"list-style: none; color: #8f5927; font-size: 21px; padding-left: 0px; margin: 0;\">\n<li class=\"estil_guio\">Bettw\u00e4sche: Laken, Kopfkissen und Bettdecken, ein Handtuch und ein Badetuch pro Person.<\/li>\n<li class=\"estil_guio\">Im Juli und August, ein Poolhandtuch pro Person.<\/li>\n<li class=\"estil_guio\">Voll ausgestattete K\u00fcche zum Kochen und Essen sowie eine Grundausstattung an Reinigungsmitteln.<\/li>\n<li class=\"estil_guio\">Brennholz, Strom, Wasser, Gas und Kerzen.<\/li>\n<li class=\"estil_guio\">Heizung<\/li>\n<\/ul>\n<\/div><div class=\"fusion-clearfix\"><\/div><\/div><\/div><\/div><style type=\"text\/css\"><\/style><div class=\"fusion-title title fusion-title-4 fusion-sep-none fusion-title-text fusion-title-size-one\" style=\"margin-top:0px;margin-right:0px;margin-bottom:0px;margin-left:0px;\"><h1 class=\"title-heading-left fusion-responsive-typography-calculated\" style=\"margin:0;--fontSize:33;line-height:1.45;\"><p style=\"text-align: center; font-size: 28px; color: #512b1c;\">Haustiere: Hunde und Katzen sind erlaubt.<br \/>\n(Aufschlag ab dem 2. Tier)<\/p><\/h1><\/div><div class=\"fusion-text fusion-text-3\"><p style=\"font-size: 21px; color: #8f5927; text-align: center;\">Ihre Haustiere sind in La Pegatera willkommen. Wenn mehr als ein Haustier Sie begleitet, ab dem zweiten, gibt es einen Zuschlag von 15 \u20ac pro Haustier pro vollen Aufenthalt. Bitte halten Sie sie im Erdgeschoss des Hauses und heben Sie ihre Exkremente im Hof und in der Umgebung auf. Zu ihrem eigenen Wohl sollten sie nicht allein im Haus oder auf dem Hof gelassen werden, und sie sollten nicht im Pool schwimmen. Im Tiny House \u201eEl Forn de La Pegatera\u201d k\u00f6nnen wir keine Hunde aufnehmen.<\/p>\n<\/div><style type=\"text\/css\"><\/style><div class=\"fusion-title title fusion-title-5 fusion-sep-none fusion-title-text fusion-title-size-one\" style=\"margin-top:35px;margin-right:0px;margin-bottom:30px;margin-left:0px;\"><h1 class=\"title-heading-left fusion-responsive-typography-calculated\" style=\"margin:0;--fontSize:33;line-height:1.45;\"><p style=\"text-align: center; color: #546122; font-size: 32px;\">\u201eForn de La Pegatera\u201c. Tiny House f\u00fcr 2 Personen. Wird komplett vermietet. Mindestaufenthalt 2 N\u00e4chte.<\/p><\/h1><\/div><div class=\"fusion-builder-row fusion-builder-row-inner fusion-row\"><div class=\"fusion-layout-column fusion_builder_column_inner fusion-builder-nested-column-2 fusion_builder_column_inner_1_2 1_2 fusion-one-half fusion-column-first\" style=\"width:50%;width:calc(50% - ( ( 4% ) * 0.5 ) );margin-right: 4%;margin-top:0px;margin-bottom:20px;\"><div class=\"fusion-column-wrapper fusion-flex-column-wrapper-legacy\" style=\"background-position:left top;background-repeat:no-repeat;-webkit-background-size:cover;-moz-background-size:cover;-o-background-size:cover;background-size:cover;padding: 0px 0px 0px 0px;\"><style type=\"text\/css\"><\/style><div class=\"fusion-title title fusion-title-6 fusion-sep-none fusion-title-text fusion-title-size-one\" style=\"margin-top:0px;margin-right:0px;margin-bottom:0px;margin-left:0px;\"><h1 class=\"title-heading-left fusion-responsive-typography-calculated\" style=\"margin:0;--fontSize:33;line-height:1.45;\"><p style=\"font-size: 28px; color: #512b1c; text-align: left;\">Tarif 2026<\/p><\/h1><\/div><div class=\"fusion-text fusion-text-4\"><ul style=\"list-style: none; color: #8f5927; font-size: 21px; padding-left: 0px; margin: 0;\">\n<li style=\"list-style-type: none;\">\n<ul style=\"list-style: none; color: #8f5927; font-size: 21px; padding-left: 0px; margin: 0;\">\n<li class=\"estil_guio\">1 Nacht (mindestens 2 N\u00e4chte)&#8230;.90 \u20ac<\/li>\n<li class=\"estil_guio\">Woche&#8230;630 \u20ac<\/li>\n<\/ul>\n<\/li>\n<\/ul>\n<\/div><div class=\"fusion-clearfix\"><\/div><\/div><\/div><div class=\"fusion-layout-column fusion_builder_column_inner fusion-builder-nested-column-3 fusion_builder_column_inner_1_2 1_2 fusion-one-half fusion-column-last\" style=\"width:50%;width:calc(50% - ( ( 4% ) * 0.5 ) );margin-top:0px;margin-bottom:20px;\"><div class=\"fusion-column-wrapper fusion-flex-column-wrapper-legacy\" style=\"background-position:left top;background-repeat:no-repeat;-webkit-background-size:cover;-moz-background-size:cover;-o-background-size:cover;background-size:cover;padding: 0px 0px 0px 0px;\"><style type=\"text\/css\"><\/style><div class=\"fusion-title title fusion-title-7 fusion-sep-none fusion-title-text fusion-title-size-one\" style=\"margin-top:0px;margin-right:0px;margin-bottom:0px;margin-left:0px;\"><h1 class=\"title-heading-left fusion-responsive-typography-calculated\" style=\"margin:0;--fontSize:33;line-height:1.45;\"><p style=\"font-size: 28px; color: #512b1c; text-align: left;\">Im Preis inklusive:<\/p><\/h1><\/div><div class=\"fusion-text fusion-text-5\"><ul style=\"list-style: none; color: #8f5927; font-size: 21px; padding-left: 0px; margin: 0;\">\n<li style=\"list-style-type: none;\">\n<ul style=\"list-style: none; color: #8f5927; font-size: 21px; padding-left: 0px; margin: 0;\">\n<li style=\"list-style-type: none;\">\n<ul style=\"list-style: none; color: #8f5927; font-size: 21px; padding-left: 0px; margin: 0;\">\n<li class=\"estil_guio\">Bettw\u00e4sche: Laken, Kopfkissen und Bettdecken, ein Handtuch und ein Badetuch pro Person.<\/li>\n<li class=\"estil_guio\">Im Juli und August, ein Poolhandtuch pro Person.<\/li>\n<li class=\"estil_guio\">Voll ausgestattete K\u00fcche zum Kochen und Essen sowie eine Grundausstattung an Reinigungsmitteln.<\/li>\n<li class=\"estil_guio\">Brennholz, Strom, Wasser, Gas und Kerzen.<\/li>\n<li class=\"estil_guio\">Heizung<\/li>\n<\/ul>\n<\/li>\n<\/ul>\n<\/li>\n<\/ul>\n<\/div><div class=\"fusion-clearfix\"><\/div><\/div><\/div><\/div><style type=\"text\/css\"><\/style><div class=\"fusion-title title fusion-title-8 fusion-sep-none fusion-title-text fusion-title-size-one\" style=\"margin-top:0px;margin-right:0px;margin-bottom:0px;margin-left:0px;\"><h1 class=\"title-heading-left fusion-responsive-typography-calculated\" style=\"margin:0;--fontSize:33;line-height:1.45;\"><p style=\"text-align: center; font-size: 28px; color: #512b1c;\">Zahlungsbedingungen<\/p><\/h1><\/div><div class=\"fusion-text fusion-text-6\"><p style=\"font-size: 21px; color: #8f5927; text-align: center;\">Wenn Sie reservieren m\u00f6chten, m\u00fcssen 25% des Gesamtbetrags im Vorraus bezahlt werden. Wird eine Buchung 15 Tage vor Vertragsbeginn abgesagt, wird die Anzahlung nicht zur\u00fcckerstattet. Zahlungen k\u00f6nnen per Banktransfer oder in bar durchgef\u00fchrt werden.<\/p>\n<p style=\"font-size: 21px; color: #8f5927; text-align: center;\">Die Kurtaxe (2 \u20ac pro Person und Nacht) ist nicht im Preis enthalten. Sie ist bei der Ankunft in bar zu zahlen.<\/p>\n<\/div><style type=\"text\/css\"><\/style><div class=\"fusion-title title fusion-title-9 fusion-sep-none fusion-title-text fusion-title-size-one\" style=\"margin-top:0px;margin-right:0px;margin-bottom:0px;margin-left:0px;\"><h1 class=\"title-heading-left fusion-responsive-typography-calculated\" style=\"margin:0;--fontSize:33;line-height:1.45;\"><p style=\"text-align: center; font-size: 28px; color: #512b1c;\">Hausregeln<\/p><\/h1><\/div><div class=\"fusion-text fusion-text-7\"><p style=\"font-size: 21px; color: #8f5927; text-align: center;\">Das Rauchen ist im Haus nicht gestattet.<br \/>\nWenn Sie drau\u00dfen rauchen, nehmen Sie bitte Ihre Zigarettenstummel mit. FEUERGEFAHR besteht!<br \/>\nIm Freien sind Feuerwerksk\u00f6rper und Lagerfeuer (au\u00dfer auf dem Grill) strengstens verboten. ES BESTEHT BRANDGEFAHR.<br \/>\nDie G\u00e4ste sind daf\u00fcr verantwortlich, ihren M\u00fcll zum Coll de Narg\u00f3 zu bringen und dort zu entsorgen.<br \/>\nDas Schwimmbad ist f\u00fcr den privaten Gebrauch. Die Benutzung erfolgt auf eigene Gefahr, und Haustiere d\u00fcrfen nicht darin schwimmen. Die Eigent\u00fcmer \u00fcbernehmen keine Verantwortung f\u00fcr Verletzungen, Unf\u00e4lle oder Sch\u00e4den, die w\u00e4hrend der Nutzung auftreten k\u00f6nnen. Bitte achten Sie darauf, dass die T\u00fcren der Scheune und des Pools immer geschlossen sind, um das Eindringen von Wildschweinen zu verhindern. Die Eigent\u00fcmer \u00fcbernehmen keine Verantwortung f\u00fcr den Zustand der Stra\u00dfen und Wege sowie f\u00fcr die Wetterbedingungen. Au\u00dferdem \u00fcbernehmen die Eigent\u00fcmer keine Verantwortung f\u00fcr Verletzungen, Unf\u00e4lle oder andere Sch\u00e4den an G\u00e4sten oder Haustieren im Haus oder im Freien.<\/p>\n<\/div><div class=\"fusion-clearfix\"><\/div><\/div><\/div><\/div><\/div>\n","protected":false},"excerpt":{"rendered":"","protected":false},"author":1,"featured_media":0,"parent":0,"menu_order":0,"comment_status":"closed","ping_status":"closed","template":"","meta":{"footnotes":""},"yoast_head":"<!-- This site is optimized with the Yoast SEO plugin v21.6 - https:\/\/yoast.com\/wordpress\/plugins\/seo\/ -->\n<title>Im Wald, es gibt keine weiteren Nachbarn - Natur pur! - Charme<\/title>\n<meta name=\"description\" content=\"Haus f\u00fcr 7 G\u00e4ste. Ganzes Haus wird vermietet. Min. 2 N\u00e4chte. Charme, Ruhe, Entspannung... Mit Kamin und Grill, Solaranlage, Holzbeheizung\" \/>\n<meta name=\"robots\" content=\"index, follow, max-snippet:-1, max-image-preview:large, max-video-preview:-1\" \/>\n<link rel=\"canonical\" href=\"https:\/\/pegatera.com\/de\/preise\/\" \/>\n<meta property=\"og:locale\" content=\"de_DE\" \/>\n<meta property=\"og:type\" content=\"article\" \/>\n<meta property=\"og:title\" content=\"Im Wald, es gibt keine weiteren Nachbarn - Natur pur! - Charme\" \/>\n<meta property=\"og:description\" content=\"Haus f\u00fcr 7 G\u00e4ste. Ganzes Haus wird vermietet. Min. 2 N\u00e4chte. Charme, Ruhe, Entspannung... Mit Kamin und Grill, Solaranlage, Holzbeheizung\" \/>\n<meta property=\"og:url\" content=\"https:\/\/pegatera.com\/de\/preise\/\" \/>\n<meta property=\"og:site_name\" content=\"La Pegatera - L\u00e4ndliches Tourismushaus\" \/>\n<meta property=\"article:publisher\" content=\"https:\/\/www.facebook.com\/La-Pegatera-324631606201\/\" \/>\n<meta property=\"article:modified_time\" content=\"2026-03-31T17:56:42+00:00\" \/>\n<meta name=\"twitter:card\" content=\"summary_large_image\" \/>\n<meta name=\"twitter:label1\" content=\"Gesch\u00e4tzte Lesezeit\" \/>\n\t<meta name=\"twitter:data1\" content=\"5\u00a0Minuten\" \/>\n<script type=\"application\/ld+json\" class=\"yoast-schema-graph\">{\"@context\":\"https:\/\/schema.org\",\"@graph\":[{\"@type\":\"WebPage\",\"@id\":\"https:\/\/pegatera.com\/de\/preise\/\",\"url\":\"https:\/\/pegatera.com\/de\/preise\/\",\"name\":\"Im Wald, es gibt keine weiteren Nachbarn - Natur pur! - Charme\",\"isPartOf\":{\"@id\":\"https:\/\/pegatera.com\/#website\"},\"datePublished\":\"2017-04-04T07:40:49+00:00\",\"dateModified\":\"2026-03-31T17:56:42+00:00\",\"description\":\"Haus f\u00fcr 7 G\u00e4ste. Ganzes Haus wird vermietet. Min. 2 N\u00e4chte. Charme, Ruhe, Entspannung... Mit Kamin und Grill, Solaranlage, Holzbeheizung\",\"breadcrumb\":{\"@id\":\"https:\/\/pegatera.com\/de\/preise\/#breadcrumb\"},\"inLanguage\":\"de\",\"potentialAction\":[{\"@type\":\"ReadAction\",\"target\":[\"https:\/\/pegatera.com\/de\/preise\/\"]}]},{\"@type\":\"BreadcrumbList\",\"@id\":\"https:\/\/pegatera.com\/de\/preise\/#breadcrumb\",\"itemListElement\":[{\"@type\":\"ListItem\",\"position\":1,\"name\":\"Home\",\"item\":\"https:\/\/pegatera.com\/\"},{\"@type\":\"ListItem\",\"position\":2,\"name\":\"Preise\"}]},{\"@type\":\"WebSite\",\"@id\":\"https:\/\/pegatera.com\/#website\",\"url\":\"https:\/\/pegatera.com\/\",\"name\":\"La Pegatera - L\u00e4ndliches Tourismushaus\",\"description\":\"Einfamilienhaus, l\u00e4ndlicher Tourismus Alt Urgell, Coll de Narg\u00f3, Pyren\u00e4en, Lleida. Boumort.\",\"potentialAction\":[{\"@type\":\"SearchAction\",\"target\":{\"@type\":\"EntryPoint\",\"urlTemplate\":\"https:\/\/pegatera.com\/?s={search_term_string}\"},\"query-input\":\"required name=search_term_string\"}],\"inLanguage\":\"de\"}]}<\/script>\n<!-- \/ Yoast SEO plugin. -->","yoast_head_json":{"title":"Im Wald, es gibt keine weiteren Nachbarn - Natur pur! - Charme","description":"Haus f\u00fcr 7 G\u00e4ste. Ganzes Haus wird vermietet. Min. 2 N\u00e4chte. Charme, Ruhe, Entspannung... Mit Kamin und Grill, Solaranlage, Holzbeheizung","robots":{"index":"index","follow":"follow","max-snippet":"max-snippet:-1","max-image-preview":"max-image-preview:large","max-video-preview":"max-video-preview:-1"},"canonical":"https:\/\/pegatera.com\/de\/preise\/","og_locale":"de_DE","og_type":"article","og_title":"Im Wald, es gibt keine weiteren Nachbarn - Natur pur! - Charme","og_description":"Haus f\u00fcr 7 G\u00e4ste. Ganzes Haus wird vermietet. Min. 2 N\u00e4chte. Charme, Ruhe, Entspannung... Mit Kamin und Grill, Solaranlage, Holzbeheizung","og_url":"https:\/\/pegatera.com\/de\/preise\/","og_site_name":"La Pegatera - L\u00e4ndliches Tourismushaus","article_publisher":"https:\/\/www.facebook.com\/La-Pegatera-324631606201\/","article_modified_time":"2026-03-31T17:56:42+00:00","twitter_card":"summary_large_image","twitter_misc":{"Gesch\u00e4tzte Lesezeit":"5\u00a0Minuten"},"schema":{"@context":"https:\/\/schema.org","@graph":[{"@type":"WebPage","@id":"https:\/\/pegatera.com\/de\/preise\/","url":"https:\/\/pegatera.com\/de\/preise\/","name":"Im Wald, es gibt keine weiteren Nachbarn - Natur pur! - Charme","isPartOf":{"@id":"https:\/\/pegatera.com\/#website"},"datePublished":"2017-04-04T07:40:49+00:00","dateModified":"2026-03-31T17:56:42+00:00","description":"Haus f\u00fcr 7 G\u00e4ste. Ganzes Haus wird vermietet. Min. 2 N\u00e4chte. Charme, Ruhe, Entspannung... Mit Kamin und Grill, Solaranlage, Holzbeheizung","breadcrumb":{"@id":"https:\/\/pegatera.com\/de\/preise\/#breadcrumb"},"inLanguage":"de","potentialAction":[{"@type":"ReadAction","target":["https:\/\/pegatera.com\/de\/preise\/"]}]},{"@type":"BreadcrumbList","@id":"https:\/\/pegatera.com\/de\/preise\/#breadcrumb","itemListElement":[{"@type":"ListItem","position":1,"name":"Home","item":"https:\/\/pegatera.com\/"},{"@type":"ListItem","position":2,"name":"Preise"}]},{"@type":"WebSite","@id":"https:\/\/pegatera.com\/#website","url":"https:\/\/pegatera.com\/","name":"La Pegatera - L\u00e4ndliches Tourismushaus","description":"Einfamilienhaus, l\u00e4ndlicher Tourismus Alt Urgell, Coll de Narg\u00f3, Pyren\u00e4en, Lleida. Boumort.","potentialAction":[{"@type":"SearchAction","target":{"@type":"EntryPoint","urlTemplate":"https:\/\/pegatera.com\/?s={search_term_string}"},"query-input":"required name=search_term_string"}],"inLanguage":"de"}]}},"_links":{"self":[{"href":"https:\/\/pegatera.com\/de\/wp-json\/wp\/v2\/pages\/13592"}],"collection":[{"href":"https:\/\/pegatera.com\/de\/wp-json\/wp\/v2\/pages"}],"about":[{"href":"https:\/\/pegatera.com\/de\/wp-json\/wp\/v2\/types\/page"}],"author":[{"embeddable":true,"href":"https:\/\/pegatera.com\/de\/wp-json\/wp\/v2\/users\/1"}],"replies":[{"embeddable":true,"href":"https:\/\/pegatera.com\/de\/wp-json\/wp\/v2\/comments?post=13592"}],"version-history":[{"count":36,"href":"https:\/\/pegatera.com\/de\/wp-json\/wp\/v2\/pages\/13592\/revisions"}],"predecessor-version":[{"id":16107,"href":"https:\/\/pegatera.com\/de\/wp-json\/wp\/v2\/pages\/13592\/revisions\/16107"}],"wp:attachment":[{"href":"https:\/\/pegatera.com\/de\/wp-json\/wp\/v2\/media?parent=13592"}],"curies":[{"name":"wp","href":"https:\/\/api.w.org\/{rel}","templated":true}]}}