{"id":13568,"date":"2017-03-29T08:22:47","date_gmt":"2017-03-29T07:22:47","guid":{"rendered":"http:\/\/pegatera.com\/la-casa\/"},"modified":"2025-11-13T12:48:04","modified_gmt":"2025-11-13T11:48:04","slug":"la-casa","status":"publish","type":"page","link":"https:\/\/pegatera.com\/es\/la-casa\/","title":{"rendered":"La casa"},"content":{"rendered":"<p><div class=\"fusion-fullwidth fullwidth-box fusion-builder-row-1 nonhundred-percent-fullwidth non-hundred-percent-height-scrolling\" style=\"background-color: #ffffff;background-position: center center;background-repeat: no-repeat;padding-top:0px;padding-right:0px;padding-bottom:0px;padding-left:0px;margin-bottom: 0px;margin-top: 0px;border-width: 0px 0px 0px 0px;border-color:#eae9e9;border-style:solid;\" ><div class=\"fusion-builder-row fusion-row\"><div class=\"fusion-layout-column fusion_builder_column fusion-builder-column-0 fusion_builder_column_1_1 1_1 fusion-one-full fusion-column-first fusion-column-last\" style=\"margin-top:0px;margin-bottom:20px;\"><div class=\"fusion-column-wrapper fusion-flex-column-wrapper-legacy\" style=\"background-position:left top;background-repeat:no-repeat;-webkit-background-size:cover;-moz-background-size:cover;-o-background-size:cover;background-size:cover;padding: 0px 0px 0px 0px;\">\n<div class=\"fusion-slider-revolution rev_slider_wrapper\">\t\t\t<!-- START pegaterala_casa ES REVOLUTION SLIDER 6.5.7 --><p class=\"rs-p-wp-fix\"><\/p>\n\t\t\t<rs-module-wrap id=\"rev_slider_15_1_wrapper\" data-source=\"gallery\" style=\"visibility:hidden;background:#ffffff;padding:0;margin:0px auto;margin-top:0;margin-bottom:0;max-width:;\">\n\t\t\t\t<rs-module id=\"rev_slider_15_1\" style=\"\" data-version=\"6.5.7\">\n\t\t\t\t\t<rs-slides>\n\t\t\t\t\t\t<rs-slide style=\"position: absolute;\" data-key=\"rs-64\" data-title=\"Slide\" data-thumb=\"\/\/pegatera.com\/wp-content\/uploads\/2017\/05\/LA-CASA-2-FLORS-75x75.png\" data-duration=\"3510\" data-in=\"o:0;\" data-out=\"a:false;\">\n\t\t\t\t\t\t\t<img decoding=\"async\" src=\"\/\/pegatera.com\/wp-content\/plugins\/revslider\/public\/assets\/assets\/dummy.png\" title=\"1-PEGATERA-Casa-C100-1200X600px-300dpi-SLIDERS\" width=\"1200\" height=\"600\" class=\"rev-slidebg tp-rs-img rs-lazyload\" data-lazyload=\"\/\/pegatera.com\/wp-content\/uploads\/2017\/05\/1-PEGATERA-Casa-C100-1200X600px-300dpi-SLIDERS.jpg\" data-no-retina>\n<!--\n\t\t\t\t\t\t\t--><rs-layer\n\t\t\t\t\t\t\t\tid=\"slider-15-slide-64-layer-1\" \n\t\t\t\t\t\t\t\tdata-type=\"text\"\n\t\t\t\t\t\t\t\tdata-color=\"rgba(84,97,34,1)\"\n\t\t\t\t\t\t\t\tdata-rsp_ch=\"on\"\n\t\t\t\t\t\t\t\tdata-xy=\"x:c;xo:2px;y:348px;\"\n\t\t\t\t\t\t\t\tdata-text=\"w:normal;s:28;l:30;a:center;\"\n\t\t\t\t\t\t\t\tdata-dim=\"w:892px;\"\n\t\t\t\t\t\t\t\tdata-padding=\"t:15;r:50;b:15;l:50;\"\n\t\t\t\t\t\t\t\tdata-frame_1=\"st:9.8959350585938;sR:9.8959350585938;\"\n\t\t\t\t\t\t\t\tdata-frame_999=\"o:0;st:3509.8959350586;sR:3200;\"\n\t\t\t\t\t\t\t\tstyle=\"z-index:5;font-family:'Indie Flower';background-color:rgba(233, 238, 217, 0.8);\"\n\t\t\t\t\t\t\t>Encanto, tranquilidad, slow life, relax ... <br>\n\u00a0 Con chimenea y barbacoa, luz solar y calefacci\u00f3n \n\t\t\t\t\t\t\t<\/rs-layer><!--\n-->\t\t\t\t\t\t<\/rs-slide>\n\t\t\t\t\t\t<rs-slide style=\"position: absolute;\" data-key=\"rs-62\" data-title=\"Slide\" data-thumb=\"\/\/pegatera.com\/wp-content\/uploads\/2017\/05\/LA-CASA-3-XIMENEIA-75x75.png\" data-duration=\"3510\" data-anim=\"ms:600;\" data-in=\"o:0;\" data-out=\"a:false;\">\n\t\t\t\t\t\t\t<img decoding=\"async\" src=\"\/\/pegatera.com\/wp-content\/plugins\/revslider\/public\/assets\/assets\/dummy.png\" title=\"2-PEGATERA-Casa-C29-1200X600px-300dpi-SLIDERS\" width=\"1200\" height=\"600\" class=\"rev-slidebg tp-rs-img rs-lazyload\" data-lazyload=\"\/\/pegatera.com\/wp-content\/uploads\/2017\/05\/2-PEGATERA-Casa-C29-1200X600px-300dpi-SLIDERS.jpg\" data-no-retina>\n<!--\n\t\t\t\t\t\t\t--><rs-layer\n\t\t\t\t\t\t\t\tid=\"slider-15-slide-62-layer-1\" \n\t\t\t\t\t\t\t\tdata-type=\"text\"\n\t\t\t\t\t\t\t\tdata-color=\"rgba(84,97,34,1)\"\n\t\t\t\t\t\t\t\tdata-rsp_ch=\"on\"\n\t\t\t\t\t\t\t\tdata-xy=\"x:c;xo:2px;y:347px;\"\n\t\t\t\t\t\t\t\tdata-text=\"w:normal;s:28;l:30;a:center;\"\n\t\t\t\t\t\t\t\tdata-dim=\"w:892px;\"\n\t\t\t\t\t\t\t\tdata-padding=\"t:15;r:50;b:15;l:50;\"\n\t\t\t\t\t\t\t\tdata-frame_0=\"tp:600;\"\n\t\t\t\t\t\t\t\tdata-frame_1=\"tp:600;st:9.8959350585938;sR:9.8959350585938;\"\n\t\t\t\t\t\t\t\tdata-frame_999=\"o:0;tp:600;st:w;sR:3200;\"\n\t\t\t\t\t\t\t\tstyle=\"z-index:5;font-family:'Indie Flower';background-color:rgba(233, 238, 217, 0.8);\"\n\t\t\t\t\t\t\t>Encanto, tranquilidad, slow life, relax ... <br>\n\u00a0 Con chimenea y barbacoa, luz solar y calefacci\u00f3n \n\t\t\t\t\t\t\t<\/rs-layer><!--\n-->\t\t\t\t\t\t<\/rs-slide>\n\t\t\t\t\t\t<rs-slide style=\"position: absolute;\" data-key=\"rs-61\" data-title=\"Slide\" data-thumb=\"\/\/pegatera.com\/wp-content\/uploads\/2017\/05\/CARACTERISTIQUES-2-CULLAROT-75x75.png\" data-duration=\"3510\" data-anim=\"ms:600;\" data-in=\"o:0;\" data-out=\"a:false;\">\n\t\t\t\t\t\t\t<img decoding=\"async\" src=\"\/\/pegatera.com\/wp-content\/plugins\/revslider\/public\/assets\/assets\/dummy.png\" title=\"3-PEGATERA-Casa-C43-1200X600px-300dpi-SLIDERS\" width=\"1200\" height=\"600\" class=\"rev-slidebg tp-rs-img rs-lazyload\" data-lazyload=\"\/\/pegatera.com\/wp-content\/uploads\/2017\/05\/3-PEGATERA-Casa-C43-1200X600px-300dpi-SLIDERS.jpg\" data-no-retina>\n<!--\n\t\t\t\t\t\t\t--><rs-layer\n\t\t\t\t\t\t\t\tid=\"slider-15-slide-61-layer-1\" \n\t\t\t\t\t\t\t\tdata-type=\"text\"\n\t\t\t\t\t\t\t\tdata-color=\"rgba(84,97,34,1)\"\n\t\t\t\t\t\t\t\tdata-rsp_ch=\"on\"\n\t\t\t\t\t\t\t\tdata-xy=\"x:c;y:348px;\"\n\t\t\t\t\t\t\t\tdata-text=\"w:normal;s:28;l:30;a:center;\"\n\t\t\t\t\t\t\t\tdata-dim=\"w:892px;\"\n\t\t\t\t\t\t\t\tdata-padding=\"t:15;r:50;b:15;l:50;\"\n\t\t\t\t\t\t\t\tdata-frame_0=\"tp:600;\"\n\t\t\t\t\t\t\t\tdata-frame_1=\"tp:600;st:9.8959350585938;sR:9.8959350585938;\"\n\t\t\t\t\t\t\t\tdata-frame_999=\"o:0;tp:600;st:w;sR:3200;\"\n\t\t\t\t\t\t\t\tstyle=\"z-index:5;font-family:'Indie Flower';background-color:rgba(233, 238, 217, 0.8);\"\n\t\t\t\t\t\t\t>Encanto, tranquilidad, slow life, relax ... <br>\n\u00a0 Con chimenea y barbacoa, luz solar y calefacci\u00f3n \n\t\t\t\t\t\t\t<\/rs-layer><!--\n-->\t\t\t\t\t\t<\/rs-slide>\n\t\t\t\t\t\t<rs-slide style=\"position: absolute;\" data-key=\"rs-60\" data-title=\"Slide\" data-thumb=\"\/\/pegatera.com\/wp-content\/uploads\/2017\/05\/LA-CASA-5-LLIBRE-75x75.png\" data-duration=\"3510\" data-anim=\"ms:600;\" data-in=\"o:0;\" data-out=\"a:false;\">\n\t\t\t\t\t\t\t<img decoding=\"async\" src=\"\/\/pegatera.com\/wp-content\/plugins\/revslider\/public\/assets\/assets\/dummy.png\" title=\"SALA4-1200&#215;600-300q7\" width=\"1200\" height=\"600\" class=\"rev-slidebg tp-rs-img rs-lazyload\" data-lazyload=\"\/\/pegatera.com\/wp-content\/uploads\/2018\/04\/SALA4-1200x600-300q7.jpg\" data-no-retina>\n<!--\n\t\t\t\t\t\t\t--><rs-layer\n\t\t\t\t\t\t\t\tid=\"slider-15-slide-60-layer-1\" \n\t\t\t\t\t\t\t\tdata-type=\"text\"\n\t\t\t\t\t\t\t\tdata-color=\"rgba(84,97,34,1)\"\n\t\t\t\t\t\t\t\tdata-rsp_ch=\"on\"\n\t\t\t\t\t\t\t\tdata-xy=\"x:c;xo:2px;y:347px;\"\n\t\t\t\t\t\t\t\tdata-text=\"w:normal;s:28;l:30;a:center;\"\n\t\t\t\t\t\t\t\tdata-dim=\"w:892px;\"\n\t\t\t\t\t\t\t\tdata-padding=\"t:15;r:50;b:15;l:50;\"\n\t\t\t\t\t\t\t\tdata-frame_0=\"tp:600;\"\n\t\t\t\t\t\t\t\tdata-frame_1=\"tp:600;st:9.8959350585938;sp:290;sR:9.8959350585938;\"\n\t\t\t\t\t\t\t\tdata-frame_999=\"o:0;tp:600;st:w;sp:310;sR:3210;\"\n\t\t\t\t\t\t\t\tstyle=\"z-index:5;font-family:'Indie Flower';background-color:rgba(233, 238, 217, 0.8);\"\n\t\t\t\t\t\t\t>Encanto, tranquilidad, slow life, relax ... <br>\n\u00a0 Con chimenea y barbacoa, luz solar y calefacci\u00f3n \n\t\t\t\t\t\t\t<\/rs-layer><!--\n-->\t\t\t\t\t\t<\/rs-slide>\n\t\t\t\t\t\t<rs-slide style=\"position: absolute;\" data-key=\"rs-59\" data-title=\"Slide\" data-thumb=\"\/\/pegatera.com\/wp-content\/uploads\/2017\/05\/CARACTERISTIQUES-4-LLIT-75x75.png\" data-duration=\"3510\" data-in=\"o:0;\" data-out=\"a:false;\">\n\t\t\t\t\t\t\t<img decoding=\"async\" src=\"\/\/pegatera.com\/wp-content\/plugins\/revslider\/public\/assets\/assets\/dummy.png\" title=\"DORMITORI DARRERE 4 Pegatera_1024x512_372dpi_A4\" width=\"1024\" height=\"512\" class=\"rev-slidebg tp-rs-img rs-lazyload\" data-lazyload=\"\/\/pegatera.com\/wp-content\/uploads\/2023\/01\/DORMITORI-DARRERE-4-Pegatera_1024x512_372dpi_A4.jpg\" data-no-retina>\n<!--\n\t\t\t\t\t\t\t--><rs-layer\n\t\t\t\t\t\t\t\tid=\"slider-15-slide-59-layer-1\" \n\t\t\t\t\t\t\t\tdata-type=\"text\"\n\t\t\t\t\t\t\t\tdata-color=\"rgba(84,97,34,1)\"\n\t\t\t\t\t\t\t\tdata-rsp_ch=\"on\"\n\t\t\t\t\t\t\t\tdata-xy=\"x:c;xo:2px;y:348px;\"\n\t\t\t\t\t\t\t\tdata-text=\"w:normal;s:28;l:30;a:center;\"\n\t\t\t\t\t\t\t\tdata-dim=\"w:892px;\"\n\t\t\t\t\t\t\t\tdata-padding=\"t:15;r:50;b:15;l:50;\"\n\t\t\t\t\t\t\t\tdata-frame_1=\"st:9.8959350585938;sR:9.8959350585938;\"\n\t\t\t\t\t\t\t\tdata-frame_999=\"o:0;st:3509.8959350586;sR:3200;\"\n\t\t\t\t\t\t\t\tstyle=\"z-index:5;font-family:'Indie Flower';background-color:rgba(233, 238, 217, 0.8);\"\n\t\t\t\t\t\t\t>Encanto, tranquilidad, slow life, relax ... <br>\n\u00a0 Con chimenea y barbacoa, luz solar y calefacci\u00f3n \n\t\t\t\t\t\t\t<\/rs-layer><!--\n-->\t\t\t\t\t\t<\/rs-slide>\n\t\t\t\t\t\t<rs-slide style=\"position: absolute;\" data-key=\"rs-63\" data-title=\"Slide\" data-thumb=\"\/\/pegatera.com\/wp-content\/uploads\/2017\/05\/LA-CASA-1-TUMBONA-75x75.png\" data-duration=\"3510\" data-anim=\"ms:600;\" data-in=\"o:0;\" data-out=\"a:false;\">\n\t\t\t\t\t\t\t<img decoding=\"async\" src=\"\/\/pegatera.com\/wp-content\/plugins\/revslider\/public\/assets\/assets\/dummy.png\" title=\"6-PEGATERA-Casa-C06-1200X600px-300dpi-SLIDERS\" width=\"1200\" height=\"600\" class=\"rev-slidebg tp-rs-img rs-lazyload\" data-lazyload=\"\/\/pegatera.com\/wp-content\/uploads\/2017\/05\/6-PEGATERA-Casa-C06-1200X600px-300dpi-SLIDERS.jpg\" data-no-retina>\n<!--\n\t\t\t\t\t\t\t--><rs-layer\n\t\t\t\t\t\t\t\tid=\"slider-15-slide-63-layer-1\" \n\t\t\t\t\t\t\t\tdata-type=\"text\"\n\t\t\t\t\t\t\t\tdata-color=\"rgba(84,97,34,1)\"\n\t\t\t\t\t\t\t\tdata-rsp_ch=\"on\"\n\t\t\t\t\t\t\t\tdata-xy=\"x:c;xo:-1px;y:346px;\"\n\t\t\t\t\t\t\t\tdata-text=\"w:normal;s:28;l:30;a:center;\"\n\t\t\t\t\t\t\t\tdata-dim=\"w:892px;\"\n\t\t\t\t\t\t\t\tdata-padding=\"t:15;r:50;b:15;l:50;\"\n\t\t\t\t\t\t\t\tdata-frame_0=\"tp:600;\"\n\t\t\t\t\t\t\t\tdata-frame_1=\"tp:600;st:9.8959350585938;sR:9.8959350585938;\"\n\t\t\t\t\t\t\t\tdata-frame_999=\"o:0;tp:600;st:w;sR:3200;\"\n\t\t\t\t\t\t\t\tstyle=\"z-index:5;font-family:'Indie Flower';background-color:rgba(233, 238, 217, 0.8);\"\n\t\t\t\t\t\t\t>Encanto, tranquilidad, slow life, relax ... <br>\n\u00a0 Con chimenea y barbacoa, luz solar y calefacci\u00f3n \n\t\t\t\t\t\t\t<\/rs-layer><!--\n-->\t\t\t\t\t\t<\/rs-slide>\n\t\t\t\t\t<\/rs-slides>\n\t\t\t\t<\/rs-module>\n\t\t\t\t<script type=\"text\/javascript\">\n\t\t\t\t\tsetREVStartSize({c: 'rev_slider_15_1',rl:[1240,1024,778,480],el:[450],gw:[1100],gh:[450],type:'standard',justify:'',layout:'fullwidth',thumbh:\"87\",mh:\"0\"});if (window.RS_MODULES!==undefined && window.RS_MODULES.modules!==undefined && window.RS_MODULES.modules[\"revslider151\"]!==undefined) {window.RS_MODULES.modules[\"revslider151\"].once = false;window.revapi15 = undefined;if (window.RS_MODULES.checkMinimal!==undefined) window.RS_MODULES.checkMinimal()}\n\t\t\t\t<\/script>\n\t\t\t<\/rs-module-wrap>\n\t\t\t<!-- END REVOLUTION SLIDER -->\n<\/div><div class=\"fusion-clearfix\"><\/div><\/div><\/div><\/div><\/div><div class=\"fusion-fullwidth fullwidth-box fusion-builder-row-2 nonhundred-percent-fullwidth non-hundred-percent-height-scrolling\" style=\"background-color: #ffffff;background-position: center center;background-repeat: no-repeat;padding-top:20px;padding-right:0px;padding-bottom:20px;padding-left:0px;margin-bottom: 0px;margin-top: 50px;border-width: 0px 0px 0px 0px;border-color:#eae9e9;border-style:solid;\" ><div class=\"fusion-builder-row fusion-row\"><div class=\"fusion-layout-column fusion_builder_column fusion-builder-column-1 fusion_builder_column_1_1 1_1 fusion-one-full fusion-column-first fusion-column-last\" style=\"margin-top:0px;margin-bottom:20px;\"><div class=\"fusion-column-wrapper fusion-flex-column-wrapper-legacy\" style=\"background-position:left top;background-repeat:no-repeat;-webkit-background-size:cover;-moz-background-size:cover;-o-background-size:cover;background-size:cover;padding: 0px 0px 0px 0px;\"><style type=\"text\/css\"><\/style><div class=\"fusion-title title fusion-title-1 fusion-sep-none fusion-title-text fusion-title-size-one\" style=\"margin-top:0px;margin-right:0px;margin-bottom:30px;margin-left:0px;\"><h1 class=\"title-heading-left fusion-responsive-typography-calculated\" style=\"margin:0;--fontSize:33;line-height:1.45;\"><h1 style=\"text-align: center; color: #546122; font-size: 32px; margin-top: 40px; font-family: indie flower;\">Casa rural aislada sostenible para 7 personas\u00a0con\u00a0piscina<\/h1><\/h1><\/div><div class=\"fusion-text fusion-text-1\"><p style=\"text-align: center; font-size: 21px; color: #8f5927;\">Antigua casa de piedra y madera aislada en medio del bosque, totalmente autosuficiente y sostenible, se ilumina con energ\u00eda solar y el agua brota directamente de nuestra fuente. Un homenaje a la sostenibilidad en un paraje inolvidable, y bosque hasta donde alcanza la vista. Restaurada con mucho cari\u00f1o y atenci\u00f3n al detalle, resulta c\u00e1lida y acogedora, llena de rincones donde reunirse con los amigos o \u2026 desaparecer.<\/p>\n<\/div><style type=\"text\/css\"><\/style><div class=\"fusion-title title fusion-title-2 fusion-sep-none fusion-title-text fusion-title-size-one\" style=\"margin-top:0px;margin-right:0px;margin-bottom:30px;margin-left:0px;\"><h1 class=\"title-heading-left fusion-responsive-typography-calculated\" style=\"margin:0;--fontSize:33;line-height:1.45;\"><p style=\"color: #556223; text-align: center;\">Caracter\u00edsticas<\/p><\/h1><\/div><div class=\"fusion-builder-row fusion-builder-row-inner fusion-row\"><div class=\"fusion-layout-column fusion_builder_column_inner fusion-builder-nested-column-0 fusion_builder_column_inner_1_2 1_2 fusion-one-half fusion-column-first\" style=\"width:50%;width:calc(50% - ( ( 4% ) * 0.5 ) );margin-right: 4%;margin-top:0px;margin-bottom:20px;\"><div class=\"fusion-column-wrapper fusion-flex-column-wrapper-legacy\" style=\"background-position:left top;background-repeat:no-repeat;-webkit-background-size:cover;-moz-background-size:cover;-o-background-size:cover;background-size:cover;padding: 0px 0px 0px 0px;\"><div class=\"fusion-text fusion-text-2\"><ul style=\"list-style: none; color: #8f5927; font-size: 21px; padding-left: 0px; margin: 0;\">\n<li class=\"estil_guio\">Capacidad 7 personas<\/li>\n<li class=\"estil_guio\">Superficie \u00fatil: 200 m2<\/li>\n<li class=\"estil_guio\">Finca aislada<\/li>\n<li class=\"estil_guio\">El agua brota directamente de una fuente en la monta\u00f1a (no est\u00e1 tratada sanitariamente)<\/li>\n<li class=\"estil_guio\">Luz generada por energ\u00eda solar<\/li>\n<li class=\"estil_guio\">Agua caliente, cocina y horno funcionan con gas butano<\/li>\n<li class=\"estil_guio\">Nevera el\u00e9ctrica<\/li>\n<li class=\"estil_guio\">La casa\u00a0dispone de calefacci\u00f3n central con radiadores<\/li>\n<li class=\"estil_guio\">Piscina de uso privado* (mayo, junio, julio, agosto, septiembre, octubre)<\/li>\n<li class=\"estil_guio\">Casa para no fumadores<\/li>\n<li class=\"estil_guio\">Cobertura m\u00f3vil, (no hay WIFI)<\/li>\n<\/ul>\n<\/div><div class=\"fusion-clearfix\"><\/div><\/div><\/div><div class=\"fusion-layout-column fusion_builder_column_inner fusion-builder-nested-column-1 fusion_builder_column_inner_1_2 1_2 fusion-one-half fusion-column-last\" style=\"width:50%;width:calc(50% - ( ( 4% ) * 0.5 ) );margin-top:0px;margin-bottom:20px;\"><div class=\"fusion-column-wrapper fusion-flex-column-wrapper-legacy\" style=\"background-position:left top;background-repeat:no-repeat;-webkit-background-size:cover;-moz-background-size:cover;-o-background-size:cover;background-size:cover;padding: 0px 0px 0px 0px;\"><div class=\"fusion-text fusion-text-3\"><ul style=\"list-style: none; color: #8f5927; font-size: 21px; padding-left: 0px; margin: 0;\">\n<li class=\"estil_guio\">Comedor con chimenea<\/li>\n<li class=\"estil_guio\">Sala de estar con chimenea con recuperador de calor<\/li>\n<li class=\"estil_guio\">Cocina con toda la vajilla y todo lo necesario para cocinar<\/li>\n<li class=\"estil_guio\">Cafeteras OROLEY de distintos tama\u00f1os y Nespresso<\/li>\n<li class=\"estil_guio\">Lavadora<\/li>\n<li class=\"estil_guio\">Un dormitorio con dos camas individuales<\/li>\n<li class=\"estil_guio\">Un dormitorio con cama de matrimonio y cuna<\/li>\n<li class=\"estil_guio\">Un dormitorio con tres camas individuales<\/li>\n<li class=\"estil_guio\">Dos ba\u00f1os completos con ducha<\/li>\n<li class=\"estil_guio\">Era\/patio cerrado con mobiliario exterior y barbacoa<\/li>\n<li class=\"estil_guio\">Se aceptan animales de compa\u00f1\u00eda (Podemos ofrecer servicio de guarder\u00eda)<\/li>\n<\/ul>\n<\/div><div class=\"fusion-clearfix\"><\/div><\/div><\/div><\/div><style type=\"text\/css\"><\/style><div class=\"fusion-title title fusion-title-3 fusion-sep-none fusion-title-text fusion-title-size-one\" style=\"margin-top:0px;margin-right:0px;margin-bottom:30px;margin-left:0px;\"><h1 class=\"title-heading-left fusion-responsive-typography-calculated\" style=\"margin:0;--fontSize:33;line-height:1.45;\"><h1 style=\"text-align: center; color: #546122; font-size: 32px; margin-top: 40px; font-family: indie flower;\">Tiny House \u00abEl Forn de La Pegatera\u201d para 2 personas<\/h1><\/h1><\/div><div class=\"fusion-text fusion-text-4\"><p style=\"text-align: center; font-size: 21px; color: #8f5927;\">Descubre la nuestra tiny house para dos personas, construida dentro del antiguo horno de pan de La Pegatera. Esta restaurada con mucho respeto y cari\u00f1o, manteniendo su esencia original. Un espacio aut\u00e9ntico, c\u00e1lido y acogedor, ideal para desconectar en pareja. Un solo ambiente, con cocina, nevera, comedor y altillo con cama doble y zona de descanso. Ba\u00f1o completo. Con acceso a piscina* compartida, rodeada de naturaleza. Solo para adultos. Es peque\u00f1o y confortable pero sin espacio para perros.<\/p>\n<\/div><div class=\"fusion-text fusion-text-5\"><p style=\"color: #8f5927; font-size: 16px; font-family: indie flower; text-align: center;\">*La piscina es de uso particular, los inquilinos pueden utilizarla bajo su total responsabilidad. La propiedad no se hace responsable de los da\u00f1os, accidentes o perjuicios que puedan sufrir las personas o animales durante el su uso.<\/p>\n<\/div><div class=\"fusion-text fusion-text-6\"><p style=\"color: #8f5927; font-size: 16px; font-family: indie flower; text-align: center;\">Los propietarios viven en la otra casa que hay en la finca.<\/p>\n<\/div><div class=\"fusion-clearfix\"><\/div><\/div><\/div><\/div><\/div><\/p>\n","protected":false},"excerpt":{"rendered":"","protected":false},"author":1,"featured_media":0,"parent":0,"menu_order":0,"comment_status":"closed","ping_status":"closed","template":"","meta":{"footnotes":""},"yoast_head":"<!-- This site is optimized with the Yoast SEO plugin v21.6 - https:\/\/yoast.com\/wordpress\/plugins\/seo\/ -->\n<title>Casa antigua de piedra y madera muy bien restaurada. Acogedora. familiar<\/title>\n<meta name=\"description\" content=\"Con chimenea, barbacoa, luz solar, estufas de le\u00f1a, agua de nuestra fuente, piscina, muebles antiguos, decoraci\u00f3n cuidada, con todos los detalles.\" \/>\n<meta name=\"robots\" content=\"index, follow, max-snippet:-1, max-image-preview:large, max-video-preview:-1\" \/>\n<link rel=\"canonical\" href=\"https:\/\/pegatera.com\/es\/la-casa\/\" \/>\n<meta property=\"og:locale\" content=\"es_ES\" \/>\n<meta property=\"og:type\" content=\"article\" \/>\n<meta property=\"og:title\" content=\"Casa antigua de piedra y madera muy bien restaurada. Acogedora. familiar\" \/>\n<meta property=\"og:description\" content=\"Con chimenea, barbacoa, luz solar, estufas de le\u00f1a, agua de nuestra fuente, piscina, muebles antiguos, decoraci\u00f3n cuidada, con todos los detalles.\" \/>\n<meta property=\"og:url\" content=\"https:\/\/pegatera.com\/es\/la-casa\/\" \/>\n<meta property=\"og:site_name\" content=\"La Pegatera - Casa de turismo rural\" \/>\n<meta property=\"article:publisher\" content=\"https:\/\/www.facebook.com\/La-Pegatera-324631606201\/\" \/>\n<meta property=\"article:modified_time\" content=\"2025-11-13T11:48:04+00:00\" \/>\n<meta name=\"twitter:card\" content=\"summary_large_image\" \/>\n<meta name=\"twitter:label1\" content=\"Tiempo de lectura\" \/>\n\t<meta name=\"twitter:data1\" content=\"4 minutos\" \/>\n<script type=\"application\/ld+json\" class=\"yoast-schema-graph\">{\"@context\":\"https:\/\/schema.org\",\"@graph\":[{\"@type\":\"WebPage\",\"@id\":\"https:\/\/pegatera.com\/es\/la-casa\/\",\"url\":\"https:\/\/pegatera.com\/es\/la-casa\/\",\"name\":\"Casa antigua de piedra y madera muy bien restaurada. Acogedora. familiar\",\"isPartOf\":{\"@id\":\"https:\/\/pegatera.com\/#website\"},\"datePublished\":\"2017-03-29T07:22:47+00:00\",\"dateModified\":\"2025-11-13T11:48:04+00:00\",\"description\":\"Con chimenea, barbacoa, luz solar, estufas de le\u00f1a, agua de nuestra fuente, piscina, muebles antiguos, decoraci\u00f3n cuidada, con todos los detalles.\",\"breadcrumb\":{\"@id\":\"https:\/\/pegatera.com\/es\/la-casa\/#breadcrumb\"},\"inLanguage\":\"es\",\"potentialAction\":[{\"@type\":\"ReadAction\",\"target\":[\"https:\/\/pegatera.com\/es\/la-casa\/\"]}]},{\"@type\":\"BreadcrumbList\",\"@id\":\"https:\/\/pegatera.com\/es\/la-casa\/#breadcrumb\",\"itemListElement\":[{\"@type\":\"ListItem\",\"position\":1,\"name\":\"Home\",\"item\":\"https:\/\/pegatera.com\/es\/\"},{\"@type\":\"ListItem\",\"position\":2,\"name\":\"La casa\"}]},{\"@type\":\"WebSite\",\"@id\":\"https:\/\/pegatera.com\/#website\",\"url\":\"https:\/\/pegatera.com\/\",\"name\":\"La Pegatera - Casa de turismo rural\",\"description\":\"Casa aislada, turismo rural Alt Urgell, Coll de Narg\u00f3, Pirineo, Lleida. Boumort.\",\"potentialAction\":[{\"@type\":\"SearchAction\",\"target\":{\"@type\":\"EntryPoint\",\"urlTemplate\":\"https:\/\/pegatera.com\/?s={search_term_string}\"},\"query-input\":\"required name=search_term_string\"}],\"inLanguage\":\"es\"}]}<\/script>\n<!-- \/ Yoast SEO plugin. -->","yoast_head_json":{"title":"Casa antigua de piedra y madera muy bien restaurada. Acogedora. familiar","description":"Con chimenea, barbacoa, luz solar, estufas de le\u00f1a, agua de nuestra fuente, piscina, muebles antiguos, decoraci\u00f3n cuidada, con todos los detalles.","robots":{"index":"index","follow":"follow","max-snippet":"max-snippet:-1","max-image-preview":"max-image-preview:large","max-video-preview":"max-video-preview:-1"},"canonical":"https:\/\/pegatera.com\/es\/la-casa\/","og_locale":"es_ES","og_type":"article","og_title":"Casa antigua de piedra y madera muy bien restaurada. Acogedora. familiar","og_description":"Con chimenea, barbacoa, luz solar, estufas de le\u00f1a, agua de nuestra fuente, piscina, muebles antiguos, decoraci\u00f3n cuidada, con todos los detalles.","og_url":"https:\/\/pegatera.com\/es\/la-casa\/","og_site_name":"La Pegatera - Casa de turismo rural","article_publisher":"https:\/\/www.facebook.com\/La-Pegatera-324631606201\/","article_modified_time":"2025-11-13T11:48:04+00:00","twitter_card":"summary_large_image","twitter_misc":{"Tiempo de lectura":"4 minutos"},"schema":{"@context":"https:\/\/schema.org","@graph":[{"@type":"WebPage","@id":"https:\/\/pegatera.com\/es\/la-casa\/","url":"https:\/\/pegatera.com\/es\/la-casa\/","name":"Casa antigua de piedra y madera muy bien restaurada. Acogedora. familiar","isPartOf":{"@id":"https:\/\/pegatera.com\/#website"},"datePublished":"2017-03-29T07:22:47+00:00","dateModified":"2025-11-13T11:48:04+00:00","description":"Con chimenea, barbacoa, luz solar, estufas de le\u00f1a, agua de nuestra fuente, piscina, muebles antiguos, decoraci\u00f3n cuidada, con todos los detalles.","breadcrumb":{"@id":"https:\/\/pegatera.com\/es\/la-casa\/#breadcrumb"},"inLanguage":"es","potentialAction":[{"@type":"ReadAction","target":["https:\/\/pegatera.com\/es\/la-casa\/"]}]},{"@type":"BreadcrumbList","@id":"https:\/\/pegatera.com\/es\/la-casa\/#breadcrumb","itemListElement":[{"@type":"ListItem","position":1,"name":"Home","item":"https:\/\/pegatera.com\/es\/"},{"@type":"ListItem","position":2,"name":"La casa"}]},{"@type":"WebSite","@id":"https:\/\/pegatera.com\/#website","url":"https:\/\/pegatera.com\/","name":"La Pegatera - Casa de turismo rural","description":"Casa aislada, turismo rural Alt Urgell, Coll de Narg\u00f3, Pirineo, Lleida. Boumort.","potentialAction":[{"@type":"SearchAction","target":{"@type":"EntryPoint","urlTemplate":"https:\/\/pegatera.com\/?s={search_term_string}"},"query-input":"required name=search_term_string"}],"inLanguage":"es"}]}},"_links":{"self":[{"href":"https:\/\/pegatera.com\/es\/wp-json\/wp\/v2\/pages\/13568"}],"collection":[{"href":"https:\/\/pegatera.com\/es\/wp-json\/wp\/v2\/pages"}],"about":[{"href":"https:\/\/pegatera.com\/es\/wp-json\/wp\/v2\/types\/page"}],"author":[{"embeddable":true,"href":"https:\/\/pegatera.com\/es\/wp-json\/wp\/v2\/users\/1"}],"replies":[{"embeddable":true,"href":"https:\/\/pegatera.com\/es\/wp-json\/wp\/v2\/comments?post=13568"}],"version-history":[{"count":39,"href":"https:\/\/pegatera.com\/es\/wp-json\/wp\/v2\/pages\/13568\/revisions"}],"predecessor-version":[{"id":16069,"href":"https:\/\/pegatera.com\/es\/wp-json\/wp\/v2\/pages\/13568\/revisions\/16069"}],"wp:attachment":[{"href":"https:\/\/pegatera.com\/es\/wp-json\/wp\/v2\/media?parent=13568"}],"curies":[{"name":"wp","href":"https:\/\/api.w.org\/{rel}","templated":true}]}}