{"id":13573,"date":"2014-09-04T19:01:32","date_gmt":"2014-09-04T19:01:32","guid":{"rendered":"http:\/\/pegatera.com\/blog\/"},"modified":"2017-05-15T15:50:20","modified_gmt":"2017-05-15T14:50:20","slug":"blog-turismo-rural","status":"publish","type":"page","link":"https:\/\/pegatera.com\/es\/blog-turismo-rural\/","title":{"rendered":"Blog"},"content":{"rendered":"<div class=\"fusion-fullwidth fullwidth-box fusion-builder-row-1 nonhundred-percent-fullwidth non-hundred-percent-height-scrolling\" style=\"background-color: #ffffff;background-position: center center;background-repeat: no-repeat;padding-top:0px;padding-right:0px;padding-bottom:0px;padding-left:0px;margin-bottom: 0px;margin-top: 0px;border-width: 0px 0px 0px 0px;border-color:#eae9e9;border-style:solid;\" ><div class=\"fusion-builder-row fusion-row\"><div class=\"fusion-layout-column fusion_builder_column fusion-builder-column-0 fusion_builder_column_1_1 1_1 fusion-one-full fusion-column-first fusion-column-last fusion-column-no-min-height\" style=\"margin-top:0px;margin-bottom:0px;\"><div class=\"fusion-column-wrapper fusion-flex-column-wrapper-legacy\" style=\"background-position:left top;background-repeat:no-repeat;-webkit-background-size:cover;-moz-background-size:cover;-o-background-size:cover;background-size:cover;padding: 0px 0px 0px 0px;\"><div class=\"fusion-blog-shortcode fusion-blog-shortcode-1 fusion-blog-archive fusion-blog-layout-grid-wrapper fusion-blog-no myGrid\"><style type=\"text\/css\">.fusion-blog-shortcode-1 .fusion-blog-layout-grid .fusion-post-grid{padding:20px;}.fusion-blog-shortcode-1 .fusion-posts-container{margin-left: -20px !important; margin-right:-20px !important;}<\/style><div class=\"fusion-posts-container fusion-posts-container-no fusion-blog-layout-grid fusion-blog-layout-grid-3 isotope\" data-pages=\"1\" data-grid-col-space=\"40\" style=\"margin: -20px -20px 0;min-height:500px;\"><article id=\"blog-1-post-14079\" class=\"fusion-post-grid post-14079 post type-post status-publish format-standard has-post-thumbnail hentry category-sin-categorizar\">\n<div class=\"fusion-post-wrapper\" style=\"background-color:rgba(255,255,255,0);border:1px solid #ebeaea;border-bottom-width:3px;\">\n\n\t\t\t<div class=\"fusion-flexslider flexslider fusion-flexslider-loading fusion-post-slideshow\" style=\"border-color:#ebeaea;\">\n\t\t<ul class=\"slides\">\n\t\t\t\n\t\t\t\t\t\t\t\t\t\t\t\t\t\t<li><div  class=\"fusion-image-wrapper\" aria-haspopup=\"true\">\n\t\t\t\t\t\t\t<a href=\"https:\/\/pegatera.com\/es\/la-reserva-boumort-converteix-lunic-lloc-catalunya-amb-exemplars-cavall-salvatge-przewalski\/\" aria-label=\"La Reserva de Boumort es converteix en l&#8217;\u00fanic lloc de Catalunya amb exemplars de cavall salvatge o de Przewalski\">\n\t\t\t\t\t\t\t<img decoding=\"async\" width=\"799\" height=\"400\" src=\"https:\/\/pegatera.com\/wp-content\/uploads\/2017\/06\/Cavalls-Boumort-1.png\" class=\"attachment-full size-full wp-post-image\" alt=\"\" srcset=\"https:\/\/pegatera.com\/wp-content\/uploads\/2017\/06\/Cavalls-Boumort-1-200x100.png 200w, https:\/\/pegatera.com\/wp-content\/uploads\/2017\/06\/Cavalls-Boumort-1-400x200.png 400w, https:\/\/pegatera.com\/wp-content\/uploads\/2017\/06\/Cavalls-Boumort-1-600x300.png 600w, https:\/\/pegatera.com\/wp-content\/uploads\/2017\/06\/Cavalls-Boumort-1.png 799w\" sizes=\"(min-width: 2200px) 100vw, (min-width: 824px) 340px, (min-width: 732px) 510px, (min-width: 640px) 732px, \" \/>\t\t\t<\/a>\n\t\t\t\t\t\t\t<\/div>\n<\/li>\n\t\t\t\n\t\t\t\n\t\t\t\t\t\t\t\t\t\t\t\t\t\t\t\t\t\t\t\t\t\t\t\t\t\t\t\t\t\t\t\t\t\t\t\t\t\t\t\t\t\t\t\t\t\t\t\t\t\t\t\t\t\t\t\t\t\t\t\t\t\t\t\t\t\t\t\t<\/ul>\n\t<\/div>\n\t<div class=\"fusion-post-content-wrapper\" style=\"padding:30px 25px 25px 25px;\"><div class=\"fusion-post-content post-content\"><h2 class=\"blog-shortcode-post-title entry-title\"><a href=\"https:\/\/pegatera.com\/es\/la-reserva-boumort-converteix-lunic-lloc-catalunya-amb-exemplars-cavall-salvatge-przewalski\/\">La Reserva de Boumort es converteix en l&#8217;\u00fanic lloc de Catalunya amb exemplars de cavall salvatge o de Przewalski<\/a><\/h2><p class=\"fusion-single-line-meta\"><span class=\"vcard\" style=\"display: none;\"><span class=\"fn\"><a href=\"https:\/\/pegatera.com\/es\/author\/p3gatera\/\" title=\"Entradas de pegatera.com\" rel=\"author\">pegatera.com<\/a><\/span><\/span><span class=\"updated\" style=\"display:none;\">2017-06-09T16:02:11+01:00<\/span><span>09\/06\/2017<\/span><span class=\"fusion-inline-sep\">|<\/span><\/p><div class=\"fusion-content-sep sep-double sep-solid\" style=\"border-color:#e2e2e2;\"><\/div><div class=\"fusion-post-content-container\"><p>Es tracta de la varietat m\u00e9s antiga de cavall existent actualment, i \u00e9s considerat en perill d'extinci\u00f3 a escala mundial<\/p><\/div><\/div><div class=\"fusion-meta-info\"><div class=\"fusion-alignleft\"><a class=\"fusion-read-more\" href=\"https:\/\/pegatera.com\/es\/la-reserva-boumort-converteix-lunic-lloc-catalunya-amb-exemplars-cavall-salvatge-przewalski\/\" aria-label=\"More on La Reserva de Boumort es converteix en l&#8217;\u00fanic lloc de Catalunya amb exemplars de cavall salvatge o de Przewalski\">Leer m\u00e1s<\/a><\/div><div class=\"fusion-alignright\"><span>Comentarios desactivados<span class=\"screen-reader-text\"> en La Reserva de Boumort es converteix en l&#8217;\u00fanic lloc de Catalunya amb exemplars de cavall salvatge o de Przewalski<\/span><\/span><\/div><\/div><\/div><div class=\"fusion-clearfix\"><\/div><\/div>\n<\/article>\n<article id=\"blog-1-post-13766\" class=\"fusion-post-grid post-13766 post type-post status-publish format-standard has-post-thumbnail hentry category-sin-categorizar\">\n<div class=\"fusion-post-wrapper\" style=\"background-color:rgba(255,255,255,0);border:1px solid #ebeaea;border-bottom-width:3px;\">\n\n\t\t\t<div class=\"fusion-flexslider flexslider fusion-flexslider-loading fusion-post-slideshow\" style=\"border-color:#ebeaea;\">\n\t\t<ul class=\"slides\">\n\t\t\t\n\t\t\t\t\t\t\t\t\t\t\t\t\t\t<li><div  class=\"fusion-image-wrapper\" aria-haspopup=\"true\">\n\t\t\t\t\t\t\t<a href=\"https:\/\/pegatera.com\/es\/alinya-terra-de-voltors\/\" aria-label=\"Aliny\u00e0, terra de voltors\">\n\t\t\t\t\t\t\t<img decoding=\"async\" width=\"800\" height=\"531\" src=\"https:\/\/pegatera.com\/wp-content\/uploads\/2017\/05\/voltor.jpg\" class=\"attachment-full size-full wp-post-image\" alt=\"\" srcset=\"https:\/\/pegatera.com\/wp-content\/uploads\/2017\/05\/voltor-200x133.jpg 200w, https:\/\/pegatera.com\/wp-content\/uploads\/2017\/05\/voltor-400x266.jpg 400w, https:\/\/pegatera.com\/wp-content\/uploads\/2017\/05\/voltor-600x398.jpg 600w, https:\/\/pegatera.com\/wp-content\/uploads\/2017\/05\/voltor.jpg 800w\" sizes=\"(min-width: 2200px) 100vw, (min-width: 824px) 340px, (min-width: 732px) 510px, (min-width: 640px) 732px, \" \/>\t\t\t<\/a>\n\t\t\t\t\t\t\t<\/div>\n<\/li>\n\t\t\t\n\t\t\t\n\t\t\t\t\t\t\t\t\t\t\t\t\t\t\t\t\t\t\t\t\t\t\t\t\t\t\t\t\t\t\t\t\t\t\t\t\t\t\t\t\t\t\t\t\t\t\t\t\t\t\t\t\t\t\t\t\t\t\t\t\t\t\t\t\t\t\t\t<\/ul>\n\t<\/div>\n\t<div class=\"fusion-post-content-wrapper\" style=\"padding:30px 25px 25px 25px;\"><div class=\"fusion-post-content post-content\"><h2 class=\"blog-shortcode-post-title entry-title\"><a href=\"https:\/\/pegatera.com\/es\/alinya-terra-de-voltors\/\">Aliny\u00e0, terra de voltors<\/a><\/h2><p class=\"fusion-single-line-meta\"><span class=\"vcard\" style=\"display: none;\"><span class=\"fn\"><a href=\"https:\/\/pegatera.com\/es\/author\/p3gatera\/\" title=\"Entradas de pegatera.com\" rel=\"author\">pegatera.com<\/a><\/span><\/span><span class=\"updated\" style=\"display:none;\">2017-05-08T15:28:31+01:00<\/span><span>08\/05\/2017<\/span><span class=\"fusion-inline-sep\">|<\/span><\/p><div class=\"fusion-content-sep sep-double sep-solid\" style=\"border-color:#e2e2e2;\"><\/div><div class=\"fusion-post-content-container\"><p>Lloc \u00fanic a Europa on es poden observar les quatre esp\u00e8cies de rapinyaires diurns europeus.<\/p><\/div><\/div><div class=\"fusion-meta-info\"><div class=\"fusion-alignleft\"><a class=\"fusion-read-more\" href=\"https:\/\/pegatera.com\/es\/alinya-terra-de-voltors\/\" aria-label=\"More on Aliny\u00e0, terra de voltors\">Leer m\u00e1s<\/a><\/div><div class=\"fusion-alignright\"><span>Comentarios desactivados<span class=\"screen-reader-text\"> en Aliny\u00e0, terra de voltors<\/span><\/span><\/div><\/div><\/div><div class=\"fusion-clearfix\"><\/div><\/div>\n<\/article>\n<article id=\"blog-1-post-13770\" class=\"fusion-post-grid post-13770 post type-post status-publish format-standard has-post-thumbnail hentry category-sin-categorizar\">\n<div class=\"fusion-post-wrapper\" style=\"background-color:rgba(255,255,255,0);border:1px solid #ebeaea;border-bottom-width:3px;\">\n\n\t\t\t<div class=\"fusion-flexslider flexslider fusion-flexslider-loading fusion-post-slideshow\" style=\"border-color:#ebeaea;\">\n\t\t<ul class=\"slides\">\n\t\t\t\n\t\t\t\t\t\t\t\t\t\t\t\t\t\t<li><div  class=\"fusion-image-wrapper\" aria-haspopup=\"true\">\n\t\t\t\t\t\t\t<a href=\"https:\/\/pegatera.com\/es\/el-romanic-coll-de-nargo-rodalies\/\" aria-label=\"El Rom\u00e0nic a Coll de Narg\u00f3 i rodalies\">\n\t\t\t\t\t\t\t<img decoding=\"async\" width=\"600\" height=\"379\" src=\"https:\/\/pegatera.com\/wp-content\/uploads\/2017\/05\/Esgle\u0301sia_de_Sant_Climent_Coll_de_Nargo\u0301-3.jpg\" class=\"attachment-full size-full wp-post-image\" alt=\"\" srcset=\"https:\/\/pegatera.com\/wp-content\/uploads\/2017\/05\/Esgle\u0301sia_de_Sant_Climent_Coll_de_Nargo\u0301-3-200x126.jpg 200w, https:\/\/pegatera.com\/wp-content\/uploads\/2017\/05\/Esgle\u0301sia_de_Sant_Climent_Coll_de_Nargo\u0301-3-400x253.jpg 400w, https:\/\/pegatera.com\/wp-content\/uploads\/2017\/05\/Esgle\u0301sia_de_Sant_Climent_Coll_de_Nargo\u0301-3.jpg 600w\" sizes=\"(min-width: 2200px) 100vw, (min-width: 824px) 340px, (min-width: 732px) 510px, (min-width: 640px) 732px, \" \/>\t\t\t<\/a>\n\t\t\t\t\t\t\t<\/div>\n<\/li>\n\t\t\t\n\t\t\t\n\t\t\t\t\t\t\t\t\t\t\t\t\t\t\t\t\t\t\t\t\t\t\t\t\t\t\t\t\t\t\t\t\t\t\t\t\t\t\t\t\t\t\t\t\t\t\t\t\t\t\t\t\t\t\t\t\t\t\t\t\t\t\t\t\t\t\t\t<\/ul>\n\t<\/div>\n\t<div class=\"fusion-post-content-wrapper\" style=\"padding:30px 25px 25px 25px;\"><div class=\"fusion-post-content post-content\"><h2 class=\"blog-shortcode-post-title entry-title\"><a href=\"https:\/\/pegatera.com\/es\/el-romanic-coll-de-nargo-rodalies\/\">El Rom\u00e0nic a Coll de Narg\u00f3 i rodalies<\/a><\/h2><p class=\"fusion-single-line-meta\"><span class=\"vcard\" style=\"display: none;\"><span class=\"fn\"><a href=\"https:\/\/pegatera.com\/es\/author\/p3gatera\/\" title=\"Entradas de pegatera.com\" rel=\"author\">pegatera.com<\/a><\/span><\/span><span class=\"updated\" style=\"display:none;\">2017-05-16T12:15:20+01:00<\/span><span>08\/05\/2017<\/span><span class=\"fusion-inline-sep\">|<\/span><\/p><div class=\"fusion-content-sep sep-double sep-solid\" style=\"border-color:#e2e2e2;\"><\/div><div class=\"fusion-post-content-container\"><p>El municipi de Coll de Narg\u00f3 \u00e9s un dels m\u00e9s rics de tot l'Alt Urgell en momuments rom\u00e0nics.<\/p><\/div><\/div><div class=\"fusion-meta-info\"><div class=\"fusion-alignleft\"><a class=\"fusion-read-more\" href=\"https:\/\/pegatera.com\/es\/el-romanic-coll-de-nargo-rodalies\/\" aria-label=\"More on El Rom\u00e0nic a Coll de Narg\u00f3 i rodalies\">Leer m\u00e1s<\/a><\/div><div class=\"fusion-alignright\"><span>Comentarios desactivados<span class=\"screen-reader-text\"> en El Rom\u00e0nic a Coll de Narg\u00f3 i rodalies<\/span><\/span><\/div><\/div><\/div><div class=\"fusion-clearfix\"><\/div><\/div>\n<\/article>\n<article id=\"blog-1-post-13778\" class=\"fusion-post-grid post-13778 post type-post status-publish format-standard has-post-thumbnail hentry category-sin-categorizar\">\n<div class=\"fusion-post-wrapper\" style=\"background-color:rgba(255,255,255,0);border:1px solid #ebeaea;border-bottom-width:3px;\">\n\n\t\t\t<div class=\"fusion-flexslider flexslider fusion-flexslider-loading fusion-post-slideshow\" style=\"border-color:#ebeaea;\">\n\t\t<ul class=\"slides\">\n\t\t\t\n\t\t\t\t\t\t\t\t\t\t\t\t\t\t<li><div  class=\"fusion-image-wrapper\" aria-haspopup=\"true\">\n\t\t\t\t\t\t\t<a href=\"https:\/\/pegatera.com\/es\/projecte-geoparc-conca-de-tremp-montsec\/\" aria-label=\"Projecte Geoparc Conca de Tremp-Montsec\">\n\t\t\t\t\t\t\t<img decoding=\"async\" width=\"1504\" height=\"1000\" src=\"https:\/\/pegatera.com\/wp-content\/uploads\/2017\/05\/Coll-de-Nargo-1.jpg\" class=\"attachment-full size-full wp-post-image\" alt=\"\" srcset=\"https:\/\/pegatera.com\/wp-content\/uploads\/2017\/05\/Coll-de-Nargo-1-200x133.jpg 200w, https:\/\/pegatera.com\/wp-content\/uploads\/2017\/05\/Coll-de-Nargo-1-400x266.jpg 400w, https:\/\/pegatera.com\/wp-content\/uploads\/2017\/05\/Coll-de-Nargo-1-600x399.jpg 600w, https:\/\/pegatera.com\/wp-content\/uploads\/2017\/05\/Coll-de-Nargo-1-800x532.jpg 800w, https:\/\/pegatera.com\/wp-content\/uploads\/2017\/05\/Coll-de-Nargo-1-1200x798.jpg 1200w, https:\/\/pegatera.com\/wp-content\/uploads\/2017\/05\/Coll-de-Nargo-1.jpg 1504w\" sizes=\"(min-width: 2200px) 100vw, (min-width: 824px) 340px, (min-width: 732px) 510px, (min-width: 640px) 732px, \" \/>\t\t\t<\/a>\n\t\t\t\t\t\t\t<\/div>\n<\/li>\n\t\t\t\n\t\t\t\n\t\t\t\t\t\t\t\t\t\t\t\t\t\t\t\t\t\t\t\t\t\t\t\t\t\t\t\t\t\t\t\t\t\t\t\t\t\t\t\t\t\t\t\t\t\t\t\t\t\t\t\t\t\t\t\t\t\t\t\t\t\t\t\t\t\t\t\t<\/ul>\n\t<\/div>\n\t<div class=\"fusion-post-content-wrapper\" style=\"padding:30px 25px 25px 25px;\"><div class=\"fusion-post-content post-content\"><h2 class=\"blog-shortcode-post-title entry-title\"><a href=\"https:\/\/pegatera.com\/es\/projecte-geoparc-conca-de-tremp-montsec\/\">Projecte Geoparc Conca de Tremp-Montsec<\/a><\/h2><p class=\"fusion-single-line-meta\"><span class=\"vcard\" style=\"display: none;\"><span class=\"fn\"><a href=\"https:\/\/pegatera.com\/es\/author\/p3gatera\/\" title=\"Entradas de pegatera.com\" rel=\"author\">pegatera.com<\/a><\/span><\/span><span class=\"updated\" style=\"display:none;\">2017-05-16T12:18:43+01:00<\/span><span>08\/05\/2017<\/span><span class=\"fusion-inline-sep\">|<\/span><\/p><div class=\"fusion-content-sep sep-double sep-solid\" style=\"border-color:#e2e2e2;\"><\/div><div class=\"fusion-post-content-container\"><p>L'any 2015 es va iniciar el proc\u00e9s de candidatura per accedir a ser Geoparc Mundial de la UNESCO.<\/p><\/div><\/div><div class=\"fusion-meta-info\"><div class=\"fusion-alignleft\"><a class=\"fusion-read-more\" href=\"https:\/\/pegatera.com\/es\/projecte-geoparc-conca-de-tremp-montsec\/\" aria-label=\"More on Projecte Geoparc Conca de Tremp-Montsec\">Leer m\u00e1s<\/a><\/div><div class=\"fusion-alignright\"><span>Comentarios desactivados<span class=\"screen-reader-text\"> en Projecte Geoparc Conca de Tremp-Montsec<\/span><\/span><\/div><\/div><\/div><div class=\"fusion-clearfix\"><\/div><\/div>\n<\/article>\n<article id=\"blog-1-post-13786\" class=\"fusion-post-grid post-13786 post type-post status-publish format-standard has-post-thumbnail hentry category-sin-categorizar\">\n<div class=\"fusion-post-wrapper\" style=\"background-color:rgba(255,255,255,0);border:1px solid #ebeaea;border-bottom-width:3px;\">\n\n\t\t\t<div class=\"fusion-flexslider flexslider fusion-flexslider-loading fusion-post-slideshow\" style=\"border-color:#ebeaea;\">\n\t\t<ul class=\"slides\">\n\t\t\t\n\t\t\t\t\t\t\t\t\t\t\t\t\t\t<li><div  class=\"fusion-image-wrapper\" aria-haspopup=\"true\">\n\t\t\t\t\t\t\t<a href=\"https:\/\/pegatera.com\/es\/dinosaures-fossils\/\" aria-label=\"Nova exposici\u00f3 a l\u2019espai Dinosfera a Coll de Narg\u00f3\">\n\t\t\t\t\t\t\t<img decoding=\"async\" width=\"645\" height=\"430\" src=\"https:\/\/pegatera.com\/wp-content\/uploads\/2017\/03\/DINOSAURE-1.jpg\" class=\"attachment-full size-full wp-post-image\" alt=\"\" srcset=\"https:\/\/pegatera.com\/wp-content\/uploads\/2017\/03\/DINOSAURE-1-200x133.jpg 200w, https:\/\/pegatera.com\/wp-content\/uploads\/2017\/03\/DINOSAURE-1-400x267.jpg 400w, https:\/\/pegatera.com\/wp-content\/uploads\/2017\/03\/DINOSAURE-1-600x400.jpg 600w, https:\/\/pegatera.com\/wp-content\/uploads\/2017\/03\/DINOSAURE-1.jpg 645w\" sizes=\"(min-width: 2200px) 100vw, (min-width: 824px) 340px, (min-width: 732px) 510px, (min-width: 640px) 732px, \" \/>\t\t\t<\/a>\n\t\t\t\t\t\t\t<\/div>\n<\/li>\n\t\t\t\n\t\t\t\n\t\t\t\t\t\t\t\t\t\t\t\t\t\t\t\t\t\t\t\t\t\t\t\t\t\t\t\t\t\t\t\t\t\t\t\t\t\t\t\t\t\t\t\t\t\t\t\t\t\t\t\t\t\t\t\t\t\t\t\t\t\t\t\t\t\t\t\t<\/ul>\n\t<\/div>\n\t<div class=\"fusion-post-content-wrapper\" style=\"padding:30px 25px 25px 25px;\"><div class=\"fusion-post-content post-content\"><h2 class=\"blog-shortcode-post-title entry-title\"><a href=\"https:\/\/pegatera.com\/es\/dinosaures-fossils\/\">Nova exposici\u00f3 a l\u2019espai Dinosfera a Coll de Narg\u00f3<\/a><\/h2><p class=\"fusion-single-line-meta\"><span class=\"vcard\" style=\"display: none;\"><span class=\"fn\"><a href=\"https:\/\/pegatera.com\/es\/author\/p3gatera\/\" title=\"Entradas de pegatera.com\" rel=\"author\">pegatera.com<\/a><\/span><\/span><span class=\"updated\" style=\"display:none;\">2017-05-17T19:01:20+01:00<\/span><span>08\/03\/2017<\/span><span class=\"fusion-inline-sep\">|<\/span><\/p><div class=\"fusion-content-sep sep-double sep-solid\" style=\"border-color:#e2e2e2;\"><\/div><div class=\"fusion-post-content-container\"><p>Vine a veure la nova exposici\u00f3 que presenta l\u2019espai Dinosfera a Coll de Narg\u00f3. Una exposici\u00f3 on veurem els dinosaures des d\u2019una altra perspectiva, des de la seva forma m\u00e9s prematura.<\/p><\/div><\/div><div class=\"fusion-meta-info\"><div class=\"fusion-alignleft\"><a class=\"fusion-read-more\" href=\"https:\/\/pegatera.com\/es\/dinosaures-fossils\/\" aria-label=\"More on Nova exposici\u00f3 a l\u2019espai Dinosfera a Coll de Narg\u00f3\">Leer m\u00e1s<\/a><\/div><div class=\"fusion-alignright\"><span>Comentarios desactivados<span class=\"screen-reader-text\"> en Nova exposici\u00f3 a l\u2019espai Dinosfera a Coll de Narg\u00f3<\/span><\/span><\/div><\/div><\/div><div class=\"fusion-clearfix\"><\/div><\/div>\n<\/article>\n<div class=\"fusion-clearfix\"><\/div><\/div><\/div><div class=\"fusion-clearfix\"><\/div><\/div><\/div><\/div><\/div>\n","protected":false},"excerpt":{"rendered":"","protected":false},"author":1,"featured_media":0,"parent":0,"menu_order":0,"comment_status":"closed","ping_status":"closed","template":"100-width.php","meta":{"footnotes":""},"yoast_head":"<!-- This site is optimized with the Yoast SEO plugin v21.6 - https:\/\/yoast.com\/wordpress\/plugins\/seo\/ -->\n<title>Turismo rural. Disfrutar de la naturaleza, Alt Urgell, Lleida, Catalunya<\/title>\n<meta name=\"description\" content=\"Casa de turismo rural para 7 personas. Aislada en medio del bosque, pod\u00e9is hacer largos paseos y actividades en la naturaleza. Aceptamos perros.\" \/>\n<meta name=\"robots\" content=\"index, follow, max-snippet:-1, max-image-preview:large, max-video-preview:-1\" \/>\n<link rel=\"canonical\" href=\"https:\/\/pegatera.com\/blog\/\" \/>\n<meta property=\"og:locale\" content=\"es_ES\" \/>\n<meta property=\"og:type\" content=\"article\" \/>\n<meta property=\"og:title\" content=\"Turismo rural. Disfrutar de la naturaleza, Alt Urgell, Lleida, Catalunya\" \/>\n<meta property=\"og:description\" content=\"Casa de turismo rural para 7 personas. Aislada en medio del bosque, pod\u00e9is hacer largos paseos y actividades en la naturaleza. Aceptamos perros.\" \/>\n<meta property=\"og:url\" content=\"https:\/\/pegatera.com\/blog\/\" \/>\n<meta property=\"og:site_name\" content=\"La Pegatera - Casa de turismo rural\" \/>\n<meta property=\"article:publisher\" content=\"https:\/\/www.facebook.com\/La-Pegatera-324631606201\/\" \/>\n<meta property=\"article:modified_time\" content=\"2017-05-15T14:50:20+00:00\" \/>\n<meta name=\"twitter:card\" content=\"summary_large_image\" \/>\n<meta name=\"twitter:label1\" content=\"Tiempo de lectura\" \/>\n\t<meta name=\"twitter:data1\" content=\"1 minuto\" \/>\n<script type=\"application\/ld+json\" class=\"yoast-schema-graph\">{\"@context\":\"https:\/\/schema.org\",\"@graph\":[{\"@type\":\"WebPage\",\"@id\":\"https:\/\/pegatera.com\/blog\/\",\"url\":\"https:\/\/pegatera.com\/blog\/\",\"name\":\"Turismo rural. Disfrutar de la naturaleza, Alt Urgell, Lleida, Catalunya\",\"isPartOf\":{\"@id\":\"https:\/\/pegatera.com\/#website\"},\"datePublished\":\"2014-09-04T19:01:32+00:00\",\"dateModified\":\"2017-05-15T14:50:20+00:00\",\"description\":\"Casa de turismo rural para 7 personas. Aislada en medio del bosque, pod\u00e9is hacer largos paseos y actividades en la naturaleza. Aceptamos perros.\",\"breadcrumb\":{\"@id\":\"https:\/\/pegatera.com\/blog\/#breadcrumb\"},\"inLanguage\":\"es\",\"potentialAction\":[{\"@type\":\"ReadAction\",\"target\":[\"https:\/\/pegatera.com\/blog\/\"]}]},{\"@type\":\"BreadcrumbList\",\"@id\":\"https:\/\/pegatera.com\/blog\/#breadcrumb\",\"itemListElement\":[{\"@type\":\"ListItem\",\"position\":1,\"name\":\"Home\",\"item\":\"https:\/\/pegatera.com\/es\/\"},{\"@type\":\"ListItem\",\"position\":2,\"name\":\"Blog\"}]},{\"@type\":\"WebSite\",\"@id\":\"https:\/\/pegatera.com\/#website\",\"url\":\"https:\/\/pegatera.com\/\",\"name\":\"La Pegatera - Casa de turismo rural\",\"description\":\"Casa aislada, turismo rural Alt Urgell, Coll de Narg\u00f3, Pirineo, Lleida. Boumort.\",\"potentialAction\":[{\"@type\":\"SearchAction\",\"target\":{\"@type\":\"EntryPoint\",\"urlTemplate\":\"https:\/\/pegatera.com\/?s={search_term_string}\"},\"query-input\":\"required name=search_term_string\"}],\"inLanguage\":\"es\"}]}<\/script>\n<!-- \/ Yoast SEO plugin. -->","yoast_head_json":{"title":"Turismo rural. Disfrutar de la naturaleza, Alt Urgell, Lleida, Catalunya","description":"Casa de turismo rural para 7 personas. Aislada en medio del bosque, pod\u00e9is hacer largos paseos y actividades en la naturaleza. Aceptamos perros.","robots":{"index":"index","follow":"follow","max-snippet":"max-snippet:-1","max-image-preview":"max-image-preview:large","max-video-preview":"max-video-preview:-1"},"canonical":"https:\/\/pegatera.com\/blog\/","og_locale":"es_ES","og_type":"article","og_title":"Turismo rural. Disfrutar de la naturaleza, Alt Urgell, Lleida, Catalunya","og_description":"Casa de turismo rural para 7 personas. Aislada en medio del bosque, pod\u00e9is hacer largos paseos y actividades en la naturaleza. Aceptamos perros.","og_url":"https:\/\/pegatera.com\/blog\/","og_site_name":"La Pegatera - Casa de turismo rural","article_publisher":"https:\/\/www.facebook.com\/La-Pegatera-324631606201\/","article_modified_time":"2017-05-15T14:50:20+00:00","twitter_card":"summary_large_image","twitter_misc":{"Tiempo de lectura":"1 minuto"},"schema":{"@context":"https:\/\/schema.org","@graph":[{"@type":"WebPage","@id":"https:\/\/pegatera.com\/blog\/","url":"https:\/\/pegatera.com\/blog\/","name":"Turismo rural. Disfrutar de la naturaleza, Alt Urgell, Lleida, Catalunya","isPartOf":{"@id":"https:\/\/pegatera.com\/#website"},"datePublished":"2014-09-04T19:01:32+00:00","dateModified":"2017-05-15T14:50:20+00:00","description":"Casa de turismo rural para 7 personas. Aislada en medio del bosque, pod\u00e9is hacer largos paseos y actividades en la naturaleza. Aceptamos perros.","breadcrumb":{"@id":"https:\/\/pegatera.com\/blog\/#breadcrumb"},"inLanguage":"es","potentialAction":[{"@type":"ReadAction","target":["https:\/\/pegatera.com\/blog\/"]}]},{"@type":"BreadcrumbList","@id":"https:\/\/pegatera.com\/blog\/#breadcrumb","itemListElement":[{"@type":"ListItem","position":1,"name":"Home","item":"https:\/\/pegatera.com\/es\/"},{"@type":"ListItem","position":2,"name":"Blog"}]},{"@type":"WebSite","@id":"https:\/\/pegatera.com\/#website","url":"https:\/\/pegatera.com\/","name":"La Pegatera - Casa de turismo rural","description":"Casa aislada, turismo rural Alt Urgell, Coll de Narg\u00f3, Pirineo, Lleida. Boumort.","potentialAction":[{"@type":"SearchAction","target":{"@type":"EntryPoint","urlTemplate":"https:\/\/pegatera.com\/?s={search_term_string}"},"query-input":"required name=search_term_string"}],"inLanguage":"es"}]}},"_links":{"self":[{"href":"https:\/\/pegatera.com\/es\/wp-json\/wp\/v2\/pages\/13573"}],"collection":[{"href":"https:\/\/pegatera.com\/es\/wp-json\/wp\/v2\/pages"}],"about":[{"href":"https:\/\/pegatera.com\/es\/wp-json\/wp\/v2\/types\/page"}],"author":[{"embeddable":true,"href":"https:\/\/pegatera.com\/es\/wp-json\/wp\/v2\/users\/1"}],"replies":[{"embeddable":true,"href":"https:\/\/pegatera.com\/es\/wp-json\/wp\/v2\/comments?post=13573"}],"version-history":[{"count":1,"href":"https:\/\/pegatera.com\/es\/wp-json\/wp\/v2\/pages\/13573\/revisions"}],"predecessor-version":[{"id":13574,"href":"https:\/\/pegatera.com\/es\/wp-json\/wp\/v2\/pages\/13573\/revisions\/13574"}],"wp:attachment":[{"href":"https:\/\/pegatera.com\/es\/wp-json\/wp\/v2\/media?parent=13573"}],"curies":[{"name":"wp","href":"https:\/\/api.w.org\/{rel}","templated":true}]}}