{"id":13593,"date":"2017-04-04T08:40:49","date_gmt":"2017-04-04T07:40:49","guid":{"rendered":"http:\/\/pegatera.com\/preus\/"},"modified":"2026-03-31T18:38:56","modified_gmt":"2026-03-31T17:38:56","slug":"precios","status":"publish","type":"page","link":"https:\/\/pegatera.com\/es\/precios\/","title":{"rendered":"Precios"},"content":{"rendered":"<div class=\"fusion-fullwidth fullwidth-box fusion-builder-row-1 nonhundred-percent-fullwidth non-hundred-percent-height-scrolling\" style=\"background-color: #ffffff;background-position: center center;background-repeat: no-repeat;padding-top:0px;padding-right:0px;padding-bottom:0px;padding-left:0px;margin-bottom: 0px;margin-top: 0px;border-width: 0px 0px 0px 0px;border-color:#eae9e9;border-style:solid;\" ><div class=\"fusion-builder-row fusion-row\"><div class=\"fusion-layout-column fusion_builder_column fusion-builder-column-0 fusion_builder_column_1_1 1_1 fusion-one-full fusion-column-first fusion-column-last\" style=\"margin-top:0px;margin-bottom:20px;\"><div class=\"fusion-column-wrapper fusion-flex-column-wrapper-legacy\" style=\"background-position:left top;background-repeat:no-repeat;-webkit-background-size:cover;-moz-background-size:cover;-o-background-size:cover;background-size:cover;padding: 0px 0px 0px 0px;\"><div class=\"imageframe-align-center\"><span class=\" fusion-imageframe imageframe-none imageframe-1 hover-type-none\"><img decoding=\"async\" width=\"1200\" height=\"600\" title=\"PEGATERA-inici-C99-1200X600px-300dpi\" src=\"https:\/\/pegatera.com\/wp-content\/uploads\/2017\/05\/PEGATERA-inici-C99-1200X600px-300dpi.jpg\" alt class=\"img-responsive wp-image-12563\" srcset=\"https:\/\/pegatera.com\/wp-content\/uploads\/2017\/05\/PEGATERA-inici-C99-1200X600px-300dpi-200x100.jpg 200w, https:\/\/pegatera.com\/wp-content\/uploads\/2017\/05\/PEGATERA-inici-C99-1200X600px-300dpi-400x200.jpg 400w, https:\/\/pegatera.com\/wp-content\/uploads\/2017\/05\/PEGATERA-inici-C99-1200X600px-300dpi-600x300.jpg 600w, https:\/\/pegatera.com\/wp-content\/uploads\/2017\/05\/PEGATERA-inici-C99-1200X600px-300dpi-800x400.jpg 800w, https:\/\/pegatera.com\/wp-content\/uploads\/2017\/05\/PEGATERA-inici-C99-1200X600px-300dpi.jpg 1200w\" sizes=\"(max-width: 800px) 100vw, 1200px\" \/><\/span><\/div><style type=\"text\/css\"><\/style><div class=\"fusion-title title fusion-title-1 fusion-sep-none fusion-title-text fusion-title-size-one\" style=\"margin-top:35px;margin-right:0px;margin-bottom:30px;margin-left:0px;\"><h1 class=\"title-heading-left fusion-responsive-typography-calculated\" style=\"margin:0;--fontSize:33;line-height:1.45;\"><p style=\"text-align: center; color: #546122; font-size: 32px;\">Casa para 7 personas. Se\u00a0alquila entera. Estancia m\u00ednima 2 noches.<\/p><\/h1><\/div><div class=\"fusion-builder-row fusion-builder-row-inner fusion-row\"><div class=\"fusion-layout-column fusion_builder_column_inner fusion-builder-nested-column-0 fusion_builder_column_inner_1_2 1_2 fusion-one-half fusion-column-first\" style=\"width:50%;width:calc(50% - ( ( 4% ) * 0.5 ) );margin-right: 4%;margin-top:0px;margin-bottom:20px;\"><div class=\"fusion-column-wrapper fusion-flex-column-wrapper-legacy\" style=\"background-position:left top;background-repeat:no-repeat;-webkit-background-size:cover;-moz-background-size:cover;-o-background-size:cover;background-size:cover;padding: 0px 0px 0px 0px;\"><style type=\"text\/css\"><\/style><div class=\"fusion-title title fusion-title-2 fusion-sep-none fusion-title-text fusion-title-size-one\" style=\"margin-top:0px;margin-right:0px;margin-bottom:0px;margin-left:0px;\"><h1 class=\"title-heading-left fusion-responsive-typography-calculated\" style=\"margin:0;--fontSize:33;line-height:1.45;\"><p style=\"font-size: 28px; color: #512b1c; text-align: left;\">Tarifas 2025<\/p><\/h1><\/div><div class=\"fusion-text fusion-text-1\"><ul style=\"list-style: none; color: #8f5927; font-size: 21px; padding-left: 0px; margin: 0;\">\n<li class=\"estil_guio\">2 Noches (alquiler m\u00ednimo)&#8230;.546 \u20ac<\/li>\n<li class=\"estil_guio\">D\u00eda extra&#8230;273 \u20ac<\/li>\n<li class=\"estil_guio\">Semana&#8230;1.638 \u20ac<\/li>\n<li class=\"estil_guio\">Persona extra por noche&#8230;.39 \u20ac<\/li>\n<li class=\"estil_guio\">Los puentes se alquilan completos.<\/li>\n<li class=\"estil_guio\">Beb\u00e9s que duermen en cuna gratis.<\/li>\n<li class=\"estil_guio\">Julio y agosto se alquila por semanas: entrada viernes a las 17:00 h, salida viernes a las 10:00 h.<\/li>\n<\/ul>\n<\/div><div class=\"fusion-clearfix\"><\/div><\/div><\/div><div class=\"fusion-layout-column fusion_builder_column_inner fusion-builder-nested-column-1 fusion_builder_column_inner_1_2 1_2 fusion-one-half fusion-column-last\" style=\"width:50%;width:calc(50% - ( ( 4% ) * 0.5 ) );margin-top:0px;margin-bottom:20px;\"><div class=\"fusion-column-wrapper fusion-flex-column-wrapper-legacy\" style=\"background-position:left top;background-repeat:no-repeat;-webkit-background-size:cover;-moz-background-size:cover;-o-background-size:cover;background-size:cover;padding: 0px 0px 0px 0px;\"><style type=\"text\/css\"><\/style><div class=\"fusion-title title fusion-title-3 fusion-sep-none fusion-title-text fusion-title-size-one\" style=\"margin-top:0px;margin-right:0px;margin-bottom:0px;margin-left:0px;\"><h1 class=\"title-heading-left fusion-responsive-typography-calculated\" style=\"margin:0;--fontSize:33;line-height:1.45;\"><p style=\"font-size: 28px; color: #512b1c; text-align: left;\">Incluye:<\/p><\/h1><\/div><div class=\"fusion-text fusion-text-2\"><ul style=\"list-style: none; color: #8f5927; font-size: 21px; padding-left: 0px; margin: 0;\">\n<li class=\"estil_guio\">Ropa de casa: s\u00e1banas, cojines y edredones, una toalla de mano y una de ba\u00f1o por persona.<\/li>\n<li class=\"estil_guio\">En julio y agosto, una toalla de piscina por persona.<\/li>\n<li class=\"estil_guio\">Todos los utensilios de cocina y limpieza as\u00ed como los productos de limpieza b\u00e1sicos.<\/li>\n<li class=\"estil_guio\">Le\u00f1a, luz, agua, gas y velas.<\/li>\n<li class=\"estil_guio\">Calefacci\u00f3n.<\/li>\n<\/ul>\n<\/div><div class=\"fusion-clearfix\"><\/div><\/div><\/div><\/div><style type=\"text\/css\"><\/style><div class=\"fusion-title title fusion-title-4 fusion-sep-none fusion-title-text fusion-title-size-one\" style=\"margin-top:0px;margin-right:0px;margin-bottom:0px;margin-left:0px;\"><h1 class=\"title-heading-left fusion-responsive-typography-calculated\" style=\"margin:0;--fontSize:33;line-height:1.45;\"><p style=\"text-align: center; font-size: 28px; color: #512b1c;\">Animales de compa\u00f1\u00eda: admitimos perros y gatos<br \/>\n(suplemento a partir de la 2\u00aa. mascota)<\/p><\/h1><\/div><div class=\"fusion-text fusion-text-3\"><p style=\"font-size: 21px; color: #8f5927; text-align: center;\">Vuestras mascotas son bienvenidas en La Pegatera. Si os acompa\u00f1a m\u00e1s de una, a partir de la segunda, hay un suplemento de 10 \u20ac cada mascota por estancia completa. Se ruega mantenerlos en la planta baja de la casa y recoger sus excrementos de la era y del entorno. Por su propio bien, no deben quedarse solos en la casa ni en la era, y no deben ba\u00f1arse en la piscina. En la Tiny house \u00abEl Forn de La Pegatera\u00bb, solo aceptamos un perro. Os podemos ofrecer servicio de guarder\u00eda para vuestras mascotas. (Una vez las conozcamos, nos reservamos el derecho de hacer o no el servicio). Medio d\u00eda 25 \u20ac, d\u00eda entero 35 \u20ac.<\/p>\n<\/div><style type=\"text\/css\"><\/style><div class=\"fusion-title title fusion-title-5 fusion-sep-none fusion-title-text fusion-title-size-one\" style=\"margin-top:35px;margin-right:0px;margin-bottom:30px;margin-left:0px;\"><h1 class=\"title-heading-left fusion-responsive-typography-calculated\" style=\"margin:0;--fontSize:33;line-height:1.45;\"><p style=\"text-align: center; color: #546122; font-size: 32px;\">El \u201cForn de La Pegatera\u201d. Tiny house para 2 personas. Se alquila entera. Estancia m\u00ednima 2 noches.<\/p><\/h1><\/div><div class=\"fusion-builder-row fusion-builder-row-inner fusion-row\"><div class=\"fusion-layout-column fusion_builder_column_inner fusion-builder-nested-column-2 fusion_builder_column_inner_1_2 1_2 fusion-one-half fusion-column-first\" style=\"width:50%;width:calc(50% - ( ( 4% ) * 0.5 ) );margin-right: 4%;margin-top:0px;margin-bottom:20px;\"><div class=\"fusion-column-wrapper fusion-flex-column-wrapper-legacy\" style=\"background-position:left top;background-repeat:no-repeat;-webkit-background-size:cover;-moz-background-size:cover;-o-background-size:cover;background-size:cover;padding: 0px 0px 0px 0px;\"><style type=\"text\/css\"><\/style><div class=\"fusion-title title fusion-title-6 fusion-sep-none fusion-title-text fusion-title-size-one\" style=\"margin-top:0px;margin-right:0px;margin-bottom:0px;margin-left:0px;\"><h1 class=\"title-heading-left fusion-responsive-typography-calculated\" style=\"margin:0;--fontSize:33;line-height:1.45;\"><p style=\"font-size: 28px; color: #512b1c; text-align: left;\">Tarifas 2026<\/p><\/h1><\/div><div class=\"fusion-text fusion-text-4\"><ul style=\"list-style: none; color: #8f5927; font-size: 21px; padding-left: 0px; margin: 0;\">\n<li class=\"estil_guio\">1 Noche (m\u00ednimo 2 noches)&#8230;.90 \u20ac<\/li>\n<li class=\"estil_guio\">Semana&#8230;630 \u20ac<\/li>\n<\/ul>\n<\/div><div class=\"fusion-clearfix\"><\/div><\/div><\/div><div class=\"fusion-layout-column fusion_builder_column_inner fusion-builder-nested-column-3 fusion_builder_column_inner_1_2 1_2 fusion-one-half fusion-column-last\" style=\"width:50%;width:calc(50% - ( ( 4% ) * 0.5 ) );margin-top:0px;margin-bottom:20px;\"><div class=\"fusion-column-wrapper fusion-flex-column-wrapper-legacy\" style=\"background-position:left top;background-repeat:no-repeat;-webkit-background-size:cover;-moz-background-size:cover;-o-background-size:cover;background-size:cover;padding: 0px 0px 0px 0px;\"><style type=\"text\/css\"><\/style><div class=\"fusion-title title fusion-title-7 fusion-sep-none fusion-title-text fusion-title-size-one\" style=\"margin-top:0px;margin-right:0px;margin-bottom:0px;margin-left:0px;\"><h1 class=\"title-heading-left fusion-responsive-typography-calculated\" style=\"margin:0;--fontSize:33;line-height:1.45;\"><p style=\"font-size: 28px; color: #512b1c; text-align: left;\">Incluye:<\/p><\/h1><\/div><div class=\"fusion-text fusion-text-5\"><ul style=\"list-style: none; color: #8f5927; font-size: 21px; padding-left: 0px; margin: 0;\">\n<li class=\"estil_guio\">Ropa de casa: s\u00e1banas, cojines y edredones, una toalla de mano y una de ba\u00f1o por persona.<\/li>\n<li class=\"estil_guio\">En julio, agosto y setiembre, una toalla de piscina por persona.<\/li>\n<li class=\"estil_guio\">Todos los utensilios de cocina as\u00ed como los productos de limpieza b\u00e1sicos.<\/li>\n<li class=\"estil_guio\">Luz, agua, gas y calefacci\u00f3n.<\/li>\n<\/ul>\n<\/div><div class=\"fusion-clearfix\"><\/div><\/div><\/div><\/div><style type=\"text\/css\"><\/style><div class=\"fusion-title title fusion-title-8 fusion-sep-none fusion-title-text fusion-title-size-one\" style=\"margin-top:0px;margin-right:0px;margin-bottom:0px;margin-left:0px;\"><h1 class=\"title-heading-left fusion-responsive-typography-calculated\" style=\"margin:0;--fontSize:33;line-height:1.45;\"><p style=\"text-align: center; font-size: 28px; color: #512b1c;\">Condiciones de pago<\/p><\/h1><\/div><div class=\"fusion-text fusion-text-6\"><p style=\"font-size: 21px; color: #8f5927; text-align: center;\">En caso de querer efectuar la reserva, habr\u00e1 que adelantar el 25% del importe total. En caso de anulaci\u00f3n dentro de los 15 d\u00edas anteriores a la fecha de ocupaci\u00f3n, la reserva no se devolver\u00e1. Pagos por transferencia bancaria y en efectivo.<\/p>\n<p style=\"font-size: 21px; color: #8f5927; text-align: center;\">El impuesto tur\u00edstico (2 \u20ac por persona y noche) no est\u00e1 incluido al precio. Se abona en efectivo al llegar.<\/p>\n<\/div><style type=\"text\/css\"><\/style><div class=\"fusion-title title fusion-title-9 fusion-sep-none fusion-title-text fusion-title-size-one\" style=\"margin-top:0px;margin-right:0px;margin-bottom:0px;margin-left:0px;\"><h1 class=\"title-heading-left fusion-responsive-typography-calculated\" style=\"margin:0;--fontSize:33;line-height:1.45;\"><p style=\"text-align: center; font-size: 28px; color: #512b1c;\">Normas<\/p><\/h1><\/div><div class=\"fusion-text fusion-text-7\"><p style=\"font-size: 21px; color: #8f5927; text-align: center;\">No se permite fumar en el interior de la casa.<\/p>\n<p style=\"font-size: 21px; color: #8f5927; text-align: center;\">Si fum\u00e1is en el exterior, aseguraros de recoger las colillas y de que est\u00e1n bien apagadas: \u00a1HAY UN RIESGO MUY ALTO DE INCENDIO!<\/p>\n<p style=\"font-size: 21px; color: #8f5927; text-align: center;\">Est\u00e1 totalmente prohibido tirar petardos o encender cualquier tipo de fuego en el exterior de la casa (excepto en la barbacoa). \u00a1HAY UN RIESGO MUY ALTO DE INCENDIO!<\/p>\n<p style=\"font-size: 21px; color: #8f5927; text-align: center;\">Los hu\u00e9spedes son responsables de llevarse las\u00a0basuras a Coll de Narg\u00f3. La piscina es de uso privado, los inquilinos pueden usarla BAJO SU TOTAL RESPONSABILIDAD, queda prohibido el ba\u00f1o de las mascotas. La propiedad no se hace responsable de los da\u00f1os, accidentes o perjuicios que puedan sufrir las personas o animales durante su uso. Se ruega mantener siempre las puertas de campo de la era y el recinto de la piscina cerradas (para que no entren los jabal\u00edes). La propiedad no se hace responsable del estado de las carreteras y caminos ni de las condiciones meteorol\u00f3gicas. As\u00ed mismo, la propiedad no se hace responsable de los da\u00f1os, accidentes o perjuicios que puedan sufrir las personas o animales dentro o fuera de la casa.<\/p>\n<\/div><div class=\"fusion-clearfix\"><\/div><\/div><\/div><\/div><\/div>\n","protected":false},"excerpt":{"rendered":"","protected":false},"author":1,"featured_media":0,"parent":0,"menu_order":0,"comment_status":"closed","ping_status":"closed","template":"","meta":{"footnotes":""},"yoast_head":"<!-- This site is optimized with the Yoast SEO plugin v21.6 - https:\/\/yoast.com\/wordpress\/plugins\/seo\/ -->\n<title>Casa rural muy r\u00fastica en un paraje salvaje, aislada, rodeada de naturaleza<\/title>\n<meta name=\"description\" content=\"Decoraci\u00f3n con encanto, muy aut\u00e9ntica, con chimenea y estufas de le\u00f1a. Rodeada de un paisaje muy relajante. Un buen lugar para pasear, para descansar ....\" \/>\n<meta name=\"robots\" content=\"index, follow, max-snippet:-1, max-image-preview:large, max-video-preview:-1\" \/>\n<link rel=\"canonical\" href=\"https:\/\/pegatera.com\/es\/precios\/\" \/>\n<meta property=\"og:locale\" content=\"es_ES\" \/>\n<meta property=\"og:type\" content=\"article\" \/>\n<meta property=\"og:title\" content=\"Casa rural muy r\u00fastica en un paraje salvaje, aislada, rodeada de naturaleza\" \/>\n<meta property=\"og:description\" content=\"Decoraci\u00f3n con encanto, muy aut\u00e9ntica, con chimenea y estufas de le\u00f1a. Rodeada de un paisaje muy relajante. Un buen lugar para pasear, para descansar ....\" \/>\n<meta property=\"og:url\" content=\"https:\/\/pegatera.com\/es\/precios\/\" \/>\n<meta property=\"og:site_name\" content=\"La Pegatera - Casa de turismo rural\" \/>\n<meta property=\"article:publisher\" content=\"https:\/\/www.facebook.com\/La-Pegatera-324631606201\/\" \/>\n<meta property=\"article:modified_time\" content=\"2026-03-31T17:38:56+00:00\" \/>\n<meta name=\"twitter:card\" content=\"summary_large_image\" \/>\n<meta name=\"twitter:label1\" content=\"Tiempo de lectura\" \/>\n\t<meta name=\"twitter:data1\" content=\"6 minutos\" \/>\n<script type=\"application\/ld+json\" class=\"yoast-schema-graph\">{\"@context\":\"https:\/\/schema.org\",\"@graph\":[{\"@type\":\"WebPage\",\"@id\":\"https:\/\/pegatera.com\/es\/precios\/\",\"url\":\"https:\/\/pegatera.com\/es\/precios\/\",\"name\":\"Casa rural muy r\u00fastica en un paraje salvaje, aislada, rodeada de naturaleza\",\"isPartOf\":{\"@id\":\"https:\/\/pegatera.com\/#website\"},\"datePublished\":\"2017-04-04T07:40:49+00:00\",\"dateModified\":\"2026-03-31T17:38:56+00:00\",\"description\":\"Decoraci\u00f3n con encanto, muy aut\u00e9ntica, con chimenea y estufas de le\u00f1a. Rodeada de un paisaje muy relajante. Un buen lugar para pasear, para descansar ....\",\"breadcrumb\":{\"@id\":\"https:\/\/pegatera.com\/es\/precios\/#breadcrumb\"},\"inLanguage\":\"es\",\"potentialAction\":[{\"@type\":\"ReadAction\",\"target\":[\"https:\/\/pegatera.com\/es\/precios\/\"]}]},{\"@type\":\"BreadcrumbList\",\"@id\":\"https:\/\/pegatera.com\/es\/precios\/#breadcrumb\",\"itemListElement\":[{\"@type\":\"ListItem\",\"position\":1,\"name\":\"Home\",\"item\":\"https:\/\/pegatera.com\/es\/\"},{\"@type\":\"ListItem\",\"position\":2,\"name\":\"Precios\"}]},{\"@type\":\"WebSite\",\"@id\":\"https:\/\/pegatera.com\/#website\",\"url\":\"https:\/\/pegatera.com\/\",\"name\":\"La Pegatera - Casa de turismo rural\",\"description\":\"Casa aislada, turismo rural Alt Urgell, Coll de Narg\u00f3, Pirineo, Lleida. Boumort.\",\"potentialAction\":[{\"@type\":\"SearchAction\",\"target\":{\"@type\":\"EntryPoint\",\"urlTemplate\":\"https:\/\/pegatera.com\/?s={search_term_string}\"},\"query-input\":\"required name=search_term_string\"}],\"inLanguage\":\"es\"}]}<\/script>\n<!-- \/ Yoast SEO plugin. -->","yoast_head_json":{"title":"Casa rural muy r\u00fastica en un paraje salvaje, aislada, rodeada de naturaleza","description":"Decoraci\u00f3n con encanto, muy aut\u00e9ntica, con chimenea y estufas de le\u00f1a. Rodeada de un paisaje muy relajante. Un buen lugar para pasear, para descansar ....","robots":{"index":"index","follow":"follow","max-snippet":"max-snippet:-1","max-image-preview":"max-image-preview:large","max-video-preview":"max-video-preview:-1"},"canonical":"https:\/\/pegatera.com\/es\/precios\/","og_locale":"es_ES","og_type":"article","og_title":"Casa rural muy r\u00fastica en un paraje salvaje, aislada, rodeada de naturaleza","og_description":"Decoraci\u00f3n con encanto, muy aut\u00e9ntica, con chimenea y estufas de le\u00f1a. Rodeada de un paisaje muy relajante. Un buen lugar para pasear, para descansar ....","og_url":"https:\/\/pegatera.com\/es\/precios\/","og_site_name":"La Pegatera - Casa de turismo rural","article_publisher":"https:\/\/www.facebook.com\/La-Pegatera-324631606201\/","article_modified_time":"2026-03-31T17:38:56+00:00","twitter_card":"summary_large_image","twitter_misc":{"Tiempo de lectura":"6 minutos"},"schema":{"@context":"https:\/\/schema.org","@graph":[{"@type":"WebPage","@id":"https:\/\/pegatera.com\/es\/precios\/","url":"https:\/\/pegatera.com\/es\/precios\/","name":"Casa rural muy r\u00fastica en un paraje salvaje, aislada, rodeada de naturaleza","isPartOf":{"@id":"https:\/\/pegatera.com\/#website"},"datePublished":"2017-04-04T07:40:49+00:00","dateModified":"2026-03-31T17:38:56+00:00","description":"Decoraci\u00f3n con encanto, muy aut\u00e9ntica, con chimenea y estufas de le\u00f1a. Rodeada de un paisaje muy relajante. Un buen lugar para pasear, para descansar ....","breadcrumb":{"@id":"https:\/\/pegatera.com\/es\/precios\/#breadcrumb"},"inLanguage":"es","potentialAction":[{"@type":"ReadAction","target":["https:\/\/pegatera.com\/es\/precios\/"]}]},{"@type":"BreadcrumbList","@id":"https:\/\/pegatera.com\/es\/precios\/#breadcrumb","itemListElement":[{"@type":"ListItem","position":1,"name":"Home","item":"https:\/\/pegatera.com\/es\/"},{"@type":"ListItem","position":2,"name":"Precios"}]},{"@type":"WebSite","@id":"https:\/\/pegatera.com\/#website","url":"https:\/\/pegatera.com\/","name":"La Pegatera - Casa de turismo rural","description":"Casa aislada, turismo rural Alt Urgell, Coll de Narg\u00f3, Pirineo, Lleida. Boumort.","potentialAction":[{"@type":"SearchAction","target":{"@type":"EntryPoint","urlTemplate":"https:\/\/pegatera.com\/?s={search_term_string}"},"query-input":"required name=search_term_string"}],"inLanguage":"es"}]}},"_links":{"self":[{"href":"https:\/\/pegatera.com\/es\/wp-json\/wp\/v2\/pages\/13593"}],"collection":[{"href":"https:\/\/pegatera.com\/es\/wp-json\/wp\/v2\/pages"}],"about":[{"href":"https:\/\/pegatera.com\/es\/wp-json\/wp\/v2\/types\/page"}],"author":[{"embeddable":true,"href":"https:\/\/pegatera.com\/es\/wp-json\/wp\/v2\/users\/1"}],"replies":[{"embeddable":true,"href":"https:\/\/pegatera.com\/es\/wp-json\/wp\/v2\/comments?post=13593"}],"version-history":[{"count":54,"href":"https:\/\/pegatera.com\/es\/wp-json\/wp\/v2\/pages\/13593\/revisions"}],"predecessor-version":[{"id":16104,"href":"https:\/\/pegatera.com\/es\/wp-json\/wp\/v2\/pages\/13593\/revisions\/16104"}],"wp:attachment":[{"href":"https:\/\/pegatera.com\/es\/wp-json\/wp\/v2\/media?parent=13593"}],"curies":[{"name":"wp","href":"https:\/\/api.w.org\/{rel}","templated":true}]}}