{"id":13527,"date":"2017-04-03T08:21:41","date_gmt":"2017-04-03T07:21:41","guid":{"rendered":"http:\/\/pegatera.com\/lentorn\/"},"modified":"2025-01-13T13:53:26","modified_gmt":"2025-01-13T12:53:26","slug":"le-cadre","status":"publish","type":"page","link":"https:\/\/pegatera.com\/fr\/le-cadre\/","title":{"rendered":"L&rsquo;entorn"},"content":{"rendered":"<p><div class=\"fusion-fullwidth fullwidth-box fusion-builder-row-1 nonhundred-percent-fullwidth non-hundred-percent-height-scrolling\" style=\"background-color: #ffffff;background-position: center center;background-repeat: no-repeat;padding-top:0px;padding-right:0px;padding-bottom:0px;padding-left:0px;margin-bottom: 0px;margin-top: 0px;border-width: 0px 0px 0px 0px;border-color:#eae9e9;border-style:solid;\" ><div class=\"fusion-builder-row fusion-row\"><div class=\"fusion-layout-column fusion_builder_column fusion-builder-column-0 fusion_builder_column_1_1 1_1 fusion-one-full fusion-column-first fusion-column-last\" style=\"margin-top:0px;margin-bottom:20px;\"><div class=\"fusion-column-wrapper fusion-flex-column-wrapper-legacy\" style=\"background-position:left top;background-repeat:no-repeat;-webkit-background-size:cover;-moz-background-size:cover;-o-background-size:cover;background-size:cover;padding: 0px 0px 0px 0px;\">\n<div class=\"fusion-slider-revolution rev_slider_wrapper\">\t\t\t<!-- START pegateralentorn FR REVOLUTION SLIDER 6.5.7 --><p class=\"rs-p-wp-fix\"><\/p>\n\t\t\t<rs-module-wrap id=\"rev_slider_28_1_wrapper\" data-source=\"gallery\" style=\"visibility:hidden;background:#ffffff;padding:0;margin:0px auto;margin-top:0;margin-bottom:0;max-width:;\">\n\t\t\t\t<rs-module id=\"rev_slider_28_1\" style=\"\" data-version=\"6.5.7\">\n\t\t\t\t\t<rs-slides>\n\t\t\t\t\t\t<rs-slide style=\"position: absolute;\" data-key=\"rs-122\" data-title=\"Slide\" data-thumb=\"\/\/pegatera.com\/wp-content\/uploads\/2017\/05\/ENTORN-6-SENGLAR-75x75.png\" data-duration=\"3500\" data-anim=\"ms:600;\" data-in=\"o:0;\" data-out=\"a:false;\">\n\t\t\t\t\t\t\t<img decoding=\"async\" src=\"\/\/pegatera.com\/wp-content\/plugins\/revslider\/public\/assets\/assets\/dummy.png\" title=\"1-PEGATERA-Entorn-C104-1200X600px-300dpi-SLIDERS\" width=\"1200\" height=\"600\" class=\"rev-slidebg tp-rs-img rs-lazyload\" data-lazyload=\"\/\/pegatera.com\/wp-content\/uploads\/2017\/05\/1-PEGATERA-Entorn-C104-1200X600px-300dpi-SLIDERS.jpg\" data-no-retina>\n<!--\n\t\t\t\t\t\t\t--><rs-layer\n\t\t\t\t\t\t\t\tid=\"slider-28-slide-122-layer-1\" \n\t\t\t\t\t\t\t\tdata-type=\"text\"\n\t\t\t\t\t\t\t\tdata-color=\"rgba(84,97,34,1)\"\n\t\t\t\t\t\t\t\tdata-rsp_ch=\"on\"\n\t\t\t\t\t\t\t\tdata-xy=\"x:c;y:347px;\"\n\t\t\t\t\t\t\t\tdata-text=\"w:normal;s:28;l:30;a:center;\"\n\t\t\t\t\t\t\t\tdata-dim=\"w:892px;\"\n\t\t\t\t\t\t\t\tdata-padding=\"t:15;r:50;b:15;l:50;\"\n\t\t\t\t\t\t\t\tdata-frame_0=\"tp:600;\"\n\t\t\t\t\t\t\t\tdata-frame_1=\"tp:600;sp:290;sR:10;\"\n\t\t\t\t\t\t\t\tdata-frame_999=\"o:0;tp:600;st:w;sp:280;sR:3200.0003051758;\"\n\t\t\t\t\t\t\t\tstyle=\"z-index:5;font-family:'Indie Flower';background-color:rgba(233, 238, 217, 0.8);\"\n\t\t\t\t\t\t\t>Cach\u00e9e au milieu des bois, tout n\u2019y est que nature \n\t\t\t\t\t\t\t<\/rs-layer><!--\n-->\t\t\t\t\t\t<\/rs-slide>\n\t\t\t\t\t\t<rs-slide style=\"position: absolute;\" data-key=\"rs-121\" data-title=\"Slide\" data-thumb=\"\/\/pegatera.com\/wp-content\/uploads\/2017\/05\/ENTORN-2-ESQUIROL-75x75.png\" data-duration=\"3500\" data-anim=\"ms:600;\" data-in=\"o:0;\" data-out=\"a:false;\">\n\t\t\t\t\t\t\t<img decoding=\"async\" src=\"\/\/pegatera.com\/wp-content\/plugins\/revslider\/public\/assets\/assets\/dummy.png\" title=\"2-PEGATERA-Entorn-C14-1200X600px-300dpi-SLIDERS\" width=\"1200\" height=\"600\" class=\"rev-slidebg tp-rs-img rs-lazyload\" data-lazyload=\"\/\/pegatera.com\/wp-content\/uploads\/2017\/05\/2-PEGATERA-Entorn-C14-1200X600px-300dpi-SLIDERS.jpg\" data-no-retina>\n<!--\n\t\t\t\t\t\t\t--><rs-layer\n\t\t\t\t\t\t\t\tid=\"slider-28-slide-121-layer-1\" \n\t\t\t\t\t\t\t\tdata-type=\"text\"\n\t\t\t\t\t\t\t\tdata-color=\"rgba(84,97,34,1)\"\n\t\t\t\t\t\t\t\tdata-rsp_ch=\"on\"\n\t\t\t\t\t\t\t\tdata-xy=\"x:c;y:347px;\"\n\t\t\t\t\t\t\t\tdata-text=\"w:normal;s:28;l:30;a:center;\"\n\t\t\t\t\t\t\t\tdata-dim=\"w:892px;\"\n\t\t\t\t\t\t\t\tdata-padding=\"t:15;r:50;b:15;l:50;\"\n\t\t\t\t\t\t\t\tdata-frame_0=\"tp:600;\"\n\t\t\t\t\t\t\t\tdata-frame_1=\"tp:600;sp:290;sR:10;\"\n\t\t\t\t\t\t\t\tdata-frame_999=\"o:0;tp:600;st:w;sp:280;sR:3200.0003051758;\"\n\t\t\t\t\t\t\t\tstyle=\"z-index:5;font-family:'Indie Flower';background-color:rgba(233, 238, 217, 0.8);\"\n\t\t\t\t\t\t\t>Cach\u00e9e au milieu des bois, tout n\u2019y est que nature \n\t\t\t\t\t\t\t<\/rs-layer><!--\n-->\t\t\t\t\t\t<\/rs-slide>\n\t\t\t\t\t\t<rs-slide style=\"position: absolute;\" data-key=\"rs-118\" data-title=\"Slide\" data-thumb=\"\/\/pegatera.com\/wp-content\/uploads\/2017\/05\/ENTORN-5-BE-75x75.png\" data-duration=\"3500\" data-anim=\"ms:600;\" data-in=\"o:0;\" data-out=\"a:false;\">\n\t\t\t\t\t\t\t<img decoding=\"async\" src=\"\/\/pegatera.com\/wp-content\/plugins\/revslider\/public\/assets\/assets\/dummy.png\" title=\"3-PEGATERA-Entorn-C102-1200X600px-300dpi-SLIDERS\" width=\"1200\" height=\"600\" class=\"rev-slidebg tp-rs-img rs-lazyload\" data-lazyload=\"\/\/pegatera.com\/wp-content\/uploads\/2017\/05\/3-PEGATERA-Entorn-C102-1200X600px-300dpi-SLIDERS.jpg\" data-no-retina>\n<!--\n\t\t\t\t\t\t\t--><rs-layer\n\t\t\t\t\t\t\t\tid=\"slider-28-slide-118-layer-1\" \n\t\t\t\t\t\t\t\tdata-type=\"text\"\n\t\t\t\t\t\t\t\tdata-color=\"rgba(84,97,34,1)\"\n\t\t\t\t\t\t\t\tdata-rsp_ch=\"on\"\n\t\t\t\t\t\t\t\tdata-xy=\"x:c;y:347px;\"\n\t\t\t\t\t\t\t\tdata-text=\"w:normal;s:28;l:30;a:center;\"\n\t\t\t\t\t\t\t\tdata-dim=\"w:892px;\"\n\t\t\t\t\t\t\t\tdata-padding=\"t:15;r:50;b:15;l:50;\"\n\t\t\t\t\t\t\t\tdata-frame_0=\"tp:600;\"\n\t\t\t\t\t\t\t\tdata-frame_1=\"tp:600;sp:290;sR:10;\"\n\t\t\t\t\t\t\t\tdata-frame_999=\"o:0;tp:600;st:w;sp:280;sR:3200.0003051758;\"\n\t\t\t\t\t\t\t\tstyle=\"z-index:5;font-family:'Indie Flower';background-color:rgba(233, 238, 217, 0.8);\"\n\t\t\t\t\t\t\t>Cach\u00e9e au milieu des bois, tout n\u2019y est que nature \n\t\t\t\t\t\t\t<\/rs-layer><!--\n-->\t\t\t\t\t\t<\/rs-slide>\n\t\t\t\t\t\t<rs-slide style=\"position: absolute;\" data-key=\"rs-119\" data-title=\"Slide\" data-thumb=\"\/\/pegatera.com\/wp-content\/uploads\/2017\/05\/ENTORN-1-CONILL-75x75.png\" data-duration=\"3500\" data-anim=\"ms:600;\" data-in=\"o:0;\" data-out=\"a:false;\">\n\t\t\t\t\t\t\t<img decoding=\"async\" src=\"\/\/pegatera.com\/wp-content\/plugins\/revslider\/public\/assets\/assets\/dummy.png\" title=\"4-PEGATERA-Entorn-C60-1200X600px-300dpi-SLIDERS\" width=\"1200\" height=\"600\" class=\"rev-slidebg tp-rs-img rs-lazyload\" data-lazyload=\"\/\/pegatera.com\/wp-content\/uploads\/2017\/05\/4-PEGATERA-Entorn-C60-1200X600px-300dpi-SLIDERS.jpg\" data-no-retina>\n<!--\n\t\t\t\t\t\t\t--><rs-layer\n\t\t\t\t\t\t\t\tid=\"slider-28-slide-119-layer-1\" \n\t\t\t\t\t\t\t\tdata-type=\"text\"\n\t\t\t\t\t\t\t\tdata-color=\"rgba(84,97,34,1)\"\n\t\t\t\t\t\t\t\tdata-rsp_ch=\"on\"\n\t\t\t\t\t\t\t\tdata-xy=\"x:c;xo:-1px;y:348px;\"\n\t\t\t\t\t\t\t\tdata-text=\"w:normal;s:28;l:30;a:center;\"\n\t\t\t\t\t\t\t\tdata-dim=\"w:892px;\"\n\t\t\t\t\t\t\t\tdata-padding=\"t:15;r:50;b:15;l:50;\"\n\t\t\t\t\t\t\t\tdata-frame_0=\"tp:600;\"\n\t\t\t\t\t\t\t\tdata-frame_1=\"tp:600;sp:290;sR:10;\"\n\t\t\t\t\t\t\t\tdata-frame_999=\"o:0;tp:600;st:w;sp:280;sR:3200.0003051758;\"\n\t\t\t\t\t\t\t\tstyle=\"z-index:5;font-family:'Indie Flower';background-color:rgba(233, 238, 217, 0.8);\"\n\t\t\t\t\t\t\t>Cach\u00e9e au milieu des bois, tout n\u2019y est que nature \n\t\t\t\t\t\t\t<\/rs-layer><!--\n-->\t\t\t\t\t\t<\/rs-slide>\n\t\t\t\t\t\t<rs-slide style=\"position: absolute;\" data-key=\"rs-120\" data-title=\"Slide\" data-thumb=\"\/\/pegatera.com\/wp-content\/uploads\/2017\/05\/ENTORN-4-OCELL-75x75.png\" data-duration=\"3500\" data-anim=\"ms:600;\" data-in=\"o:0;\" data-out=\"a:false;\">\n\t\t\t\t\t\t\t<img decoding=\"async\" src=\"\/\/pegatera.com\/wp-content\/plugins\/revslider\/public\/assets\/assets\/dummy.png\" title=\"5-PEGATERA-Entorn-C103-1200X600px-300dpi-SLIDERS\" width=\"1200\" height=\"600\" class=\"rev-slidebg tp-rs-img rs-lazyload\" data-lazyload=\"\/\/pegatera.com\/wp-content\/uploads\/2017\/05\/5-PEGATERA-Entorn-C103-1200X600px-300dpi-SLIDERS.jpg\" data-no-retina>\n<!--\n\t\t\t\t\t\t\t--><rs-layer\n\t\t\t\t\t\t\t\tid=\"slider-28-slide-120-layer-1\" \n\t\t\t\t\t\t\t\tdata-type=\"text\"\n\t\t\t\t\t\t\t\tdata-color=\"rgba(84,97,34,1)\"\n\t\t\t\t\t\t\t\tdata-rsp_ch=\"on\"\n\t\t\t\t\t\t\t\tdata-xy=\"x:c;y:347px;\"\n\t\t\t\t\t\t\t\tdata-text=\"w:normal;s:28;l:30;a:center;\"\n\t\t\t\t\t\t\t\tdata-dim=\"w:892px;\"\n\t\t\t\t\t\t\t\tdata-padding=\"t:15;r:50;b:15;l:50;\"\n\t\t\t\t\t\t\t\tdata-frame_0=\"tp:600;\"\n\t\t\t\t\t\t\t\tdata-frame_1=\"tp:600;sp:290;sR:10;\"\n\t\t\t\t\t\t\t\tdata-frame_999=\"o:0;tp:600;st:w;sp:280;sR:3200.0003051758;\"\n\t\t\t\t\t\t\t\tstyle=\"z-index:5;font-family:'Indie Flower';background-color:rgba(233, 238, 217, 0.8);\"\n\t\t\t\t\t\t\t>Cach\u00e9e au milieu des bois, tout n\u2019y est que nature \n\t\t\t\t\t\t\t<\/rs-layer><!--\n-->\t\t\t\t\t\t<\/rs-slide>\n\t\t\t\t\t\t<rs-slide style=\"position: absolute;\" data-key=\"rs-117\" data-title=\"Slide\" data-thumb=\"\/\/pegatera.com\/wp-content\/uploads\/2017\/05\/ENTORN-3-GRANOTA-75x75.png\" data-duration=\"3500\" data-anim=\"ms:600;\" data-in=\"o:0;\" data-out=\"a:false;\">\n\t\t\t\t\t\t\t<img decoding=\"async\" src=\"\/\/pegatera.com\/wp-content\/plugins\/revslider\/public\/assets\/assets\/dummy.png\" title=\"6-PEGATERA-Entorn-C07-1200X600px-300dpi-SLIDERS\" width=\"1200\" height=\"600\" class=\"rev-slidebg tp-rs-img rs-lazyload\" data-lazyload=\"\/\/pegatera.com\/wp-content\/uploads\/2017\/05\/6-PEGATERA-Entorn-C07-1200X600px-300dpi-SLIDERS.jpg\" data-no-retina>\n<!--\n\t\t\t\t\t\t\t--><rs-layer\n\t\t\t\t\t\t\t\tid=\"slider-28-slide-117-layer-1\" \n\t\t\t\t\t\t\t\tdata-type=\"text\"\n\t\t\t\t\t\t\t\tdata-color=\"rgba(84,97,34,1)\"\n\t\t\t\t\t\t\t\tdata-rsp_ch=\"on\"\n\t\t\t\t\t\t\t\tdata-xy=\"x:c;y:347px;\"\n\t\t\t\t\t\t\t\tdata-text=\"w:normal;s:28;l:30;a:center;\"\n\t\t\t\t\t\t\t\tdata-dim=\"w:892px;\"\n\t\t\t\t\t\t\t\tdata-padding=\"t:15;r:50;b:15;l:50;\"\n\t\t\t\t\t\t\t\tdata-frame_0=\"tp:600;\"\n\t\t\t\t\t\t\t\tdata-frame_1=\"tp:600;sp:290;sR:10;\"\n\t\t\t\t\t\t\t\tdata-frame_999=\"o:0;tp:600;st:w;sp:280;sR:3200.0003051758;\"\n\t\t\t\t\t\t\t\tstyle=\"z-index:5;font-family:'Indie Flower';background-color:rgba(233, 238, 217, 0.8);\"\n\t\t\t\t\t\t\t>Cach\u00e9e au milieu des bois, tout n\u2019y est que nature \n\t\t\t\t\t\t\t<\/rs-layer><!--\n-->\t\t\t\t\t\t<\/rs-slide>\n\t\t\t\t\t<\/rs-slides>\n\t\t\t\t<\/rs-module>\n\t\t\t\t<script type=\"text\/javascript\">\n\t\t\t\t\tsetREVStartSize({c: 'rev_slider_28_1',rl:[1240,1024,778,480],el:[450],gw:[1100],gh:[450],type:'standard',justify:'',layout:'fullwidth',mh:\"0\"});if (window.RS_MODULES!==undefined && window.RS_MODULES.modules!==undefined && window.RS_MODULES.modules[\"revslider281\"]!==undefined) {window.RS_MODULES.modules[\"revslider281\"].once = false;window.revapi28 = undefined;if (window.RS_MODULES.checkMinimal!==undefined) window.RS_MODULES.checkMinimal()}\n\t\t\t\t<\/script>\n\t\t\t<\/rs-module-wrap>\n\t\t\t<!-- END REVOLUTION SLIDER -->\n<\/div><div class=\"fusion-clearfix\"><\/div><\/div><\/div><\/div><\/div><div class=\"fusion-fullwidth fullwidth-box fusion-builder-row-2 nonhundred-percent-fullwidth non-hundred-percent-height-scrolling\" style=\"background-color: #ffffff;background-position: center center;background-repeat: no-repeat;padding-top:20px;padding-right:0px;padding-bottom:20px;padding-left:0px;margin-bottom: 0px;margin-top: 50px;border-width: 0px 0px 0px 0px;border-color:#eae9e9;border-style:solid;\" ><div class=\"fusion-builder-row fusion-row\"><div class=\"fusion-layout-column fusion_builder_column fusion-builder-column-1 fusion_builder_column_1_1 1_1 fusion-one-full fusion-column-first fusion-column-last\" style=\"margin-top:0px;margin-bottom:20px;\"><div class=\"fusion-column-wrapper fusion-flex-column-wrapper-legacy\" style=\"background-position:left top;background-repeat:no-repeat;-webkit-background-size:cover;-moz-background-size:cover;-o-background-size:cover;background-size:cover;padding: 0px 0px 0px 0px;\"><style type=\"text\/css\"><\/style><div class=\"fusion-title title fusion-title-1 fusion-sep-none fusion-title-text fusion-title-size-one\" style=\"margin-top:0px;margin-right:0px;margin-bottom:30px;margin-left:0px;\"><h1 class=\"title-heading-left fusion-responsive-typography-calculated\" style=\"margin:0;--fontSize:33;line-height:1.45;\"><h1 style=\"text-align: center; color: #546122; font-size: 32px; margin-top: 40px; font-family: indie flower;\">Pour un s\u00e9jour au vert ressour\u00e7ant<\/h1>\n<h1 style=\"text-align: center; color: #546122; font-size: 32px; margin-top: 40px; font-family: indie flower;\">\u00a0Venez pendre un bain de for\u00eat! Nous t&rsquo;attendoms<\/h1><\/h1><\/div><div class=\"fusion-text fusion-text-1\"><p style=\"text-align: center; font-size: 21px; color: #8f5927;\">Plus vous avancerez le long du chemin de terre qui m\u00e8ne \u00e0 la maison, plus vous comprendrez le pouvoir magique que La Pegatera tire de son environnement. Entour\u00e9e de ch\u00eanaies et de pin\u00e8des, tout n\u2019y est que nature, une nature vierge o\u00f9 la main de l\u2019Homme ne se fait pas sentir. \u00c0 20 minutes en voiture, vous trouverez une rivi\u00e8re creus\u00e9e de piscines naturelles o\u00f9 vous baigner. Vous n\u2019\u00eates qu\u2019\u00e0 une heure de l\u2019Andorre et de la ville de Tremp. Profitez-en aussi pour visiter la Seu d\u2019Urgell, d\u00e9couvrir La Route de Dinosaures, les circuits des Ch\u00e2teaux de Fronti\u00e8re et de l\u2019Art Roman, le barrage de San Antonio\u2026 De multiples sports d\u2019aventure vous attendent aussi, de l\u2019escalade au parapente, en passant par le canyonisme, le cano\u00eb-kayak, la p\u00eache\u2026<\/p>\n<\/div><style type=\"text\/css\"><\/style><div class=\"fusion-title title fusion-title-2 fusion-sep-none fusion-title-text fusion-title-size-one\" style=\"margin-top:0px;margin-right:0px;margin-bottom:30px;margin-left:0px;\"><h1 class=\"title-heading-left fusion-responsive-typography-calculated\" style=\"margin:0;--fontSize:33;line-height:1.45;\"><p style=\"text-align: center; color: #546122;\">Excursions<\/p><\/h1><\/div><div class=\"fusion-text fusion-text-2\"><p style=\"color: #8f5927; font-size: 20px; font-family: indie flower; text-align: center;\">Port del Compte, le ch\u00e2teau de Mur, le ch\u00e2teau de Llord\u00e0, l\u2019Andorre, La Seu d\u2019Urgell, le parc naturel d\u2019Aig\u00fcestortes et l\u2019\u00e9tang de Sant Maurici, La Route des Dinosaures, le canyonisme, le rafting, le parapente, l\u2019escalade, l\u2019activit\u00e9 Manger avec les Vautours&#8230; (plus d\u2019information sur place).<\/p>\n<\/div><div class=\"fusion-builder-row fusion-builder-row-inner fusion-row\"><div class=\"fusion-layout-column fusion_builder_column_inner fusion-builder-nested-column-0 fusion_builder_column_inner_1_2 1_2 fusion-one-half fusion-column-first\" style=\"width:50%;width:calc(50% - ( ( 4% ) * 0.5 ) );margin-right: 4%;margin-top:0px;margin-bottom:20px;\"><div class=\"fusion-column-wrapper fusion-flex-column-wrapper-legacy\" style=\"background-position:left top;background-repeat:no-repeat;-webkit-background-size:cover;-moz-background-size:cover;-o-background-size:cover;background-size:cover;padding: 0px 0px 0px 0px;\"><div class=\"fusion-aligncenter\"><style>.fusion-button.button-1 .fusion-button-text,.fusion-button.button-1 i{color:rgba(255,255,255,.8);}.fusion-button.button-1{border-color:rgba(255,255,255,.8);border-radius:2px 2px 2px 2px;background:#ffffff;}.fusion-button.button-1:hover .fusion-button-text,.fusion-button.button-1:hover i,.fusion-button.button-1:focus .fusion-button-text,.fusion-button.button-1:focus i,.fusion-button.button-1:active .fusion-button-text,.fusion-button.button-1:active i{color:rgba(255,255,255,.9);}.fusion-button.button-1:hover,.fusion-button.button-1:active,.fusion-button.button-1:focus{border-color:rgba(255,255,255,.9);background:#ffffff;}<\/style><a class=\"fusion-button button-flat fusion-button-default-size button-custom button-1 fusion-button-default-span fusion-button-default-type\" target=\"_self\" href=\"http:\/\/pegatera.com\/fr\/liens-visites-et-activit\u00e9s\/\"><i class=\" fa fa-external-link-square button-icon-left\" aria-hidden=\"true\"><\/i><span class=\"fusion-button-text\">Liens visites et activit\u00e9s<\/span><\/a><\/div><div class=\"fusion-clearfix\"><\/div><\/div><\/div><div class=\"fusion-layout-column fusion_builder_column_inner fusion-builder-nested-column-1 fusion_builder_column_inner_1_2 1_2 fusion-one-half fusion-column-last\" style=\"width:50%;width:calc(50% - ( ( 4% ) * 0.5 ) );margin-top:0px;margin-bottom:20px;\"><div class=\"fusion-column-wrapper fusion-flex-column-wrapper-legacy\" style=\"background-position:left top;background-repeat:no-repeat;-webkit-background-size:cover;-moz-background-size:cover;-o-background-size:cover;background-size:cover;padding: 0px 0px 0px 0px;\"><div class=\"fusion-aligncenter\"><style>.fusion-button.button-2 .fusion-button-text,.fusion-button.button-2 i{color:rgba(255,255,255,.8);}.fusion-button.button-2{border-color:rgba(255,255,255,.8);border-radius:2px 2px 2px 2px;background:#ffffff;}.fusion-button.button-2:hover .fusion-button-text,.fusion-button.button-2:hover i,.fusion-button.button-2:focus .fusion-button-text,.fusion-button.button-2:focus i,.fusion-button.button-2:active .fusion-button-text,.fusion-button.button-2:active i{color:rgba(255,255,255,.9);}.fusion-button.button-2:hover,.fusion-button.button-2:active,.fusion-button.button-2:focus{border-color:rgba(255,255,255,.9);background:#ffffff;}<\/style><a class=\"fusion-button button-flat fusion-button-default-size button-custom button-2 fusion-button-default-span fusion-button-default-type\" target=\"_blank\" rel=\"noopener noreferrer\" href=\"https:\/\/pegatera.com\/wp-content\/uploads\/2025\/01\/THINGS-TO-DO-walks-2025.pdf\"><i class=\"fa-binoculars fas button-icon-left\" aria-hidden=\"true\"><\/i><span class=\"fusion-button-text\">Activit\u00e9s<\/span><\/a><\/div><div class=\"fusion-clearfix\"><\/div><\/div><\/div><\/div><div class=\"fusion-clearfix\"><\/div><\/div><\/div><\/div><\/div><\/p>\n","protected":false},"excerpt":{"rendered":"","protected":false},"author":1,"featured_media":0,"parent":0,"menu_order":0,"comment_status":"closed","ping_status":"closed","template":"","meta":{"footnotes":""},"yoast_head":"<!-- This site is optimized with the Yoast SEO plugin v21.6 - https:\/\/yoast.com\/wordpress\/plugins\/seo\/ -->\n<title>Maison de charme dans les Pyr\u00e9n\u00e9es catalanes pour les vacances<\/title>\n<meta name=\"description\" content=\"Un g\u00eete rural isol\u00e9, \u00e9cologique et avec piscine. Coll de Narg\u00f3. Le barrage de Sant Antoni. Parc naturel d\u2019Aig\u00fcestortes et l\u2019\u00e9tang de Sant Maurici.\" \/>\n<meta name=\"robots\" content=\"index, follow, max-snippet:-1, max-image-preview:large, max-video-preview:-1\" \/>\n<link rel=\"canonical\" href=\"https:\/\/pegatera.com\/fr\/le-cadre\/\" \/>\n<meta property=\"og:locale\" content=\"fr_FR\" \/>\n<meta property=\"og:type\" content=\"article\" \/>\n<meta property=\"og:title\" content=\"Maison de charme dans les Pyr\u00e9n\u00e9es catalanes pour les vacances\" \/>\n<meta property=\"og:description\" content=\"Un g\u00eete rural isol\u00e9, \u00e9cologique et avec piscine. Coll de Narg\u00f3. Le barrage de Sant Antoni. Parc naturel d\u2019Aig\u00fcestortes et l\u2019\u00e9tang de Sant Maurici.\" \/>\n<meta property=\"og:url\" content=\"https:\/\/pegatera.com\/fr\/le-cadre\/\" \/>\n<meta property=\"og:site_name\" content=\"La Pegatera - Maison de tourisme rural\" \/>\n<meta property=\"article:publisher\" content=\"https:\/\/www.facebook.com\/La-Pegatera-324631606201\/\" \/>\n<meta property=\"article:modified_time\" content=\"2025-01-13T12:53:26+00:00\" \/>\n<meta name=\"twitter:card\" content=\"summary_large_image\" \/>\n<meta name=\"twitter:label1\" content=\"Dur\u00e9e de lecture estim\u00e9e\" \/>\n\t<meta name=\"twitter:data1\" content=\"2 minutes\" \/>\n<script type=\"application\/ld+json\" class=\"yoast-schema-graph\">{\"@context\":\"https:\/\/schema.org\",\"@graph\":[{\"@type\":\"WebPage\",\"@id\":\"https:\/\/pegatera.com\/fr\/le-cadre\/\",\"url\":\"https:\/\/pegatera.com\/fr\/le-cadre\/\",\"name\":\"Maison de charme dans les Pyr\u00e9n\u00e9es catalanes pour les vacances\",\"isPartOf\":{\"@id\":\"https:\/\/pegatera.com\/#website\"},\"datePublished\":\"2017-04-03T07:21:41+00:00\",\"dateModified\":\"2025-01-13T12:53:26+00:00\",\"description\":\"Un g\u00eete rural isol\u00e9, \u00e9cologique et avec piscine. Coll de Narg\u00f3. Le barrage de Sant Antoni. Parc naturel d\u2019Aig\u00fcestortes et l\u2019\u00e9tang de Sant Maurici.\",\"breadcrumb\":{\"@id\":\"https:\/\/pegatera.com\/fr\/le-cadre\/#breadcrumb\"},\"inLanguage\":\"fr-FR\",\"potentialAction\":[{\"@type\":\"ReadAction\",\"target\":[\"https:\/\/pegatera.com\/fr\/le-cadre\/\"]}]},{\"@type\":\"BreadcrumbList\",\"@id\":\"https:\/\/pegatera.com\/fr\/le-cadre\/#breadcrumb\",\"itemListElement\":[{\"@type\":\"ListItem\",\"position\":1,\"name\":\"Home\",\"item\":\"https:\/\/pegatera.com\/fr\/\"},{\"@type\":\"ListItem\",\"position\":2,\"name\":\"L&#8217;entorn\"}]},{\"@type\":\"WebSite\",\"@id\":\"https:\/\/pegatera.com\/#website\",\"url\":\"https:\/\/pegatera.com\/\",\"name\":\"La Pegatera - Maison de tourisme rural\",\"description\":\"Maison individuelle, tourisme rural Alt Urgell, Coll de Narg\u00f3, Pyr\u00e9n\u00e9es, Lleida. Boumort.\",\"potentialAction\":[{\"@type\":\"SearchAction\",\"target\":{\"@type\":\"EntryPoint\",\"urlTemplate\":\"https:\/\/pegatera.com\/?s={search_term_string}\"},\"query-input\":\"required name=search_term_string\"}],\"inLanguage\":\"fr-FR\"}]}<\/script>\n<!-- \/ Yoast SEO plugin. -->","yoast_head_json":{"title":"Maison de charme dans les Pyr\u00e9n\u00e9es catalanes pour les vacances","description":"Un g\u00eete rural isol\u00e9, \u00e9cologique et avec piscine. Coll de Narg\u00f3. Le barrage de Sant Antoni. Parc naturel d\u2019Aig\u00fcestortes et l\u2019\u00e9tang de Sant Maurici.","robots":{"index":"index","follow":"follow","max-snippet":"max-snippet:-1","max-image-preview":"max-image-preview:large","max-video-preview":"max-video-preview:-1"},"canonical":"https:\/\/pegatera.com\/fr\/le-cadre\/","og_locale":"fr_FR","og_type":"article","og_title":"Maison de charme dans les Pyr\u00e9n\u00e9es catalanes pour les vacances","og_description":"Un g\u00eete rural isol\u00e9, \u00e9cologique et avec piscine. Coll de Narg\u00f3. Le barrage de Sant Antoni. Parc naturel d\u2019Aig\u00fcestortes et l\u2019\u00e9tang de Sant Maurici.","og_url":"https:\/\/pegatera.com\/fr\/le-cadre\/","og_site_name":"La Pegatera - Maison de tourisme rural","article_publisher":"https:\/\/www.facebook.com\/La-Pegatera-324631606201\/","article_modified_time":"2025-01-13T12:53:26+00:00","twitter_card":"summary_large_image","twitter_misc":{"Dur\u00e9e de lecture estim\u00e9e":"2 minutes"},"schema":{"@context":"https:\/\/schema.org","@graph":[{"@type":"WebPage","@id":"https:\/\/pegatera.com\/fr\/le-cadre\/","url":"https:\/\/pegatera.com\/fr\/le-cadre\/","name":"Maison de charme dans les Pyr\u00e9n\u00e9es catalanes pour les vacances","isPartOf":{"@id":"https:\/\/pegatera.com\/#website"},"datePublished":"2017-04-03T07:21:41+00:00","dateModified":"2025-01-13T12:53:26+00:00","description":"Un g\u00eete rural isol\u00e9, \u00e9cologique et avec piscine. Coll de Narg\u00f3. Le barrage de Sant Antoni. Parc naturel d\u2019Aig\u00fcestortes et l\u2019\u00e9tang de Sant Maurici.","breadcrumb":{"@id":"https:\/\/pegatera.com\/fr\/le-cadre\/#breadcrumb"},"inLanguage":"fr-FR","potentialAction":[{"@type":"ReadAction","target":["https:\/\/pegatera.com\/fr\/le-cadre\/"]}]},{"@type":"BreadcrumbList","@id":"https:\/\/pegatera.com\/fr\/le-cadre\/#breadcrumb","itemListElement":[{"@type":"ListItem","position":1,"name":"Home","item":"https:\/\/pegatera.com\/fr\/"},{"@type":"ListItem","position":2,"name":"L&#8217;entorn"}]},{"@type":"WebSite","@id":"https:\/\/pegatera.com\/#website","url":"https:\/\/pegatera.com\/","name":"La Pegatera - Maison de tourisme rural","description":"Maison individuelle, tourisme rural Alt Urgell, Coll de Narg\u00f3, Pyr\u00e9n\u00e9es, Lleida. Boumort.","potentialAction":[{"@type":"SearchAction","target":{"@type":"EntryPoint","urlTemplate":"https:\/\/pegatera.com\/?s={search_term_string}"},"query-input":"required name=search_term_string"}],"inLanguage":"fr-FR"}]}},"_links":{"self":[{"href":"https:\/\/pegatera.com\/fr\/wp-json\/wp\/v2\/pages\/13527"}],"collection":[{"href":"https:\/\/pegatera.com\/fr\/wp-json\/wp\/v2\/pages"}],"about":[{"href":"https:\/\/pegatera.com\/fr\/wp-json\/wp\/v2\/types\/page"}],"author":[{"embeddable":true,"href":"https:\/\/pegatera.com\/fr\/wp-json\/wp\/v2\/users\/1"}],"replies":[{"embeddable":true,"href":"https:\/\/pegatera.com\/fr\/wp-json\/wp\/v2\/comments?post=13527"}],"version-history":[{"count":6,"href":"https:\/\/pegatera.com\/fr\/wp-json\/wp\/v2\/pages\/13527\/revisions"}],"predecessor-version":[{"id":15736,"href":"https:\/\/pegatera.com\/fr\/wp-json\/wp\/v2\/pages\/13527\/revisions\/15736"}],"wp:attachment":[{"href":"https:\/\/pegatera.com\/fr\/wp-json\/wp\/v2\/media?parent=13527"}],"curies":[{"name":"wp","href":"https:\/\/api.w.org\/{rel}","templated":true}]}}