{"id":13591,"date":"2017-04-04T08:40:49","date_gmt":"2017-04-04T07:40:49","guid":{"rendered":"http:\/\/pegatera.com\/preus\/"},"modified":"2026-03-31T18:54:39","modified_gmt":"2026-03-31T17:54:39","slug":"prix","status":"publish","type":"page","link":"https:\/\/pegatera.com\/fr\/prix\/","title":{"rendered":"Prix"},"content":{"rendered":"<div class=\"fusion-fullwidth fullwidth-box fusion-builder-row-1 nonhundred-percent-fullwidth non-hundred-percent-height-scrolling\" style=\"background-color: #ffffff;background-position: center center;background-repeat: no-repeat;padding-top:0px;padding-right:0px;padding-bottom:0px;padding-left:0px;margin-bottom: 0px;margin-top: 0px;border-width: 0px 0px 0px 0px;border-color:#eae9e9;border-style:solid;\" ><div class=\"fusion-builder-row fusion-row\"><div class=\"fusion-layout-column fusion_builder_column fusion-builder-column-0 fusion_builder_column_1_1 1_1 fusion-one-full fusion-column-first fusion-column-last\" style=\"margin-top:0px;margin-bottom:20px;\"><div class=\"fusion-column-wrapper fusion-flex-column-wrapper-legacy\" style=\"background-position:left top;background-repeat:no-repeat;-webkit-background-size:cover;-moz-background-size:cover;-o-background-size:cover;background-size:cover;padding: 0px 0px 0px 0px;\"><div class=\"imageframe-align-center\"><span class=\" fusion-imageframe imageframe-none imageframe-1 hover-type-none\"><img decoding=\"async\" width=\"1200\" height=\"600\" title=\"IMG_1458_PREUS-1200x600px\" src=\"https:\/\/pegatera.com\/wp-content\/uploads\/2017\/06\/IMG_1458_PREUS-1200x600px.jpg\" alt class=\"img-responsive wp-image-14019\" srcset=\"https:\/\/pegatera.com\/wp-content\/uploads\/2017\/06\/IMG_1458_PREUS-1200x600px-200x100.jpg 200w, https:\/\/pegatera.com\/wp-content\/uploads\/2017\/06\/IMG_1458_PREUS-1200x600px-400x200.jpg 400w, https:\/\/pegatera.com\/wp-content\/uploads\/2017\/06\/IMG_1458_PREUS-1200x600px-600x300.jpg 600w, https:\/\/pegatera.com\/wp-content\/uploads\/2017\/06\/IMG_1458_PREUS-1200x600px-800x400.jpg 800w, https:\/\/pegatera.com\/wp-content\/uploads\/2017\/06\/IMG_1458_PREUS-1200x600px.jpg 1200w\" sizes=\"(max-width: 800px) 100vw, 1200px\" \/><\/span><\/div><style type=\"text\/css\"><\/style><div class=\"fusion-title title fusion-title-1 fusion-sep-none fusion-title-text fusion-title-size-one\" style=\"margin-top:35px;margin-right:0px;margin-bottom:30px;margin-left:0px;\"><h1 class=\"title-heading-left fusion-responsive-typography-calculated\" style=\"margin:0;--fontSize:33;line-height:1.45;\"><p style=\"text-align: center; color: #546122; font-size: 32px;\">Maison pour 6 personnes. Se loue en entier. S\u00e9jour minimum: 2 nuit\u00e9es.<\/p><\/h1><\/div><div class=\"fusion-builder-row fusion-builder-row-inner fusion-row\"><div class=\"fusion-layout-column fusion_builder_column_inner fusion-builder-nested-column-0 fusion_builder_column_inner_1_2 1_2 fusion-one-half fusion-column-first\" style=\"width:50%;width:calc(50% - ( ( 4% ) * 0.5 ) );margin-right: 4%;margin-top:0px;margin-bottom:20px;\"><div class=\"fusion-column-wrapper fusion-flex-column-wrapper-legacy\" style=\"background-position:left top;background-repeat:no-repeat;-webkit-background-size:cover;-moz-background-size:cover;-o-background-size:cover;background-size:cover;padding: 0px 0px 0px 0px;\"><style type=\"text\/css\"><\/style><div class=\"fusion-title title fusion-title-2 fusion-sep-none fusion-title-text fusion-title-size-one\" style=\"margin-top:0px;margin-right:0px;margin-bottom:0px;margin-left:0px;\"><h1 class=\"title-heading-left fusion-responsive-typography-calculated\" style=\"margin:0;--fontSize:33;line-height:1.45;\"><p style=\"font-size: 28px; color: #512b1c; text-align: left;\">Tarifs 2026<\/p><\/h1><\/div><div class=\"fusion-text fusion-text-1\"><ul style=\"list-style: none; color: #8f5927; font-size: 21px; padding-left: 0px; margin: 0;\">\n<li class=\"estil_guio\">2 nuits (location minimum): 552 \u20ac<\/li>\n<li class=\"estil_guio\">Journ\u00e9e suppl\u00e9mentaire: 276 \u20ac<\/li>\n<li class=\"estil_guio\">Semaine: 1.656 \u20ac<\/li>\n<li class=\"estil_guio\">Personne suppl\u00e9mentaire (par nuit): 46 \u20ac<\/li>\n<li class=\"estil_guio\">En cas de week-end prolong\u00e9, la maison devra se louer pour tous les jours<\/li>\n<li class=\"estil_guio\">S\u00e9jour gratuit pour les b\u00e9b\u00e9s au berceau<\/li>\n<li class=\"estil_guio\">En juillet et en ao\u00fbt, la location se fait par semaine: arriv\u00e9es le vendredi \u00e0 17.00 h, d\u00e9parts<\/li>\n<li class=\"estil_guio\">le vendredi\u00a0\u00e0 10.00 h.<\/li>\n<\/ul>\n<\/div><div class=\"fusion-clearfix\"><\/div><\/div><\/div><div class=\"fusion-layout-column fusion_builder_column_inner fusion-builder-nested-column-1 fusion_builder_column_inner_1_2 1_2 fusion-one-half fusion-column-last\" style=\"width:50%;width:calc(50% - ( ( 4% ) * 0.5 ) );margin-top:0px;margin-bottom:20px;\"><div class=\"fusion-column-wrapper fusion-flex-column-wrapper-legacy\" style=\"background-position:left top;background-repeat:no-repeat;-webkit-background-size:cover;-moz-background-size:cover;-o-background-size:cover;background-size:cover;padding: 0px 0px 0px 0px;\"><style type=\"text\/css\"><\/style><div class=\"fusion-title title fusion-title-3 fusion-sep-none fusion-title-text fusion-title-size-one\" style=\"margin-top:0px;margin-right:0px;margin-bottom:0px;margin-left:0px;\"><h1 class=\"title-heading-left fusion-responsive-typography-calculated\" style=\"margin:0;--fontSize:33;line-height:1.45;\"><p style=\"font-size: 28px; color: #512b1c; text-align: left;\">Le prix comprend:<\/p><\/h1><\/div><div class=\"fusion-text fusion-text-2\"><ul style=\"list-style: none; color: #8f5927; font-size: 21px; padding-left: 0px; margin: 0;\">\n<li class=\"estil_guio\">Linge de lit : draps, oreillers et couettes. Une serviette de toilette et une serviette de bain par personne.<\/li>\n<li class=\"estil_guio\">Une serviette de piscine par personne en juillet et ao\u00fbt.<\/li>\n<li class=\"estil_guio\">Tous les ustensiles de cuisine et de nettoyage et les produits de nettoyage de base.<\/li>\n<li class=\"estil_guio\">Bois, \u00e9clairage, eau, gaz et bougies.<\/li>\n<li class=\"estil_guio\">Chauffage<\/li>\n<\/ul>\n<\/div><div class=\"fusion-clearfix\"><\/div><\/div><\/div><\/div><style type=\"text\/css\"><\/style><div class=\"fusion-title title fusion-title-4 fusion-sep-none fusion-title-text fusion-title-size-one\" style=\"margin-top:0px;margin-right:0px;margin-bottom:0px;margin-left:0px;\"><h1 class=\"title-heading-left fusion-responsive-typography-calculated\" style=\"margin:0;--fontSize:33;line-height:1.45;\"><p style=\"text-align: center; font-size: 28px; color: #512b1c;\">Animaux de compagnies admis: chiens et chats<br \/>\n(suppl\u00e9ment \u00e0 partir du 2 \u00e8me animal<\/p><\/h1><\/div><div class=\"fusion-text fusion-text-3\"><p style=\"font-size: 21px; color: #8f5927; text-align: center;\">Vos animaux domestiques sont les bienvenus \u00e0 La Pegatera. Si plus d&rsquo;un animal vous accompagne, \u00e0 partir du deuxi\u00e8me, il y a un suppl\u00e9ment de 15 \u20ac par animal par s\u00e9jour complet. Veuillez les garder au rez-de-chauss\u00e9e de la maison et ramasser leurs excr\u00e9ments dans la cour et aux alentours. Pour leur propre bien, ils ne doivent pas \u00eatre laiss\u00e9s seuls dans la maison ou dans la cour, et ne doivent pas se baigner dans la piscine. Les chiens ne sont pas admis dans la Tiny House \u00ab El Forn de La Pegatera \u00bb.<\/p>\n<\/div><style type=\"text\/css\"><\/style><div class=\"fusion-title title fusion-title-5 fusion-sep-none fusion-title-text fusion-title-size-one\" style=\"margin-top:35px;margin-right:0px;margin-bottom:30px;margin-left:0px;\"><h1 class=\"title-heading-left fusion-responsive-typography-calculated\" style=\"margin:0;--fontSize:33;line-height:1.45;\"><p style=\"text-align: center; color: #546122; font-size: 32px;\">Le \u00ab Forn de La Pegatera \u00bb. Tiny house pour 2 personnes. Location de la maison enti\u00e8re. S\u00e9jour minimum de 2 nuits.<\/p><\/h1><\/div><div class=\"fusion-builder-row fusion-builder-row-inner fusion-row\"><div class=\"fusion-layout-column fusion_builder_column_inner fusion-builder-nested-column-2 fusion_builder_column_inner_1_2 1_2 fusion-one-half fusion-column-first\" style=\"width:50%;width:calc(50% - ( ( 4% ) * 0.5 ) );margin-right: 4%;margin-top:0px;margin-bottom:20px;\"><div class=\"fusion-column-wrapper fusion-flex-column-wrapper-legacy\" style=\"background-position:left top;background-repeat:no-repeat;-webkit-background-size:cover;-moz-background-size:cover;-o-background-size:cover;background-size:cover;padding: 0px 0px 0px 0px;\"><style type=\"text\/css\"><\/style><div class=\"fusion-title title fusion-title-6 fusion-sep-none fusion-title-text fusion-title-size-one\" style=\"margin-top:0px;margin-right:0px;margin-bottom:0px;margin-left:0px;\"><h1 class=\"title-heading-left fusion-responsive-typography-calculated\" style=\"margin:0;--fontSize:33;line-height:1.45;\"><p style=\"font-size: 28px; color: #512b1c; text-align: left;\">Tarifs 2026<\/p><\/h1><\/div><div class=\"fusion-text fusion-text-4\"><ul style=\"list-style: none; color: #8f5927; font-size: 21px; padding-left: 0px; margin: 0;\">\n<li class=\"estil_guio\">1 nuit (minimum 2 nuits)&#8230;.90 \u20ac<\/li>\n<li class=\"estil_guio\">Semaine&#8230;630 \u20ac<\/li>\n<\/ul>\n<\/div><div class=\"fusion-clearfix\"><\/div><\/div><\/div><div class=\"fusion-layout-column fusion_builder_column_inner fusion-builder-nested-column-3 fusion_builder_column_inner_1_2 1_2 fusion-one-half fusion-column-last\" style=\"width:50%;width:calc(50% - ( ( 4% ) * 0.5 ) );margin-top:0px;margin-bottom:20px;\"><div class=\"fusion-column-wrapper fusion-flex-column-wrapper-legacy\" style=\"background-position:left top;background-repeat:no-repeat;-webkit-background-size:cover;-moz-background-size:cover;-o-background-size:cover;background-size:cover;padding: 0px 0px 0px 0px;\"><style type=\"text\/css\"><\/style><div class=\"fusion-title title fusion-title-7 fusion-sep-none fusion-title-text fusion-title-size-one\" style=\"margin-top:0px;margin-right:0px;margin-bottom:0px;margin-left:0px;\"><h1 class=\"title-heading-left fusion-responsive-typography-calculated\" style=\"margin:0;--fontSize:33;line-height:1.45;\"><p style=\"font-size: 28px; color: #512b1c; text-align: left;\">Le prix comprend:<\/p><\/h1><\/div><div class=\"fusion-text fusion-text-5\"><ul style=\"list-style: none; color: #8f5927; font-size: 21px; padding-left: 0px; margin: 0;\">\n<li class=\"estil_guio\">Linge de lit : draps, oreillers et couettes. Une serviette de toilette et une serviette de bain par personne.<\/li>\n<li class=\"estil_guio\">Une serviette de piscine par personne en juillet et ao\u00fbt.<\/li>\n<li class=\"estil_guio\">Tous les ustensiles de cuisine et de nettoyage et les produits de nettoyage de base.<\/li>\n<li class=\"estil_guio\">Bois, \u00e9clairage, eau, gaz et bougies.<\/li>\n<li class=\"estil_guio\">Chauffage<\/li>\n<\/ul>\n<\/div><div class=\"fusion-clearfix\"><\/div><\/div><\/div><\/div><style type=\"text\/css\"><\/style><div class=\"fusion-title title fusion-title-8 fusion-sep-none fusion-title-text fusion-title-size-one\" style=\"margin-top:0px;margin-right:0px;margin-bottom:0px;margin-left:0px;\"><h1 class=\"title-heading-left fusion-responsive-typography-calculated\" style=\"margin:0;--fontSize:33;line-height:1.45;\"><p style=\"text-align: center; font-size: 28px; color: #512b1c;\">Conditions de paiement<\/p><\/h1><\/div><div class=\"fusion-text fusion-text-6\"><p style=\"font-size: 21px; color: #8f5927; text-align: center;\">Un acompte repr\u00e9sentant 25% du montant total du s\u00e9jour est demand\u00e9 pour toute r\u00e9servation. En cas d\u2019annulation moins de 15 jours avant la date pr\u00e9vue d\u2019arriv\u00e9e, la r\u00e9servation ne sera pas rembours\u00e9e. Le paiement peut s\u2019effectuer par virement bancaire ou en esp\u00e8ces.<\/p>\n<p style=\"font-size: 21px; color: #8f5927; text-align: center;\">La taxe de s\u00e9jour (2 \u20ac par personne et par nuit) n&rsquo;est pas comprise dans le prix. Elle est payable en esp\u00e8ces \u00e0 l&rsquo;arriv\u00e9e.<\/p>\n<\/div><style type=\"text\/css\"><\/style><div class=\"fusion-title title fusion-title-9 fusion-sep-none fusion-title-text fusion-title-size-one\" style=\"margin-top:0px;margin-right:0px;margin-bottom:0px;margin-left:0px;\"><h1 class=\"title-heading-left fusion-responsive-typography-calculated\" style=\"margin:0;--fontSize:33;line-height:1.45;\"><p style=\"text-align: center; font-size: 28px; color: #512b1c;\">Quelques normes<\/p><\/h1><\/div><div class=\"fusion-text fusion-text-7\"><p style=\"font-size: 21px; color: #8f5927; text-align: center;\">Il est interdit de fumer \u00e0 l&rsquo;int\u00e9rieur de la maison. Si vous fumez \u00e0 l&rsquo;ext\u00e9rieur, veillez \u00e0 ramasser les m\u00e9gots et \u00e0 les \u00e9teindre correctement. Il est interdit de jeter des p\u00e9tards ou de faire des feux de joie \u00e0 l&rsquo;ext\u00e9rieur (sauf sur le barbecue).<\/p>\n<p style=\"font-size: 21px; color: #8f5927; text-align: center;\">LE RISQUE D\u2019INCENDIE EST \u00c9LEV\u00c9!<br \/>\nLes clients se chargeront d\u2019amener leurs d\u00e9chets \u00e0 Coll de Nargo.<br \/>\nLa piscine est d\u2019usage privatif et nos clients peuvent s\u2019y baigner sous leur enti\u00e8re responsabilit\u00e9. La baignade des animaux de compagnie est strictement interdite. La propri\u00e9t\u00e9 ne peut \u00eatre tenue pour responsable de l\u2019\u00e9tat des routes et des chemins ni des conditions m\u00e9t\u00e9orologiques. Elle d\u00e9cline aussi toute responsabilit\u00e9 en cas de dommages, accident ou pr\u00e9judices que les locataires et leurs animaux de compagnie pourraient souffrir \u00e0 l\u2019int\u00e9rieur ou \u00e0 l\u2019ext\u00e9rieur de la maison.<\/p>\n<\/div><div class=\"fusion-clearfix\"><\/div><\/div><\/div><\/div><\/div>\n","protected":false},"excerpt":{"rendered":"","protected":false},"author":1,"featured_media":0,"parent":0,"menu_order":0,"comment_status":"closed","ping_status":"closed","template":"","meta":{"footnotes":""},"yoast_head":"<!-- This site is optimized with the Yoast SEO plugin v21.6 - https:\/\/yoast.com\/wordpress\/plugins\/seo\/ -->\n<title>Maison de charme dans les Pyr\u00e9n\u00e9es catalanes pour les vacances<\/title>\n<meta name=\"description\" content=\"Un g\u00eete rural isol\u00e9, \u00e9cologique et avec piscine. Coll de Narg\u00f3. Le barrage de Sant Antoni. Parc naturel d\u2019Aig\u00fcestortes et l\u2019\u00e9tang de Sant Maurici.\" \/>\n<meta name=\"robots\" content=\"index, follow, max-snippet:-1, max-image-preview:large, max-video-preview:-1\" \/>\n<link rel=\"canonical\" href=\"https:\/\/pegatera.com\/fr\/prix\/\" \/>\n<meta property=\"og:locale\" content=\"fr_FR\" \/>\n<meta property=\"og:type\" content=\"article\" \/>\n<meta property=\"og:title\" content=\"Maison de charme dans les Pyr\u00e9n\u00e9es catalanes pour les vacances\" \/>\n<meta property=\"og:description\" content=\"Un g\u00eete rural isol\u00e9, \u00e9cologique et avec piscine. Coll de Narg\u00f3. Le barrage de Sant Antoni. Parc naturel d\u2019Aig\u00fcestortes et l\u2019\u00e9tang de Sant Maurici.\" \/>\n<meta property=\"og:url\" content=\"https:\/\/pegatera.com\/fr\/prix\/\" \/>\n<meta property=\"og:site_name\" content=\"La Pegatera - Maison de tourisme rural\" \/>\n<meta property=\"article:publisher\" content=\"https:\/\/www.facebook.com\/La-Pegatera-324631606201\/\" \/>\n<meta property=\"article:modified_time\" content=\"2026-03-31T17:54:39+00:00\" \/>\n<meta name=\"twitter:card\" content=\"summary_large_image\" \/>\n<meta name=\"twitter:label1\" content=\"Dur\u00e9e de lecture estim\u00e9e\" \/>\n\t<meta name=\"twitter:data1\" content=\"5 minutes\" \/>\n<script type=\"application\/ld+json\" class=\"yoast-schema-graph\">{\"@context\":\"https:\/\/schema.org\",\"@graph\":[{\"@type\":\"WebPage\",\"@id\":\"https:\/\/pegatera.com\/fr\/prix\/\",\"url\":\"https:\/\/pegatera.com\/fr\/prix\/\",\"name\":\"Maison de charme dans les Pyr\u00e9n\u00e9es catalanes pour les vacances\",\"isPartOf\":{\"@id\":\"https:\/\/pegatera.com\/#website\"},\"datePublished\":\"2017-04-04T07:40:49+00:00\",\"dateModified\":\"2026-03-31T17:54:39+00:00\",\"description\":\"Un g\u00eete rural isol\u00e9, \u00e9cologique et avec piscine. Coll de Narg\u00f3. Le barrage de Sant Antoni. Parc naturel d\u2019Aig\u00fcestortes et l\u2019\u00e9tang de Sant Maurici.\",\"breadcrumb\":{\"@id\":\"https:\/\/pegatera.com\/fr\/prix\/#breadcrumb\"},\"inLanguage\":\"fr-FR\",\"potentialAction\":[{\"@type\":\"ReadAction\",\"target\":[\"https:\/\/pegatera.com\/fr\/prix\/\"]}]},{\"@type\":\"BreadcrumbList\",\"@id\":\"https:\/\/pegatera.com\/fr\/prix\/#breadcrumb\",\"itemListElement\":[{\"@type\":\"ListItem\",\"position\":1,\"name\":\"Home\",\"item\":\"https:\/\/pegatera.com\/fr\/\"},{\"@type\":\"ListItem\",\"position\":2,\"name\":\"Prix\"}]},{\"@type\":\"WebSite\",\"@id\":\"https:\/\/pegatera.com\/#website\",\"url\":\"https:\/\/pegatera.com\/\",\"name\":\"La Pegatera - Maison de tourisme rural\",\"description\":\"Maison individuelle, tourisme rural Alt Urgell, Coll de Narg\u00f3, Pyr\u00e9n\u00e9es, Lleida. Boumort.\",\"potentialAction\":[{\"@type\":\"SearchAction\",\"target\":{\"@type\":\"EntryPoint\",\"urlTemplate\":\"https:\/\/pegatera.com\/?s={search_term_string}\"},\"query-input\":\"required name=search_term_string\"}],\"inLanguage\":\"fr-FR\"}]}<\/script>\n<!-- \/ Yoast SEO plugin. -->","yoast_head_json":{"title":"Maison de charme dans les Pyr\u00e9n\u00e9es catalanes pour les vacances","description":"Un g\u00eete rural isol\u00e9, \u00e9cologique et avec piscine. Coll de Narg\u00f3. Le barrage de Sant Antoni. Parc naturel d\u2019Aig\u00fcestortes et l\u2019\u00e9tang de Sant Maurici.","robots":{"index":"index","follow":"follow","max-snippet":"max-snippet:-1","max-image-preview":"max-image-preview:large","max-video-preview":"max-video-preview:-1"},"canonical":"https:\/\/pegatera.com\/fr\/prix\/","og_locale":"fr_FR","og_type":"article","og_title":"Maison de charme dans les Pyr\u00e9n\u00e9es catalanes pour les vacances","og_description":"Un g\u00eete rural isol\u00e9, \u00e9cologique et avec piscine. Coll de Narg\u00f3. Le barrage de Sant Antoni. Parc naturel d\u2019Aig\u00fcestortes et l\u2019\u00e9tang de Sant Maurici.","og_url":"https:\/\/pegatera.com\/fr\/prix\/","og_site_name":"La Pegatera - Maison de tourisme rural","article_publisher":"https:\/\/www.facebook.com\/La-Pegatera-324631606201\/","article_modified_time":"2026-03-31T17:54:39+00:00","twitter_card":"summary_large_image","twitter_misc":{"Dur\u00e9e de lecture estim\u00e9e":"5 minutes"},"schema":{"@context":"https:\/\/schema.org","@graph":[{"@type":"WebPage","@id":"https:\/\/pegatera.com\/fr\/prix\/","url":"https:\/\/pegatera.com\/fr\/prix\/","name":"Maison de charme dans les Pyr\u00e9n\u00e9es catalanes pour les vacances","isPartOf":{"@id":"https:\/\/pegatera.com\/#website"},"datePublished":"2017-04-04T07:40:49+00:00","dateModified":"2026-03-31T17:54:39+00:00","description":"Un g\u00eete rural isol\u00e9, \u00e9cologique et avec piscine. Coll de Narg\u00f3. Le barrage de Sant Antoni. Parc naturel d\u2019Aig\u00fcestortes et l\u2019\u00e9tang de Sant Maurici.","breadcrumb":{"@id":"https:\/\/pegatera.com\/fr\/prix\/#breadcrumb"},"inLanguage":"fr-FR","potentialAction":[{"@type":"ReadAction","target":["https:\/\/pegatera.com\/fr\/prix\/"]}]},{"@type":"BreadcrumbList","@id":"https:\/\/pegatera.com\/fr\/prix\/#breadcrumb","itemListElement":[{"@type":"ListItem","position":1,"name":"Home","item":"https:\/\/pegatera.com\/fr\/"},{"@type":"ListItem","position":2,"name":"Prix"}]},{"@type":"WebSite","@id":"https:\/\/pegatera.com\/#website","url":"https:\/\/pegatera.com\/","name":"La Pegatera - Maison de tourisme rural","description":"Maison individuelle, tourisme rural Alt Urgell, Coll de Narg\u00f3, Pyr\u00e9n\u00e9es, Lleida. Boumort.","potentialAction":[{"@type":"SearchAction","target":{"@type":"EntryPoint","urlTemplate":"https:\/\/pegatera.com\/?s={search_term_string}"},"query-input":"required name=search_term_string"}],"inLanguage":"fr-FR"}]}},"_links":{"self":[{"href":"https:\/\/pegatera.com\/fr\/wp-json\/wp\/v2\/pages\/13591"}],"collection":[{"href":"https:\/\/pegatera.com\/fr\/wp-json\/wp\/v2\/pages"}],"about":[{"href":"https:\/\/pegatera.com\/fr\/wp-json\/wp\/v2\/types\/page"}],"author":[{"embeddable":true,"href":"https:\/\/pegatera.com\/fr\/wp-json\/wp\/v2\/users\/1"}],"replies":[{"embeddable":true,"href":"https:\/\/pegatera.com\/fr\/wp-json\/wp\/v2\/comments?post=13591"}],"version-history":[{"count":30,"href":"https:\/\/pegatera.com\/fr\/wp-json\/wp\/v2\/pages\/13591\/revisions"}],"predecessor-version":[{"id":16106,"href":"https:\/\/pegatera.com\/fr\/wp-json\/wp\/v2\/pages\/13591\/revisions\/16106"}],"wp:attachment":[{"href":"https:\/\/pegatera.com\/fr\/wp-json\/wp\/v2\/media?parent=13591"}],"curies":[{"name":"wp","href":"https:\/\/api.w.org\/{rel}","templated":true}]}}